{"id":1539,"date":"2025-07-09T14:34:20","date_gmt":"2025-07-09T12:34:20","guid":{"rendered":"https:\/\/www.readco-ai.eu\/?page_id=1539"},"modified":"2026-01-28T17:40:58","modified_gmt":"2026-01-28T16:40:58","slug":"resources","status":"publish","type":"page","link":"https:\/\/www.readco-ai.eu\/de\/resources\/","title":{"rendered":"Produkte"},"content":{"rendered":"\n<div style=\"height:37px\" aria-hidden=\"true\" class=\"wp-block-spacer\"><\/div>\n\n\n\n<div class=\"wp-block-group alignfull\" style=\"border-style:none;border-width:0px;border-radius:0px;padding-top:var(--wp--preset--spacing--40);padding-right:0;padding-bottom:var(--wp--preset--spacing--40);padding-left:0\"><div class=\"wp-block-group__inner-container is-layout-constrained wp-container-core-group-is-layout-228c4f6c wp-block-group-is-layout-constrained\"><div class=\"alignwide-wrap\" data-block=\"media-text\">\n<div class=\"wp-block-media-text is-stacked-on-mobile\" style=\"grid-template-columns:39% auto\"><figure class=\"wp-block-media-text__media\"><img loading=\"lazy\" decoding=\"async\" width=\"1024\" height=\"1013\" src=\"https:\/\/www.readco-ai.eu\/files\/2026\/01\/wurra-life-on-land2499-1024x1013.jpg\" alt=\"\" class=\"wp-image-2282 size-full\" srcset=\"https:\/\/www.readco-ai.eu\/files\/2026\/01\/wurra-life-on-land2499-1024x1013.jpg 1024w, https:\/\/www.readco-ai.eu\/files\/2026\/01\/wurra-life-on-land2499-300x297.jpg 300w, https:\/\/www.readco-ai.eu\/files\/2026\/01\/wurra-life-on-land2499-768x760.jpg 768w, https:\/\/www.readco-ai.eu\/files\/2026\/01\/wurra-life-on-land2499.jpg 1092w\" sizes=\"auto, (max-width: 1024px) 100vw, 1024px\" \/><\/figure><div class=\"wp-block-media-text__content\">\n<h2 class=\"wp-block-heading has-xl-font-size\"><strong><strong>Erz\u00e4hlungen, \u00dcbersetzungen und P\u00e4dagogik f\u00fcr Lehrende<\/strong><\/strong><\/h2>\n\n\n\n<p style=\"border-radius:10px\">Das zweite Arbeitspaket des Projekts strebt die Erschaffung ansprechender Geschichten an, die inhaltlich von den 17 Nachhaltigkeitszielen der Vereinten Nationen inspiriert sind. Diese Geschichten sollen Englisch-Lernenden ab dem Sprachlevel B2 (Fortgeschritten) dabei helfen, ihr Sprachverst\u00e4ndnis zu vertiefen. Hierzu wird f\u00fcr jede Geschichte eine Reihe an Aufgaben f\u00fcr das Leseverst\u00e4ndnis bereitgestellt, welche auf der Sokratischen Methode beruhen. Zus\u00e4tzlich sollen ein p\u00e4dagogisches Modell sowie Materialien f\u00fcr ein Selbststudium entwickelt werden, welche Englisch-Lehrenden praktisches Material f\u00fcr den Einsatz der Geschichten im Fremdsprachen-Unterricht bieten.<\/p>\n\n\n\n<p><strong><a href=\"https:\/\/www.readco-ai.eu\/de\/pedagogy\/\">\u2192 Mehr erfahren<\/a><\/strong><\/p>\n<\/div><\/div>\n<\/div><\/div><\/div>\n\n\n\n<div class=\"wp-block-group alignfull has-gray-100-background-color has-background\" style=\"border-style:none;border-width:0px;border-radius:0px;padding-top:var(--wp--preset--spacing--40);padding-right:0;padding-bottom:var(--wp--preset--spacing--40);padding-left:0\"><div class=\"wp-block-group__inner-container is-layout-constrained wp-container-core-group-is-layout-228c4f6c wp-block-group-is-layout-constrained\"><div class=\"alignwide-wrap\" data-block=\"media-text\">\n<div class=\"wp-block-media-text has-media-on-the-right is-stacked-on-mobile\" style=\"grid-template-columns:auto 39%\"><div class=\"wp-block-media-text__content\">\n<h2 class=\"wp-block-heading has-xl-font-size\"><strong><strong>Visualisierung der Erz\u00e4hlungen<\/strong><\/strong><\/h2>\n\n\n\n<p style=\"border-radius:10px\">Das dritte Arbeitspaket dreht sich rund um die Visualisierung der 17 Geschichten, die im zweiten Arbeitspaket geschaffen werden. Einige werden als Comics umgesetzt, andere werden animiert. Dabei folgen alle Umsetzungen einem einheitlichen visuellen Schema. Zus\u00e4tzlich sind die Pr\u00e4sentation der Arbeitsaufgaben zum Leseverst\u00e4ndnis sowie die Visualisierung der Webanwendung Teil dieses Arbeitspakets.<\/p>\n<\/div><figure class=\"wp-block-media-text__media\"><img loading=\"lazy\" decoding=\"async\" width=\"1024\" height=\"652\" src=\"https:\/\/www.readco-ai.eu\/files\/2026\/01\/amara-3-1-1024x652.jpg\" alt=\"\" class=\"wp-image-2283 size-full\" srcset=\"https:\/\/www.readco-ai.eu\/files\/2026\/01\/amara-3-1-1024x652.jpg 1024w, https:\/\/www.readco-ai.eu\/files\/2026\/01\/amara-3-1-300x191.jpg 300w, https:\/\/www.readco-ai.eu\/files\/2026\/01\/amara-3-1-768x489.jpg 768w, https:\/\/www.readco-ai.eu\/files\/2026\/01\/amara-3-1-1536x978.jpg 1536w, https:\/\/www.readco-ai.eu\/files\/2026\/01\/amara-3-1-2048x1304.jpg 2048w\" sizes=\"auto, (max-width: 1024px) 100vw, 1024px\" \/><\/figure><\/div>\n<\/div><\/div><\/div>\n\n\n\n<div class=\"wp-block-group\"><div class=\"wp-block-group__inner-container is-layout-constrained wp-block-group-is-layout-constrained\">\n<div class=\"wp-block-buttons is-horizontal is-content-justification-center is-layout-flex wp-container-core-buttons-is-layout-03627597 wp-block-buttons-is-layout-flex\">\n<div class=\"wp-block-button has-custom-width wp-block-button__width-75\"><a class=\"wp-block-button__link has-white-color has-gray-900-background-color has-text-color has-background has-text-align-center wp-element-button\" href=\"https:\/\/www.readco-ai.eu\/de\/comics\/\">ALLE COMICS ANSEHEN \u2192<\/a><\/div>\n<\/div>\n\n\n\n<div style=\"height:7px\" aria-hidden=\"true\" class=\"wp-block-spacer\"><\/div>\n<\/div><\/div>\n\n\n\n<div class=\"wp-block-group alignfull\" style=\"border-style:none;border-width:0px;border-radius:0px;padding-top:var(--wp--preset--spacing--40);padding-right:0;padding-bottom:var(--wp--preset--spacing--40);padding-left:0\"><div class=\"wp-block-group__inner-container is-layout-constrained wp-container-core-group-is-layout-228c4f6c wp-block-group-is-layout-constrained\"><div class=\"alignwide-wrap\" data-block=\"media-text\">\n<div class=\"wp-block-media-text is-stacked-on-mobile\" style=\"grid-template-columns:39% auto\"><figure class=\"wp-block-media-text__media\"><img loading=\"lazy\" decoding=\"async\" width=\"599\" height=\"1024\" src=\"https:\/\/www.readco-ai.eu\/files\/2026\/01\/amara-6-599x1024.jpg\" alt=\"\" class=\"wp-image-2285 size-full\" srcset=\"https:\/\/www.readco-ai.eu\/files\/2026\/01\/amara-6-599x1024.jpg 599w, https:\/\/www.readco-ai.eu\/files\/2026\/01\/amara-6-176x300.jpg 176w, https:\/\/www.readco-ai.eu\/files\/2026\/01\/amara-6-768x1312.jpg 768w, https:\/\/www.readco-ai.eu\/files\/2026\/01\/amara-6-899x1536.jpg 899w, https:\/\/www.readco-ai.eu\/files\/2026\/01\/amara-6-1198x2048.jpg 1198w, https:\/\/www.readco-ai.eu\/files\/2026\/01\/amara-6.jpg 1357w\" sizes=\"auto, (max-width: 599px) 100vw, 599px\" \/><\/figure><div class=\"wp-block-media-text__content\">\n<h2 class=\"wp-block-heading has-xl-font-size\"><strong><strong><strong>Entwicklung einer Webanwendung, inklusive eines KI-Assistenten<\/strong><\/strong><\/strong><\/h2>\n\n\n\n<p style=\"border-radius:10px\">Das vierte Arbeitspaket konzentriert sich auf die Entwicklung einer plattform\u00fcbergreifenden Mobilanwendung. Diese soll sowohl auf PCs als auch auf mobilen Ger\u00e4ten verf\u00fcgbar sein. Diese Anwendung dient der Pr\u00e4sentation der von den 17 Nachhaltigkeitszielen der UNO inspirierten Geschichten in ihrer visuellen Umsetzung als Comic oder Animation, sowie der Aufgaben zum Training des Leseverst\u00e4ndnisses. Zur Unterst\u00fctzung bei diesen Aufgaben soll ein KI-Assistent entwickelt und innerhalb der Anwendung bereit gestellt werden, welcher einen pers\u00f6nlichen Lernbegleiter darstellt.<\/p>\n\n\n\n<p><strong><a href=\"https:\/\/www.readco-ai.eu\/de\/toolkit\/\">\u2192 Mehr erfahren<\/a><\/strong><\/p>\n<\/div><\/div>\n<\/div><\/div><\/div>\n\n\n\n<div class=\"wp-block-group alignfull has-gray-100-background-color has-background\" style=\"border-style:none;border-width:0px;border-radius:0px;padding-top:var(--wp--preset--spacing--40);padding-right:0;padding-bottom:var(--wp--preset--spacing--40);padding-left:0\"><div class=\"wp-block-group__inner-container is-layout-constrained wp-container-core-group-is-layout-228c4f6c wp-block-group-is-layout-constrained\"><div class=\"alignwide-wrap\" data-block=\"media-text\">\n<div class=\"wp-block-media-text has-media-on-the-right is-stacked-on-mobile\" style=\"grid-template-columns:auto 39%\"><div class=\"wp-block-media-text__content\">\n<h2 class=\"wp-block-heading has-xl-font-size\"><strong><strong>Entwicklung eines Massive Open Online Courses (MOOC) f\u00fcr READCO.AI<\/strong><\/strong><\/h2>\n\n\n\n<p style=\"border-radius:10px\">Im f\u00fcnften Arbeitspaket wird ein vierw\u00f6chiger, kostenloser Online-Kurs (MOOC) entwickelt, welcher Einblicke in die theoretischen Grundlagen, praktischen Anwendungsm\u00f6glichkeiten und Entwicklungsprozess von READCO.AI bieten soll. So sollen Beispiele f\u00fcr die Visualisierung der Geschichten sowie die webbasierte Anwendung gezeigt werden. Nach dem Ende des Projekts wird der MOOC weiterhin als Kurs zum Selbststudium zur Verf\u00fcgung stehen. Teilnehmen k\u00f6nnen sowohl Sprachlehrende als auch Lernende, Sprachenthusiast:innen sowie beruflich an KI-basierten Sprachlernprogrammen Interessierte. Unser MOOC soll im ersten Quartal 2027 online gehen.<\/p>\n<\/div><figure class=\"wp-block-media-text__media\"><img loading=\"lazy\" decoding=\"async\" width=\"450\" height=\"606\" src=\"https:\/\/www.readco-ai.eu\/files\/2025\/06\/6-small.png\" alt=\"\" class=\"wp-image-1431 size-full\" srcset=\"https:\/\/www.readco-ai.eu\/files\/2025\/06\/6-small.png 450w, https:\/\/www.readco-ai.eu\/files\/2025\/06\/6-small-223x300.png 223w\" sizes=\"auto, (max-width: 450px) 100vw, 450px\" \/><\/figure><\/div>\n<\/div><\/div><\/div>\n","protected":false},"excerpt":{"rendered":"<div class=\"entry-summary\">\nErz\u00e4hlungen, \u00dcbersetzungen und P\u00e4dagogik f\u00fcr Lehrende Das zweite Arbeitspaket des Projekts strebt die Erschaffung ansprechender Geschichten an, die inhaltlich von den 17 Nachhaltigkeitszielen der Vereinten Nationen inspiriert sind. Diese Geschichten sollen Englisch-Lernenden&hellip;\n<\/div>\n<div class=\"link-more-container\"><a href=\"https:\/\/www.readco-ai.eu\/de\/resources\/\" class=\"link-more button\" aria-label=\"Weiterlesen Produkte\">Weiterlesen &hellip;<\/a><\/div>\n","protected":false},"author":1720,"featured_media":0,"parent":0,"menu_order":0,"comment_status":"closed","ping_status":"closed","template":"","meta":{"_rrze_cache":"enabled","_rrze_multilang_single_locale":"de_DE","_rrze_multilang_single_source":"https:\/\/www.readco-ai.eu\/?page_id=389","footnotes":""},"page_category":[16],"page_tag":[],"class_list":["post-1539","page","type-page","status-publish","hentry","page_category-allgemein","de-DE","entry","entry-type-page"],"_links":{"self":[{"href":"https:\/\/www.readco-ai.eu\/wp-json\/wp\/v2\/pages\/1539","targetHints":{"allow":["GET"]}}],"collection":[{"href":"https:\/\/www.readco-ai.eu\/wp-json\/wp\/v2\/pages"}],"about":[{"href":"https:\/\/www.readco-ai.eu\/wp-json\/wp\/v2\/types\/page"}],"author":[{"embeddable":true,"href":"https:\/\/www.readco-ai.eu\/wp-json\/wp\/v2\/users\/1720"}],"replies":[{"embeddable":true,"href":"https:\/\/www.readco-ai.eu\/wp-json\/wp\/v2\/comments?post=1539"}],"version-history":[{"count":8,"href":"https:\/\/www.readco-ai.eu\/wp-json\/wp\/v2\/pages\/1539\/revisions"}],"predecessor-version":[{"id":2482,"href":"https:\/\/www.readco-ai.eu\/wp-json\/wp\/v2\/pages\/1539\/revisions\/2482"}],"wp:attachment":[{"href":"https:\/\/www.readco-ai.eu\/wp-json\/wp\/v2\/media?parent=1539"}],"wp:term":[{"taxonomy":"page_category","embeddable":true,"href":"https:\/\/www.readco-ai.eu\/wp-json\/wp\/v2\/page_category?post=1539"},{"taxonomy":"page_tag","embeddable":true,"href":"https:\/\/www.readco-ai.eu\/wp-json\/wp\/v2\/page_tag?post=1539"}],"curies":[{"name":"wp","href":"https:\/\/api.w.org\/{rel}","templated":true}]}}