{"id":1541,"date":"2025-07-09T14:36:21","date_gmt":"2025-07-09T12:36:21","guid":{"rendered":"https:\/\/www.readco-ai.eu\/?page_id=1541"},"modified":"2025-08-31T16:28:18","modified_gmt":"2025-08-31T14:28:18","slug":"pedagogy","status":"publish","type":"page","link":"https:\/\/www.readco-ai.eu\/de\/pedagogy\/","title":{"rendered":"P\u00e4dagogik"},"content":{"rendered":"\n<div style=\"height:100px\" aria-hidden=\"true\" class=\"wp-block-spacer\"><\/div>\n\n\n\n<h2 class=\"wp-block-heading has-xl-font-size\"><strong><strong>Eine P\u00e4dagogik zur Verbesserung von kritischem Denken und Empathie mithilfe der Nachhaltigkeitsziele der UN<\/strong><\/strong><\/h2>\n\n\n\n<p>Der p\u00e4dagogische Rahmen von READCO.AI ist darauf zugeschnitten, die F\u00e4higkeiten zum kritischen Denken und zur Empathie zu entwickeln. Daf\u00fcr orientiert er sich an grundlegenden Werten der Vereinten Nationen (UNO) wie Weltb\u00fcrgerschaft, nachhaltige Entwicklung und Menschenrechte. Diese Herangehensweise operiert auf zwei miteinander zusammenh\u00e4ngenden Ebenen: der Makro-Ebene, auf der die \u00fcbergreifenden Ziele und der Rahmen etabliert werden, und der Mikro-Ebene, welche die spezifischen Methoden, die zur Anwendung kommen, benennt.<\/p>\n\n\n\n<div class=\"wp-block-group alignfull has-gray-100-background-color has-background\"><div class=\"wp-block-group__inner-container is-layout-constrained wp-block-group-is-layout-constrained\"><div class=\"alignwide-wrap\" data-block=\"columns\">\n<div class=\"wp-block-columns alignwide are-vertically-aligned-center has-white-background-color has-background\" style=\"border-radius:10px\">\n<div class=\"wp-block-column is-vertically-aligned-center\" style=\"flex-basis:25%\">\n<p>Auf der Makro-Ebene priorisiert die READCO.AI P\u00e4dagogik die Entwicklung von kritischem Denken und Empathie. Die Orientierung am Wertekatalog der UNO soll ein Gef\u00fchl der globalen Verantwortlichkeit und Verbindung schaffen.<\/p>\n<\/div>\n\n\n\n<div class=\"wp-block-column is-vertically-aligned-center\" style=\"flex-basis:50%\">\n<figure class=\"wp-block-image size-full\"><img loading=\"lazy\" decoding=\"async\" width=\"602\" height=\"678\" src=\"https:\/\/www.readco-ai.eu\/files\/2025\/06\/Picture.png\" alt=\"\" class=\"wp-image-1298\" srcset=\"https:\/\/www.readco-ai.eu\/files\/2025\/06\/Picture.png 602w, https:\/\/www.readco-ai.eu\/files\/2025\/06\/Picture-266x300.png 266w\" sizes=\"auto, (max-width: 602px) 100vw, 602px\" \/><\/figure>\n<\/div>\n\n\n\n<div class=\"wp-block-column is-vertically-aligned-center\" style=\"flex-basis:25%\">\n<p>Auf der Mikro-Ebene werden haupts\u00e4chlich zwei Methoden angewendet:<\/p>\n\n\n\n<ol class=\"wp-block-list\">\n<li><strong>Visuelles Erz\u00e4hlen<\/strong>, basierend auf neurologischen Prinzipien zur Schaffung eines emotionalen Engagements.<\/li>\n\n\n\n<li><strong>Sokratischer Dialog<\/strong>, f\u00fcr den eine KI-Assistenz als Partner bereitsteht. Dies soll zur Reflexion anregen und so letztlich zu einem tieferen Verst\u00e4ndnis f\u00fcr andere Menschen sowie menschliche Verbindung beitragen.<\/li>\n<\/ol>\n<\/div>\n<\/div>\n<\/div><\/div><\/div>\n\n\n\n<p style=\"border-radius:10px\">Ein zentrales Mittel des Erz\u00e4hlens bei READCO.AI ist das Konzept der emotionalen Ansteckung \u2013 der Prozess der Emotions\u00fcbermittlung zwischen Individuen \u2013 die durch die Aktivierung von Spiegelneuronen im Gehirn entsteht. Dieser neurologische Mechanismus soll es den Rezipient:innen erm\u00f6glichen, empathische Reaktionen zu simulieren und so emotionale Erfahrungen nachempfinden zu k\u00f6nnen. Im Kontext des Erlernens von Fremdsprachen nutzen unsere Erz\u00e4hlungen also neurologische Prinzipien, um die F\u00e4higkeit zur Empathie zu verbessern. Dazu werden die verwendeten Ausdr\u00fccke sehr sorgf\u00e4ltig ausgew\u00e4hlt, um emotionale Zust\u00e4nde abzubilden und die sensorimotorische Resonanz des Gehirns anzusprechen, ein Prozess, in dem das Gehirn automatisch und zumeist unterbewusst die Handlungen und Emotionen anderer spiegelt. Die begleitenden visuellen Elemente dienen dem gleichen Zweck, die emotionale Involvierung und das empathische Verst\u00e4ndnis zu festigen.<\/p>\n\n\n\n<p style=\"border-radius:10px\">Der Sokratische Dialog, der durch einen eigens entwickelten KI-Assistenten erm\u00f6glicht wird, unterst\u00fctzt diese Herangehensweise, indem der Fokus auf das Erkennen emotionaler Realit\u00e4ten sowie das kritische Hinterfragen sozialer Realit\u00e4ten gelenkt wird. Dabei dienen die 17 von der UNO definierten Ziele zur nachhaltigen Entwicklung als Grundlage. Diese Methode ermutigt Lernende soziale Herausforderungen kritisch zu reflektieren, indem das empathische Verst\u00e4ndnis verschiedener Perspektiven geschult wird, was der Vision der UNO von einer nachhaltigen und inklusiven Entwicklung unserer Welt entspricht. <\/p>\n\n\n\n<p>Zusammen ergeben diese Strategien ein stabiles p\u00e4dagogisches Modell, das nicht nur zum Verst\u00e4ndnis von Fremdsprachen beitr\u00e4gt, sondern auch die kognitiven und emotionalen Kompetenzen schult, die f\u00fcr die Umsetzung des Konzepts der Weltb\u00fcrgerschaft unerl\u00e4sslich sind.<\/p>\n","protected":false},"excerpt":{"rendered":"<div class=\"entry-summary\">\nEine P\u00e4dagogik zur Verbesserung von kritischem Denken und Empathie mithilfe der Nachhaltigkeitsziele der UN Der p\u00e4dagogische Rahmen von READCO.AI ist darauf zugeschnitten, die F\u00e4higkeiten zum kritischen Denken und zur Empathie zu entwickeln.&hellip;\n<\/div>\n<div class=\"link-more-container\"><a href=\"https:\/\/www.readco-ai.eu\/de\/pedagogy\/\" class=\"link-more button\" aria-label=\"Weiterlesen P\u00e4dagogik\">Weiterlesen &hellip;<\/a><\/div>\n","protected":false},"author":1720,"featured_media":0,"parent":0,"menu_order":0,"comment_status":"closed","ping_status":"closed","template":"","meta":{"_rrze_cache":"enabled","_rrze_multilang_single_locale":"de_DE","_rrze_multilang_single_source":"https:\/\/www.readco-ai.eu\/?page_id=1041","footnotes":""},"page_category":[],"page_tag":[],"class_list":["post-1541","page","type-page","status-publish","hentry","de-DE","entry","entry-type-page"],"_links":{"self":[{"href":"https:\/\/www.readco-ai.eu\/wp-json\/wp\/v2\/pages\/1541","targetHints":{"allow":["GET"]}}],"collection":[{"href":"https:\/\/www.readco-ai.eu\/wp-json\/wp\/v2\/pages"}],"about":[{"href":"https:\/\/www.readco-ai.eu\/wp-json\/wp\/v2\/types\/page"}],"author":[{"embeddable":true,"href":"https:\/\/www.readco-ai.eu\/wp-json\/wp\/v2\/users\/1720"}],"replies":[{"embeddable":true,"href":"https:\/\/www.readco-ai.eu\/wp-json\/wp\/v2\/comments?post=1541"}],"version-history":[{"count":5,"href":"https:\/\/www.readco-ai.eu\/wp-json\/wp\/v2\/pages\/1541\/revisions"}],"predecessor-version":[{"id":1969,"href":"https:\/\/www.readco-ai.eu\/wp-json\/wp\/v2\/pages\/1541\/revisions\/1969"}],"wp:attachment":[{"href":"https:\/\/www.readco-ai.eu\/wp-json\/wp\/v2\/media?parent=1541"}],"wp:term":[{"taxonomy":"page_category","embeddable":true,"href":"https:\/\/www.readco-ai.eu\/wp-json\/wp\/v2\/page_category?post=1541"},{"taxonomy":"page_tag","embeddable":true,"href":"https:\/\/www.readco-ai.eu\/wp-json\/wp\/v2\/page_tag?post=1541"}],"curies":[{"name":"wp","href":"https:\/\/api.w.org\/{rel}","templated":true}]}}