{"id":1543,"date":"2025-07-09T14:36:40","date_gmt":"2025-07-09T12:36:40","guid":{"rendered":"https:\/\/www.readco-ai.eu\/?page_id=1543"},"modified":"2025-08-31T16:28:18","modified_gmt":"2025-08-31T14:28:18","slug":"toolkit","status":"publish","type":"page","link":"https:\/\/www.readco-ai.eu\/de\/toolkit\/","title":{"rendered":"Handbuch"},"content":{"rendered":"\n<div style=\"height:100px\" aria-hidden=\"true\" class=\"wp-block-spacer\"><\/div>\n\n\n\n<div class=\"wp-block-group alignfull has-gray-100-background-color has-background\"><div class=\"wp-block-group__inner-container is-layout-constrained wp-block-group-is-layout-constrained\">\n<div class=\"wp-block-group has-white-background-color has-background\" style=\"border-radius:10px\"><div class=\"wp-block-group__inner-container is-layout-constrained wp-block-group-is-layout-constrained\">\n<h2 class=\"wp-block-heading has-xxl-font-size\"><strong><strong>Handbuch zur Sokratischen Methode<\/strong><\/strong><\/h2>\n\n\n\n<p>Dieses Handbuch wurde darauf zugeschnitten, Lehrende und Lernende dabei zu unterst\u00fctzen, Sokratisches Denken in ihrem Sprachlernprozess und ihren Erz\u00e4hlungen anzuwenden. Dabei werden sie von verschiedenen KI-Tools wie ChatGPT, NotebookLM, Socrat.ai und Gemini unterst\u00fctzt. Es vereint strukturierte Strategien, Beispiele f\u00fcr Prompts und klassenzimmerfertige Vorlagen, um kritisches Nachfragen, reflektiertes Schreiben und kreativen Ausdruck zu f\u00f6rdern, statt sich auf vorgefertigte Antworten zu verlassen.<\/p>\n\n\n\n<div class=\"wp-block-buttons is-content-justification-right is-layout-flex wp-container-core-buttons-is-layout-d445cf74 wp-block-buttons-is-layout-flex\">\n<div class=\"wp-block-button is-style-secondary\"><a class=\"wp-block-button__link has-white-color has-secondary-background-color has-text-color has-background has-link-color has-text-align-center wp-element-button\" href=\"https:\/\/www.readco-ai.eu\/files\/2025\/08\/READCO-AI_Toolkit-Socratic-Method.pdf\">Kostenlos downloaden (Englisch)<\/a><\/div>\n<\/div>\n<\/div><\/div>\n\n\n\n<div class=\"wp-block-group has-white-background-color has-background\" style=\"border-radius:10px\"><div class=\"wp-block-group__inner-container is-layout-constrained wp-block-group-is-layout-constrained\">\n<h2 class=\"wp-block-heading has-xxl-font-size\"><strong><strong>READCO.AI\u2019s Handbuch f\u00fcr Prompt-Engineering<\/strong><\/strong><\/h2>\n\n\n\n<p style=\"border-radius:10px\">Prompt-Engineering \u2013 die Wissenschaft hinter dem bestm\u00f6glichen Input f\u00fcr eine Generative KI \u2013 ist schnell zu einer entscheidenden F\u00e4higkeit bei der Nutzung von diversen sprachbasierten KI-Anwendungen (LLMs) geworden. Mit der Popularisierung von generativer KI haben sowohl Nutzer:innen als auch Wissenschaftler:innen erkannt, dass die Qualit\u00e4t KI-generierter Inhalte nicht nur vom genutzten Modell und Datensatz abh\u00e4ngt, sondern auch von der Kreativit\u00e4t, Deutlichkeit und dem strategischen Aufbau des Inputs (Prompts). Dieses Handbuch eine strukturierte Herangehensweise an das Thema und veranschaulicht, wie Prompts mit dem Ziel der bestm\u00f6glichen Nutzung diverser KI-Modelle entworfen werden k\u00f6nnen. Dabei werden auch p\u00e4dagogische Ziele wie das Erlernen einer Fremdsprache, die Ermutigung zum Sokratischen Nachfragen sowie die Vermittlung nachhaltiger Entwicklungsziele ber\u00fccksichtigt.<\/p>\n\n\n\n<div class=\"wp-block-buttons is-content-justification-right is-layout-flex wp-container-core-buttons-is-layout-d445cf74 wp-block-buttons-is-layout-flex\">\n<div class=\"wp-block-button is-style-secondary\"><a class=\"wp-block-button__link has-white-color has-secondary-background-color has-text-color has-background has-link-color has-text-align-center wp-element-button\" href=\"https:\/\/www.readco-ai.eu\/files\/2025\/05\/READCO-AI_Prompt-Engineering-Guide.pdf\">Kostenlos downloaden (Englisch)<\/a><\/div>\n<\/div>\n<\/div><\/div>\n<\/div><\/div>\n\n\n\n<div class=\"wp-block-group alignfull\" style=\"padding-bottom:var(--wp--preset--spacing--40)\"><div class=\"wp-block-group__inner-container is-layout-constrained wp-block-group-is-layout-constrained\">\n<h2 class=\"wp-block-heading has-xxl-font-size\">A Brief Introduction to GenAI Tools<\/h2>\n\n\n\n<p style=\"border-radius:10px\">Dieses Handbuch bietet eine verst\u00e4ndliche, umfassende Einf\u00fchrung in die Welt der generativen KI-Tools.<\/p>\n\n\n\n<div class=\"wp-block-buttons is-content-justification-right is-layout-flex wp-container-core-buttons-is-layout-d445cf74 wp-block-buttons-is-layout-flex\">\n<div class=\"wp-block-button is-style-secondary\"><a class=\"wp-block-button__link has-white-color has-secondary-background-color has-text-color has-background has-link-color wp-element-button\" href=\"https:\/\/www.readco-ai.eu\/files\/2025\/06\/READCO-AI_Toolkit01.pdf\">Kostenlos downloaden (Englisch)<\/a><\/div>\n<\/div>\n<\/div><\/div>\n","protected":false},"excerpt":{"rendered":"<div class=\"entry-summary\">\nHandbuch zur Sokratischen Methode Dieses Handbuch wurde darauf zugeschnitten, Lehrende und Lernende dabei zu unterst\u00fctzen, Sokratisches Denken in ihrem Sprachlernprozess und ihren Erz\u00e4hlungen anzuwenden. Dabei werden sie von verschiedenen KI-Tools wie ChatGPT,&hellip;\n<\/div>\n<div class=\"link-more-container\"><a href=\"https:\/\/www.readco-ai.eu\/de\/toolkit\/\" class=\"link-more button\" aria-label=\"Weiterlesen Handbuch\">Weiterlesen &hellip;<\/a><\/div>\n","protected":false},"author":1720,"featured_media":0,"parent":0,"menu_order":0,"comment_status":"closed","ping_status":"closed","template":"","meta":{"_rrze_cache":"enabled","_rrze_multilang_single_locale":"de_DE","_rrze_multilang_single_source":"https:\/\/www.readco-ai.eu\/?page_id=1045","footnotes":""},"page_category":[],"page_tag":[],"class_list":["post-1543","page","type-page","status-publish","hentry","de-DE","entry","entry-type-page"],"_links":{"self":[{"href":"https:\/\/www.readco-ai.eu\/wp-json\/wp\/v2\/pages\/1543","targetHints":{"allow":["GET"]}}],"collection":[{"href":"https:\/\/www.readco-ai.eu\/wp-json\/wp\/v2\/pages"}],"about":[{"href":"https:\/\/www.readco-ai.eu\/wp-json\/wp\/v2\/types\/page"}],"author":[{"embeddable":true,"href":"https:\/\/www.readco-ai.eu\/wp-json\/wp\/v2\/users\/1720"}],"replies":[{"embeddable":true,"href":"https:\/\/www.readco-ai.eu\/wp-json\/wp\/v2\/comments?post=1543"}],"version-history":[{"count":8,"href":"https:\/\/www.readco-ai.eu\/wp-json\/wp\/v2\/pages\/1543\/revisions"}],"predecessor-version":[{"id":2007,"href":"https:\/\/www.readco-ai.eu\/wp-json\/wp\/v2\/pages\/1543\/revisions\/2007"}],"wp:attachment":[{"href":"https:\/\/www.readco-ai.eu\/wp-json\/wp\/v2\/media?parent=1543"}],"wp:term":[{"taxonomy":"page_category","embeddable":true,"href":"https:\/\/www.readco-ai.eu\/wp-json\/wp\/v2\/page_category?post=1543"},{"taxonomy":"page_tag","embeddable":true,"href":"https:\/\/www.readco-ai.eu\/wp-json\/wp\/v2\/page_tag?post=1543"}],"curies":[{"name":"wp","href":"https:\/\/api.w.org\/{rel}","templated":true}]}}