{"id":2214,"date":"2026-01-12T21:07:57","date_gmt":"2026-01-12T20:07:57","guid":{"rendered":"https:\/\/www.readco-ai.eu\/?page_id=2214"},"modified":"2026-03-22T13:33:20","modified_gmt":"2026-03-22T12:33:20","slug":"home","status":"publish","type":"page","link":"https:\/\/www.readco-ai.eu\/","title":{"rendered":"Accueil"},"content":{"rendered":"\n<div style=\"height:0px\" aria-hidden=\"true\" class=\"wp-block-spacer\"><\/div>\n\n\n\n<div class=\"wp-block-group alignfull is-style-default has-white-color has-primary-background-color has-text-color has-background\" style=\"margin-top:0;margin-bottom:0;padding-top:var(--wp--preset--spacing--20);padding-right:0;padding-bottom:0.44rem;padding-left:0\"><div class=\"wp-block-group__inner-container is-layout-flow wp-container-core-group-is-layout-74a7b15e wp-block-group-is-layout-flow\">\n<div style=\"height:59px\" aria-hidden=\"true\" class=\"wp-block-spacer\"><\/div>\n\n\n<div class=\"wp-block-image is-style-default\">\n<figure class=\"aligncenter size-full is-resized has-custom-border\" style=\"margin-top:0;margin-bottom:0\"><img loading=\"lazy\" decoding=\"async\" width=\"2469\" height=\"2469\" src=\"https:\/\/www.readco-ai.eu\/files\/2026\/03\/home-blink-big-size-1.jpg\" alt=\"\" class=\"wp-image-2733\" style=\"border-style:none;border-width:0px;aspect-ratio:1;object-fit:cover;width:450px\" srcset=\"https:\/\/www.readco-ai.eu\/files\/2026\/03\/home-blink-big-size-1.jpg 2469w, https:\/\/www.readco-ai.eu\/files\/2026\/03\/home-blink-big-size-1-300x300.jpg 300w, https:\/\/www.readco-ai.eu\/files\/2026\/03\/home-blink-big-size-1-1024x1024.jpg 1024w, https:\/\/www.readco-ai.eu\/files\/2026\/03\/home-blink-big-size-1-150x150.jpg 150w, https:\/\/www.readco-ai.eu\/files\/2026\/03\/home-blink-big-size-1-768x768.jpg 768w, https:\/\/www.readco-ai.eu\/files\/2026\/03\/home-blink-big-size-1-1536x1536.jpg 1536w, https:\/\/www.readco-ai.eu\/files\/2026\/03\/home-blink-big-size-1-2048x2048.jpg 2048w\" sizes=\"auto, (max-width: 2469px) 100vw, 2469px\" \/><\/figure>\n<\/div>\n\n\n<div style=\"height:87px\" aria-hidden=\"true\" class=\"wp-block-spacer\"><\/div>\n\n\n\n<div class=\"wp-block-buttons is-content-justification-center is-layout-flex wp-container-core-buttons-is-layout-a89b3969 wp-block-buttons-is-layout-flex\">\n<div class=\"wp-block-button has-custom-width wp-block-button__width-25 is-style-outline is-style-outline--1\"><a class=\"wp-block-button__link has-gray-900-background-color has-background has-s-font-size has-custom-font-size wp-element-button\" href=\"https:\/\/www.readco-ai.eu\/fr\/about\">Qui sommes-nous \u2192<\/a><\/div>\n<\/div>\n\n\n\n<div style=\"height:66px\" aria-hidden=\"true\" class=\"wp-block-spacer\"><\/div>\n<\/div><\/div>\n\n\n\n<div style=\"height:178px\" aria-hidden=\"true\" class=\"wp-block-spacer\"><\/div>\n\n\n\n<div class=\"wp-block-group alignfull is-vertical is-content-justification-center is-layout-flex wp-container-core-group-is-layout-6c9021f7 wp-block-group-is-layout-flex\" style=\"padding-top:var(--wp--preset--spacing--60);padding-bottom:0\">\n<h2 class=\"wp-block-heading has-xxxl-font-size\">Qui sommes-nous<\/h2>\n\n\n\n<div class=\"wp-block-columns are-vertically-aligned-center\">\n<div class=\"wp-block-column is-vertically-aligned-center\" style=\"flex-basis:100%\">\n<figure class=\"wp-block-image size-large\"><img loading=\"lazy\" decoding=\"async\" width=\"1024\" height=\"485\" src=\"https:\/\/www.readco-ai.eu\/files\/2025\/05\/PHOTO-2025-01-17-13-03-07-1024x485.jpg\" alt=\"\" class=\"wp-image-1105\" srcset=\"https:\/\/www.readco-ai.eu\/files\/2025\/05\/PHOTO-2025-01-17-13-03-07-1024x485.jpg 1024w, https:\/\/www.readco-ai.eu\/files\/2025\/05\/PHOTO-2025-01-17-13-03-07-300x142.jpg 300w, https:\/\/www.readco-ai.eu\/files\/2025\/05\/PHOTO-2025-01-17-13-03-07-768x364.jpg 768w, https:\/\/www.readco-ai.eu\/files\/2025\/05\/PHOTO-2025-01-17-13-03-07-1536x728.jpg 1536w, https:\/\/www.readco-ai.eu\/files\/2025\/05\/PHOTO-2025-01-17-13-03-07-2048x970.jpg 2048w\" sizes=\"auto, (max-width: 1024px) 100vw, 1024px\" \/><\/figure>\n<\/div>\n<\/div>\n\n\n\n<div class=\"wp-block-columns are-vertically-aligned-center\">\n<div class=\"wp-block-column is-vertically-aligned-center\" style=\"flex-basis:40%\">\n<p>Nous sommes un groupe diversifi\u00e9 de chercheurs dans diverses domaines . Nous<br>travaillons dans cinq institutions diff\u00e9rentes dans quatre pays diff\u00e9rents \u00e0 travers l&rsquo;Europe.<\/p>\n\n\n\n<p><strong><a href=\"https:\/\/www.readco-ai.eu\/fr\/team\/\">\u2192 plus sur nous<\/a><\/strong><\/p>\n<\/div>\n<\/div>\n\n\n\n<div class=\"wp-block-columns are-vertically-aligned-center\">\n<div class=\"wp-block-column is-vertically-aligned-center\">\n<figure class=\"wp-block-image size-full\"><a href=\"https:\/\/www.fau.eu\"><img loading=\"lazy\" decoding=\"async\" width=\"706\" height=\"336\" src=\"https:\/\/www.readco-ai.eu\/files\/2025\/02\/FAU_Kernmarke_H_RGB_blue.png\" alt=\"\" class=\"wp-image-332\" srcset=\"https:\/\/www.readco-ai.eu\/files\/2025\/02\/FAU_Kernmarke_H_RGB_blue.png 706w, https:\/\/www.readco-ai.eu\/files\/2025\/02\/FAU_Kernmarke_H_RGB_blue-300x143.png 300w\" sizes=\"auto, (max-width: 706px) 100vw, 706px\" \/><\/a><\/figure>\n<\/div>\n\n\n\n<div class=\"wp-block-column is-vertically-aligned-center\">\n<figure class=\"wp-block-image size-large\"><a href=\"https:\/\/www.anadolu.edu.tr\/en\"><img loading=\"lazy\" decoding=\"async\" width=\"1024\" height=\"416\" src=\"https:\/\/www.readco-ai.eu\/files\/2025\/02\/Anadolu-1024x416.png\" alt=\"\" class=\"wp-image-333\" srcset=\"https:\/\/www.readco-ai.eu\/files\/2025\/02\/Anadolu-1024x416.png 1024w, https:\/\/www.readco-ai.eu\/files\/2025\/02\/Anadolu-300x122.png 300w, https:\/\/www.readco-ai.eu\/files\/2025\/02\/Anadolu-768x312.png 768w, https:\/\/www.readco-ai.eu\/files\/2025\/02\/Anadolu.png 1166w\" sizes=\"auto, (max-width: 1024px) 100vw, 1024px\" \/><\/a><\/figure>\n<\/div>\n\n\n\n<div class=\"wp-block-column is-vertically-aligned-center\">\n<figure class=\"wp-block-image size-full\"><a href=\"https:\/\/vfu.bg\/en\/\"><img loading=\"lazy\" decoding=\"async\" width=\"600\" height=\"270\" src=\"https:\/\/www.readco-ai.eu\/files\/2025\/02\/VFU.jpg\" alt=\"\" class=\"wp-image-334\" srcset=\"https:\/\/www.readco-ai.eu\/files\/2025\/02\/VFU.jpg 600w, https:\/\/www.readco-ai.eu\/files\/2025\/02\/VFU-300x135.jpg 300w\" sizes=\"auto, (max-width: 600px) 100vw, 600px\" \/><\/a><\/figure>\n<\/div>\n\n\n\n<div class=\"wp-block-column is-vertically-aligned-center\">\n<figure class=\"wp-block-image size-large\"><a href=\"https:\/\/www.uniwa.gr\/en\/\"><img loading=\"lazy\" decoding=\"async\" width=\"1024\" height=\"311\" src=\"https:\/\/www.readco-ai.eu\/files\/2025\/02\/UNIWA-1024x311.png\" alt=\"\" class=\"wp-image-335\" srcset=\"https:\/\/www.readco-ai.eu\/files\/2025\/02\/UNIWA-1024x311.png 1024w, https:\/\/www.readco-ai.eu\/files\/2025\/02\/UNIWA-300x91.png 300w, https:\/\/www.readco-ai.eu\/files\/2025\/02\/UNIWA-768x233.png 768w, https:\/\/www.readco-ai.eu\/files\/2025\/02\/UNIWA-1536x466.png 1536w, https:\/\/www.readco-ai.eu\/files\/2025\/02\/UNIWA-2048x621.png 2048w\" sizes=\"auto, (max-width: 1024px) 100vw, 1024px\" \/><\/a><\/figure>\n<\/div>\n\n\n\n<div class=\"wp-block-column is-vertically-aligned-center\">\n<figure class=\"wp-block-image size-full\"><a href=\"https:\/\/sites.google.com\/view\/themeli-languages\"><img loading=\"lazy\" decoding=\"async\" width=\"415\" height=\"276\" src=\"https:\/\/www.readco-ai.eu\/files\/2025\/02\/Themeli.png\" alt=\"\" class=\"wp-image-336\" srcset=\"https:\/\/www.readco-ai.eu\/files\/2025\/02\/Themeli.png 415w, https:\/\/www.readco-ai.eu\/files\/2025\/02\/Themeli-300x200.png 300w\" sizes=\"auto, (max-width: 415px) 100vw, 415px\" \/><\/a><\/figure>\n<\/div>\n<\/div>\n<\/div>\n\n\n\n<div class=\"wp-block-group alignfull has-gray-100-background-color has-background\"><div class=\"wp-block-group__inner-container is-layout-constrained wp-block-group-is-layout-constrained\">\n<h2 class=\"wp-block-heading has-text-align-center has-xxl-font-size\">Les derniers d\u00e9veloppements sur READCO.AI<\/h2>\n\n\n<ul style=\"background-color:#f2f1f1; border-radius:0px;border-style:none;border-width:0px;\" class=\"wp-block-latest-posts__list has-dates is-style-blog-like wp-block-latest-posts has-background\"><li><div class=\"wp-block-latest-posts__featured-image\"><img loading=\"lazy\" decoding=\"async\" width=\"985\" height=\"644\" src=\"https:\/\/www.readco-ai.eu\/files\/2026\/03\/Screenshot-2026-03-03-192047.png\" class=\"attachment-large size-large wp-post-image\" alt=\"\" style=\"\" srcset=\"https:\/\/www.readco-ai.eu\/files\/2026\/03\/Screenshot-2026-03-03-192047.png 985w, https:\/\/www.readco-ai.eu\/files\/2026\/03\/Screenshot-2026-03-03-192047-300x196.png 300w, https:\/\/www.readco-ai.eu\/files\/2026\/03\/Screenshot-2026-03-03-192047-768x502.png 768w\" sizes=\"auto, (max-width: 985px) 100vw, 985px\" \/><\/div><a class=\"wp-block-latest-posts__post-title\" href=\"https:\/\/www.readco-ai.eu\/fr\/first-readco-ai-stories-published\/\">Premi\u00e8res histoires Readco.AI publi\u00e9es<\/a><div class=\"entry-meta\"><time datetime=\"2026-03-05T21:34:23+01:00\" class=\"wp-block-latest-posts__post-date\">5. mars 2026<\/time><\/div><div class=\"wp-block-latest-posts__post-excerpt\"><div class=\"entry-summary\">\nNous sommes heureux de partager avec vous que certaines des histoires que nous avons cr\u00e9\u00e9es ont d\u00e9j\u00e0 \u00e9t\u00e9 mises en images. N\u2019h\u00e9sitez pas \u00e0 d\u00e9couvrir nos charmantes bandes dessin\u00e9es et animations: https:\/\/www.readco-ai.eu\/comics\/ Toutes les histoires suivent une structure narrative qui&hellip;\n<\/div><div class=\"link-more-container\"><a href=\"https:\/\/www.readco-ai.eu\/fr\/first-readco-ai-stories-published\/\" class=\"link-more button\" aria-label=\"Continue reading Premi\u00e8res histoires Readco.AI publi\u00e9es\">Continue reading&hellip;<\/a><\/div><\/div><\/li>\n<\/ul>\n\n\n<p><a href=\"https:\/\/www.readco-ai.eu\/ai-fellows\/\"><strong>\u2192 Older News<\/strong><\/a><\/p>\n<\/div><\/div>\n\n\n\n<div class=\"wp-block-group alignfull has-background\" style=\"background:linear-gradient(180deg,rgb(246,240,240) 0%,rgba(0,0,0,0) 100%)\"><div class=\"wp-block-group__inner-container is-layout-constrained wp-block-group-is-layout-constrained\">\n<p style=\"font-style:normal;font-weight:600\">Vous souhaitez recevoir les mises \u00e0 jour sur READCO.AI directement dans votre bo\u00eete de r\u00e9ception ?<\/p>\n\n\n\n<h2 class=\"wp-block-heading is-style-no-margin-vertical has-xxl-font-size\" style=\"padding-bottom:var(--wp--preset--spacing--30)\">Abonnez-vous \u00e0 notre newsletter !<\/h2>\n\n\n<form action=\"https:\/\/www.readco-ai.eu\/wp-json\/ws-form\/v1\/submit\" class=\"wsf-form wsf-form-canvas\" id=\"ws-form-1\" data-id=\"14\" method=\"POST\" data-instance-id=\"1\" data-wsf-style-id=\"1\"><\/form><\/div><\/div>\n\n\n\n<p><\/p>\n","protected":false},"excerpt":{"rendered":"<div class=\"entry-summary\">\nQui sommes-nous Nous sommes un groupe diversifi\u00e9 de chercheurs dans diverses domaines . Noustravaillons dans cinq institutions diff\u00e9rentes dans quatre pays diff\u00e9rents \u00e0 travers l&rsquo;Europe. \u2192 plus sur nous Les derniers d\u00e9veloppements&hellip;\n<\/div>\n<div class=\"link-more-container\"><a href=\"https:\/\/www.readco-ai.eu\/\" class=\"link-more button\" aria-label=\"Continue reading Accueil\">Continue reading&hellip;<\/a><\/div>\n","protected":false},"author":5674,"featured_media":0,"parent":0,"menu_order":0,"comment_status":"closed","ping_status":"closed","template":"","meta":{"_rrze_cache":"enabled","_rrze_multilang_single_locale":"fr_FR","_rrze_multilang_single_source":"https:\/\/www.readco-ai.eu\/?page_id=319","footnotes":""},"page_category":[14],"page_tag":[],"class_list":["post-2214","page","type-page","status-publish","hentry","page_category-general","fr-FR","entry","entry-type-page"],"_links":{"self":[{"href":"https:\/\/www.readco-ai.eu\/wp-json\/wp\/v2\/pages\/2214","targetHints":{"allow":["GET"]}}],"collection":[{"href":"https:\/\/www.readco-ai.eu\/wp-json\/wp\/v2\/pages"}],"about":[{"href":"https:\/\/www.readco-ai.eu\/wp-json\/wp\/v2\/types\/page"}],"author":[{"embeddable":true,"href":"https:\/\/www.readco-ai.eu\/wp-json\/wp\/v2\/users\/5674"}],"replies":[{"embeddable":true,"href":"https:\/\/www.readco-ai.eu\/wp-json\/wp\/v2\/comments?post=2214"}],"version-history":[{"count":7,"href":"https:\/\/www.readco-ai.eu\/wp-json\/wp\/v2\/pages\/2214\/revisions"}],"predecessor-version":[{"id":2771,"href":"https:\/\/www.readco-ai.eu\/wp-json\/wp\/v2\/pages\/2214\/revisions\/2771"}],"wp:attachment":[{"href":"https:\/\/www.readco-ai.eu\/wp-json\/wp\/v2\/media?parent=2214"}],"wp:term":[{"taxonomy":"page_category","embeddable":true,"href":"https:\/\/www.readco-ai.eu\/wp-json\/wp\/v2\/page_category?post=2214"},{"taxonomy":"page_tag","embeddable":true,"href":"https:\/\/www.readco-ai.eu\/wp-json\/wp\/v2\/page_tag?post=2214"}],"curies":[{"name":"wp","href":"https:\/\/api.w.org\/{rel}","templated":true}]}}