{"id":2218,"date":"2026-01-12T21:18:02","date_gmt":"2026-01-12T20:18:02","guid":{"rendered":"https:\/\/www.readco-ai.eu\/?page_id=2218"},"modified":"2026-01-27T12:00:08","modified_gmt":"2026-01-27T11:00:08","slug":"resources","status":"publish","type":"page","link":"https:\/\/www.readco-ai.eu\/fr\/resources\/","title":{"rendered":"R\u00e9sultats"},"content":{"rendered":"\n<div style=\"height:37px\" aria-hidden=\"true\" class=\"wp-block-spacer\"><\/div>\n\n\n\n<div class=\"wp-block-group\"><div class=\"wp-block-group__inner-container is-layout-constrained wp-block-group-is-layout-constrained\">\n<h4 class=\"wp-block-heading has-text-align-center\">D\u00c9COUVREZ TOUTES LES BD<\/h4>\n\n\n\n<div class=\"wp-block-buttons is-horizontal is-content-justification-center is-layout-flex wp-container-core-buttons-is-layout-03627597 wp-block-buttons-is-layout-flex\">\n<div class=\"wp-block-button has-custom-width wp-block-button__width-75\"><a class=\"wp-block-button__link has-white-color has-gray-900-background-color has-text-color has-background has-text-align-center wp-element-button\" href=\"https:\/\/www.readco-ai.eu\/fr\/comics\/\">CLIQUEZ ICI \u2192<\/a><\/div>\n<\/div>\n\n\n\n<div style=\"height:7px\" aria-hidden=\"true\" class=\"wp-block-spacer\"><\/div>\n<\/div><\/div>\n\n\n\n<div class=\"wp-block-group alignfull\" style=\"border-style:none;border-width:0px;border-radius:0px;padding-top:var(--wp--preset--spacing--40);padding-right:0;padding-bottom:var(--wp--preset--spacing--40);padding-left:0\"><div class=\"wp-block-group__inner-container is-layout-constrained wp-container-core-group-is-layout-228c4f6c wp-block-group-is-layout-constrained\"><div class=\"alignwide-wrap\" data-block=\"media-text\">\n<div class=\"wp-block-media-text is-stacked-on-mobile\" style=\"grid-template-columns:39% auto\"><figure class=\"wp-block-media-text__media\"><img loading=\"lazy\" decoding=\"async\" width=\"1024\" height=\"1013\" src=\"https:\/\/www.readco-ai.eu\/files\/2026\/01\/wurra-life-on-land2499-1024x1013.jpg\" alt=\"\" class=\"wp-image-2282 size-full\" srcset=\"https:\/\/www.readco-ai.eu\/files\/2026\/01\/wurra-life-on-land2499-1024x1013.jpg 1024w, https:\/\/www.readco-ai.eu\/files\/2026\/01\/wurra-life-on-land2499-300x297.jpg 300w, https:\/\/www.readco-ai.eu\/files\/2026\/01\/wurra-life-on-land2499-768x760.jpg 768w, https:\/\/www.readco-ai.eu\/files\/2026\/01\/wurra-life-on-land2499.jpg 1092w\" sizes=\"auto, (max-width: 1024px) 100vw, 1024px\" \/><\/figure><div class=\"wp-block-media-text__content\">\n<h2 class=\"wp-block-heading has-xl-font-size\"><strong>Narration, traductions et p\u00e9dagogie pour les enseignants<\/strong><\/h2>\n\n\n\n<p style=\"border-radius:10px\">Le Work Package 2 vise \u00e0 cr\u00e9er des r\u00e9cits captivants autour des 17 objectifs de<br>d\u00e9veloppement durable (ODD) des Nations Unies. Ces histoires aideront les apprenants<br>de langue anglaise \u00e0 approfondir leurs connaissances au niveau B2. Un ensemble<br>d\u2019activit\u00e9s de compr\u00e9hension \u00e9crite selon la m\u00e9thode socratique sera accompagn\u00e9 de<br>chaque histoire. De plus, ce lot de travail vise \u00e0 d\u00e9velopper une p\u00e9dagogie et un kit d&rsquo;autoapprentissage qui offrent aux enseignants du mat\u00e9riel pratique sur l&rsquo;utilisation des histoires<br>dans l&rsquo;enseignement de la langue anglaise.<\/p>\n\n\n\n<p><a href=\"https:\/\/www.readco-ai.eu\/pedagogy\/\"><strong>\u2192 Learn more<\/strong><\/a><\/p>\n<\/div><\/div>\n<\/div><\/div><\/div>\n\n\n\n<div class=\"wp-block-group alignfull has-gray-100-background-color has-background\" style=\"border-style:none;border-width:0px;border-radius:0px;padding-top:var(--wp--preset--spacing--40);padding-right:var(--wp--preset--spacing--20);padding-bottom:var(--wp--preset--spacing--40);padding-left:var(--wp--preset--spacing--20)\"><div class=\"wp-block-group__inner-container is-layout-constrained wp-container-core-group-is-layout-21b780dc wp-block-group-is-layout-constrained\"><div class=\"alignwide-wrap\" data-block=\"media-text\">\n<div class=\"wp-block-media-text has-media-on-the-right is-stacked-on-mobile\" style=\"grid-template-columns:auto 39%\"><div class=\"wp-block-media-text__content\">\n<h2 class=\"wp-block-heading has-xl-font-size\"><strong>Visualiser le contenu<\/strong><\/h2>\n\n\n\n<p class=\"has-text-align-left\" style=\"border-radius:10px\">Le Work Package 3 vise \u00e0 visualiser les 17 histoires d\u00e9velopp\u00e9es dans le WP2. Certaines<br>histoires seront \u00e9dit\u00e9es sous forme de bandes dessin\u00e9es, d&rsquo;autres sous forme<br>d&rsquo;animations, selon un sch\u00e9ma visuel qui sera appliqu\u00e9 \u00e0 toutes les histoires. De plus, les<br>visuels pour les exercices de compr\u00e9hension \u00e9crite ainsi que les visuels pour l&rsquo;application<br>web seront d\u00e9velopp\u00e9s.<\/p>\n<\/div><figure class=\"wp-block-media-text__media\"><img loading=\"lazy\" decoding=\"async\" width=\"1024\" height=\"652\" src=\"https:\/\/www.readco-ai.eu\/files\/2026\/01\/amara-3-1-1024x652.jpg\" alt=\"\" class=\"wp-image-2283 size-full\" srcset=\"https:\/\/www.readco-ai.eu\/files\/2026\/01\/amara-3-1-1024x652.jpg 1024w, https:\/\/www.readco-ai.eu\/files\/2026\/01\/amara-3-1-300x191.jpg 300w, https:\/\/www.readco-ai.eu\/files\/2026\/01\/amara-3-1-768x489.jpg 768w, https:\/\/www.readco-ai.eu\/files\/2026\/01\/amara-3-1-1536x978.jpg 1536w, https:\/\/www.readco-ai.eu\/files\/2026\/01\/amara-3-1-2048x1304.jpg 2048w\" sizes=\"auto, (max-width: 1024px) 100vw, 1024px\" \/><\/figure><\/div>\n<\/div><\/div><\/div>\n\n\n\n<div class=\"wp-block-group alignfull\" style=\"border-style:none;border-width:0px;border-radius:0px;padding-top:var(--wp--preset--spacing--40);padding-right:var(--wp--preset--spacing--20);padding-bottom:var(--wp--preset--spacing--40);padding-left:var(--wp--preset--spacing--20)\"><div class=\"wp-block-group__inner-container is-layout-constrained wp-container-core-group-is-layout-21b780dc wp-block-group-is-layout-constrained\"><div class=\"alignwide-wrap\" data-block=\"media-text\">\n<div class=\"wp-block-media-text is-stacked-on-mobile\" style=\"grid-template-columns:39% auto\"><figure class=\"wp-block-media-text__media\"><img loading=\"lazy\" decoding=\"async\" width=\"599\" height=\"1024\" src=\"https:\/\/www.readco-ai.eu\/files\/2026\/01\/amara-6-599x1024.jpg\" alt=\"\" class=\"wp-image-2285 size-full\" srcset=\"https:\/\/www.readco-ai.eu\/files\/2026\/01\/amara-6-599x1024.jpg 599w, https:\/\/www.readco-ai.eu\/files\/2026\/01\/amara-6-176x300.jpg 176w, https:\/\/www.readco-ai.eu\/files\/2026\/01\/amara-6-768x1312.jpg 768w, https:\/\/www.readco-ai.eu\/files\/2026\/01\/amara-6-899x1536.jpg 899w, https:\/\/www.readco-ai.eu\/files\/2026\/01\/amara-6-1198x2048.jpg 1198w, https:\/\/www.readco-ai.eu\/files\/2026\/01\/amara-6.jpg 1357w\" sizes=\"auto, (max-width: 599px) 100vw, 599px\" \/><\/figure><div class=\"wp-block-media-text__content\">\n<h2 class=\"wp-block-heading has-xl-font-size\">D\u00e9veloppement d&rsquo;une application web int\u00e9grant un facteur<br>d&rsquo;intelligence artificielle<\/h2>\n\n\n\n<p style=\"border-radius:10px\">Le Work Package 4 se concentre sur le d\u00e9veloppement d&rsquo;une application mobile<br>multiplateforme accessible \u00e0 la fois sur les appareils personnels et mobiles. Il contiendra<br>des r\u00e9cits visuels attrayants pr\u00e9sent\u00e9s sous forme de bandes dessin\u00e9es et d&rsquo;animations<br>inspir\u00e9es des 17 objectifs de d\u00e9veloppement durable (ODD) des Nations Unies et de<br>t\u00e2ches de compr\u00e9hension \u00e9crite. Les t\u00e2ches seront accompagn\u00e9es par un enseignant<br>intelligent aliment\u00e9 par l&rsquo;IA qui agira comme un compagnon d&rsquo;apprentissage personnel.<\/p>\n\n\n\n<p><a href=\"https:\/\/readcoai.eu\/\" target=\"_blank\" rel=\"noreferrer noopener\">\u2192 Link to app (Beta version)<\/a><\/p>\n<\/div><\/div>\n<\/div><\/div><\/div>\n\n\n\n<div class=\"wp-block-group alignfull has-gray-100-background-color has-background\" style=\"border-style:none;border-width:0px;border-radius:0px;padding-top:var(--wp--preset--spacing--40);padding-right:var(--wp--preset--spacing--20);padding-bottom:var(--wp--preset--spacing--40);padding-left:var(--wp--preset--spacing--20)\"><div class=\"wp-block-group__inner-container is-layout-constrained wp-container-core-group-is-layout-21b780dc wp-block-group-is-layout-constrained\"><div class=\"alignwide-wrap\" data-block=\"media-text\">\n<div class=\"wp-block-media-text has-media-on-the-right is-stacked-on-mobile\" style=\"grid-template-columns:auto 39%\"><div class=\"wp-block-media-text__content\">\n<h2 class=\"wp-block-heading has-xl-font-size\">D\u00e9veloppement d&rsquo;une READCO.AI. Un Cours d&rsquo;IA en ligne ouvert \u00e0 tous<br>(MOOC)<\/h2>\n\n\n\n<p style=\"border-radius:10px\">Le Work Package 5 vise \u00e0 d\u00e9velopper un MOOC qui offre des informations sur les<br>fondements th\u00e9oriques, les applications pratiques et le parcours de d\u00e9veloppement de<br>l&rsquo;application. Il pr\u00e9sentera des exemples de visualisation et pr\u00e9sentera l&rsquo;application. Apr\u00e8s<br>la fin du projet, le MOOC sera disponible sous forme de cours \u00e0 votre rythme. Les<br>participants peuvent inclure des professeurs de langues, des \u00e9tudiants, des passionn\u00e9s de<br>langues et des professionnels int\u00e9ress\u00e9s par l&rsquo;apprentissage des langues pilot\u00e9 par l&rsquo;IA.<br>Notre MOOC aura lieu au premier trimester du 2027. Il s&rsquo;agira d&rsquo;un cours en ligne gratuit<br>de quatre semaines.<\/p>\n<\/div><figure class=\"wp-block-media-text__media\"><img loading=\"lazy\" decoding=\"async\" width=\"450\" height=\"606\" src=\"https:\/\/www.readco-ai.eu\/files\/2025\/06\/6-small.png\" alt=\"\" class=\"wp-image-1431 size-full\" srcset=\"https:\/\/www.readco-ai.eu\/files\/2025\/06\/6-small.png 450w, https:\/\/www.readco-ai.eu\/files\/2025\/06\/6-small-223x300.png 223w\" sizes=\"auto, (max-width: 450px) 100vw, 450px\" \/><\/figure><\/div>\n<\/div><\/div><\/div>\n","protected":false},"excerpt":{"rendered":"<div class=\"entry-summary\">\nD\u00c9COUVREZ TOUTES LES BD Narration, traductions et p\u00e9dagogie pour les enseignants Le Work Package 2 vise \u00e0 cr\u00e9er des r\u00e9cits captivants autour des 17 objectifs ded\u00e9veloppement durable (ODD) des Nations Unies. Ces&hellip;\n<\/div>\n<div class=\"link-more-container\"><a href=\"https:\/\/www.readco-ai.eu\/fr\/resources\/\" class=\"link-more button\" aria-label=\"Continue reading R\u00e9sultats\">Continue reading&hellip;<\/a><\/div>\n","protected":false},"author":5674,"featured_media":0,"parent":0,"menu_order":0,"comment_status":"closed","ping_status":"closed","template":"","meta":{"_rrze_cache":"enabled","_rrze_multilang_single_locale":"fr_FR","_rrze_multilang_single_source":"https:\/\/www.readco-ai.eu\/?page_id=389","footnotes":""},"page_category":[14],"page_tag":[],"class_list":["post-2218","page","type-page","status-publish","hentry","page_category-general","fr-FR","entry","entry-type-page"],"_links":{"self":[{"href":"https:\/\/www.readco-ai.eu\/wp-json\/wp\/v2\/pages\/2218","targetHints":{"allow":["GET"]}}],"collection":[{"href":"https:\/\/www.readco-ai.eu\/wp-json\/wp\/v2\/pages"}],"about":[{"href":"https:\/\/www.readco-ai.eu\/wp-json\/wp\/v2\/types\/page"}],"author":[{"embeddable":true,"href":"https:\/\/www.readco-ai.eu\/wp-json\/wp\/v2\/users\/5674"}],"replies":[{"embeddable":true,"href":"https:\/\/www.readco-ai.eu\/wp-json\/wp\/v2\/comments?post=2218"}],"version-history":[{"count":7,"href":"https:\/\/www.readco-ai.eu\/wp-json\/wp\/v2\/pages\/2218\/revisions"}],"predecessor-version":[{"id":2457,"href":"https:\/\/www.readco-ai.eu\/wp-json\/wp\/v2\/pages\/2218\/revisions\/2457"}],"wp:attachment":[{"href":"https:\/\/www.readco-ai.eu\/wp-json\/wp\/v2\/media?parent=2218"}],"wp:term":[{"taxonomy":"page_category","embeddable":true,"href":"https:\/\/www.readco-ai.eu\/wp-json\/wp\/v2\/page_category?post=2218"},{"taxonomy":"page_tag","embeddable":true,"href":"https:\/\/www.readco-ai.eu\/wp-json\/wp\/v2\/page_tag?post=2218"}],"curies":[{"name":"wp","href":"https:\/\/api.w.org\/{rel}","templated":true}]}}