{"id":2224,"date":"2026-01-12T21:25:44","date_gmt":"2026-01-12T20:25:44","guid":{"rendered":"https:\/\/www.readco-ai.eu\/?page_id=2224"},"modified":"2026-01-12T21:57:41","modified_gmt":"2026-01-12T20:57:41","slug":"pedagogy","status":"publish","type":"page","link":"https:\/\/www.readco-ai.eu\/fr\/pedagogy\/","title":{"rendered":"P\u00e9dagogie"},"content":{"rendered":"\n<div style=\"height:100px\" aria-hidden=\"true\" class=\"wp-block-spacer\"><\/div>\n\n\n\n<h2 class=\"wp-block-heading has-xl-font-size\">Une p\u00e9dagogie pour valoriser l&rsquo;esprit critique et l&#8217;empathie align\u00e9e sur<br>les valeurs de l&rsquo;ONU<\/h2>\n\n\n\n<p style=\"border-radius:10px\">Le cadre p\u00e9dagogique est con\u00e7u pour favoriser la pens\u00e9e critique et l&#8217;empathie, en<br>s&rsquo;appuyant sur les valeurs fondamentales adopt\u00e9es par les Nations Unies (ONU),<br>notamment la citoyennet\u00e9 mondiale, le d\u00e9veloppement durable et les droits de l&rsquo;homme.<br>Cette approche fonctionne \u00e0 deux \u00e9chelles distinctes mais interd\u00e9pendantes : la<br>macro\u00e9chelle, qui d\u00e9finit le cadre g\u00e9n\u00e9ral et les objectifs, et la micro\u00e9chelle, qui d\u00e9limite<br>les m\u00e9thodologies sp\u00e9cifiques utilis\u00e9es pour atteindre ces objectifs.<\/p>\n\n\n\n<div class=\"wp-block-group alignfull has-gray-100-background-color has-background\"><div class=\"wp-block-group__inner-container is-layout-constrained wp-block-group-is-layout-constrained\"><div class=\"alignwide-wrap\" data-block=\"columns\">\n<div class=\"wp-block-columns alignwide are-vertically-aligned-center has-white-background-color has-background\" style=\"border-radius:10px\">\n<div class=\"wp-block-column is-vertically-aligned-center\" style=\"flex-basis:25%\">\n<p>\u00c0 l&rsquo;\u00e9chelle macro\u00e9conomique, la p\u00e9dagogie privil\u00e9gie le d\u00e9veloppement de la pens\u00e9e<br>critique et de l&#8217;empathie en s&rsquo;alignant sur les valeurs des Nations Unies, en favorisant un<br>sens de la responsabilit\u00e9 mondiale et de l&rsquo;interconnexion.<\/p>\n<\/div>\n\n\n\n<div class=\"wp-block-column is-vertically-aligned-center\" style=\"flex-basis:50%\">\n<figure class=\"wp-block-image size-full\"><img loading=\"lazy\" decoding=\"async\" width=\"602\" height=\"678\" src=\"https:\/\/www.readco-ai.eu\/files\/2025\/06\/Picture.png\" alt=\"\" class=\"wp-image-1298\" srcset=\"https:\/\/www.readco-ai.eu\/files\/2025\/06\/Picture.png 602w, https:\/\/www.readco-ai.eu\/files\/2025\/06\/Picture-266x300.png 266w\" sizes=\"auto, (max-width: 602px) 100vw, 602px\" \/><\/figure>\n<\/div>\n\n\n\n<div class=\"wp-block-column is-vertically-aligned-center\" style=\"flex-basis:25%\">\n<p>\u00c0 l&rsquo;\u00e9chelle microscopique, deux m\u00e9thodes principales sont appliqu\u00e9es :<\/p>\n\n\n\n<ol class=\"wp-block-list\">\n<li>la narration visuelle, bas\u00e9e sur les principes de la neuroscience pour \u00e9voquer le<br>lien \u00e9motionnel et la pertinence<\/li>\n\n\n\n<li>Le dialogue socratique est facilit\u00e9 par l&rsquo;intelligence artificielle (IA) pour encourager<br>la r\u00e9flexion et une compr\u00e9hension plus profonde de l&rsquo;alt\u00e9rit\u00e9 et de l&rsquo;interconnexion<br>humaine.<\/li>\n<\/ol>\n<\/div>\n<\/div>\n<\/div><\/div><\/div>\n\n\n\n<p style=\"border-radius:10px\">Au c\u0153ur de la m\u00e9thode de narration se trouve le concept de transmission \u00e9motionnelle \u2013 le processus par lequel les \u00e9motions sont transmises entre les individus \u2013 facilit\u00e9 par l&rsquo;activation des neurones miroirs. Ce m\u00e9canisme neuroscientifique permet aux lecteurs de simuler int\u00e9rieurement des r\u00e9ponses empathiques, faisant ainsi le lien entre les exp\u00e9riences \u00e9motionnelles. Dans le contexte de l&rsquo;apprentissage des langues, ces r\u00e9cits s&rsquo;appuient sur des principes neuroscientifiques pour am\u00e9liorer l&#8217;empathie, en utilisant des phrases soigneusement s\u00e9lectionn\u00e9es qui refl\u00e8tent des \u00e9tats \u00e9motionnels et impliquent la coordination sensori-motrice du cerveau, un processus o\u00f9 le cerveau refl\u00e8te automatiquement et souvent inconsciemment les actions ou les \u00e9motions des autres. Les visuels qui l&rsquo;accompagnent sont con\u00e7us pour servir le m\u00eame objectif, \u00e0 renforcer l&rsquo;engagement \u00e9motionnel et la compr\u00e9hension empathique.<\/p>\n\n\n\n<p style=\"border-radius:10px\">Le dialogue socratique, facilit\u00e9 par un facteur d&rsquo;IA, compl\u00e8te encore cette approche en se concentrant sur la reconnaissance des r\u00e9alit\u00e9s \u00e9motionnelles parall\u00e8lement \u00e0 un examen critique des r\u00e9alit\u00e9s sociales, telles qu&rsquo;articul\u00e9es \u00e0 travers le prisme des 17 Objectifs de d\u00e9veloppement durable (ODD). Cette m\u00e9thode encourage les \u00e9tudiants \u00e0 r\u00e9fl\u00e9chir de mani\u00e8re critique sur les d\u00e9fis soci\u00e9taux, tout en favorisant une compr\u00e9hension empathique des diff\u00e9rentes perspectives, s&rsquo;alignant ainsi sur la vision de l&rsquo;ONU pour un d\u00e9veloppement mondial durable et inclusif. Ensemble, ces strat\u00e9gies cr\u00e9ent un mod\u00e8le 10 p\u00e9dagogique puissant qui non seulement r\u00e9nforce l&rsquo;apprentissage des langues, mais cultive \u00e9galement les capacit\u00e9s cognitives et \u00e9motionnelles n\u00e9cessaires \u00e0 la citoyennet\u00e9 mondiale.<\/p>\n","protected":false},"excerpt":{"rendered":"<div class=\"entry-summary\">\nUne p\u00e9dagogie pour valoriser l&rsquo;esprit critique et l&#8217;empathie align\u00e9e surles valeurs de l&rsquo;ONU Le cadre p\u00e9dagogique est con\u00e7u pour favoriser la pens\u00e9e critique et l&#8217;empathie, ens&rsquo;appuyant sur les valeurs fondamentales adopt\u00e9es par&hellip;\n<\/div>\n<div class=\"link-more-container\"><a href=\"https:\/\/www.readco-ai.eu\/fr\/pedagogy\/\" class=\"link-more button\" aria-label=\"Continue reading P\u00e9dagogie\">Continue reading&hellip;<\/a><\/div>\n","protected":false},"author":5674,"featured_media":0,"parent":0,"menu_order":0,"comment_status":"closed","ping_status":"closed","template":"","meta":{"_rrze_cache":"enabled","_rrze_multilang_single_locale":"fr_FR","_rrze_multilang_single_source":"https:\/\/www.readco-ai.eu\/?page_id=1041","footnotes":""},"page_category":[14],"page_tag":[],"class_list":["post-2224","page","type-page","status-publish","hentry","page_category-general","fr-FR","entry","entry-type-page"],"_links":{"self":[{"href":"https:\/\/www.readco-ai.eu\/wp-json\/wp\/v2\/pages\/2224","targetHints":{"allow":["GET"]}}],"collection":[{"href":"https:\/\/www.readco-ai.eu\/wp-json\/wp\/v2\/pages"}],"about":[{"href":"https:\/\/www.readco-ai.eu\/wp-json\/wp\/v2\/types\/page"}],"author":[{"embeddable":true,"href":"https:\/\/www.readco-ai.eu\/wp-json\/wp\/v2\/users\/5674"}],"replies":[{"embeddable":true,"href":"https:\/\/www.readco-ai.eu\/wp-json\/wp\/v2\/comments?post=2224"}],"version-history":[{"count":2,"href":"https:\/\/www.readco-ai.eu\/wp-json\/wp\/v2\/pages\/2224\/revisions"}],"predecessor-version":[{"id":2243,"href":"https:\/\/www.readco-ai.eu\/wp-json\/wp\/v2\/pages\/2224\/revisions\/2243"}],"wp:attachment":[{"href":"https:\/\/www.readco-ai.eu\/wp-json\/wp\/v2\/media?parent=2224"}],"wp:term":[{"taxonomy":"page_category","embeddable":true,"href":"https:\/\/www.readco-ai.eu\/wp-json\/wp\/v2\/page_category?post=2224"},{"taxonomy":"page_tag","embeddable":true,"href":"https:\/\/www.readco-ai.eu\/wp-json\/wp\/v2\/page_tag?post=2224"}],"curies":[{"name":"wp","href":"https:\/\/api.w.org\/{rel}","templated":true}]}}