{"id":2226,"date":"2026-01-12T21:30:01","date_gmt":"2026-01-12T20:30:01","guid":{"rendered":"https:\/\/www.readco-ai.eu\/?page_id=2226"},"modified":"2026-01-12T21:58:01","modified_gmt":"2026-01-12T20:58:01","slug":"toolkit","status":"publish","type":"page","link":"https:\/\/www.readco-ai.eu\/fr\/toolkit\/","title":{"rendered":"Bo\u00eete \u00e0 outils"},"content":{"rendered":"\n<div style=\"height:100px\" aria-hidden=\"true\" class=\"wp-block-spacer\"><\/div>\n\n\n\n<div class=\"wp-block-group alignfull has-gray-100-background-color has-background\"><div class=\"wp-block-group__inner-container is-layout-constrained wp-block-group-is-layout-constrained\">\n<div class=\"wp-block-group has-white-background-color has-background\" style=\"border-radius:10px\"><div class=\"wp-block-group__inner-container is-layout-constrained wp-block-group-is-layout-constrained\">\n<h2 class=\"wp-block-heading has-xxl-font-size\"><strong>IA et la m\u00e9thode socratique<\/strong><\/h2>\n\n\n\n<p style=\"border-radius:10px\">Cette bo\u00eete \u00e0 outils a \u00e9t\u00e9 con\u00e7ue pour aider les enseignants et les apprenants \u00e0 int\u00e9grer la pens\u00e9e socratique dans leurs pratiques d&rsquo;apprentissage des langues et de narration, en utilisant divers outils aliment\u00e9s par l&rsquo;IA tels que ChatGPT, NotebookLM, Socrat.ai et Gemini. Elle rassemble des strat\u00e9gies structur\u00e9es, des exemples de consignes et des mod\u00e8les pr\u00eats \u00e0 l&#8217;emploi pour la classe afin de promouvoir l&rsquo;enqu\u00eate critique, l&rsquo;\u00e9criture r\u00e9flexive et l&rsquo;expression cr\u00e9ative\u2014au lieu de s&rsquo;appuyer sur des r\u00e9ponses toutes faites.<\/p>\n\n\n\n<div class=\"wp-block-buttons is-content-justification-right is-layout-flex wp-container-core-buttons-is-layout-d445cf74 wp-block-buttons-is-layout-flex\">\n<div class=\"wp-block-button is-style-secondary\"><a class=\"wp-block-button__link has-white-color has-secondary-background-color has-text-color has-background has-link-color has-text-align-center wp-element-button\" href=\"https:\/\/www.readco-ai.eu\/files\/2025\/12\/AI-Toolkit-Socratic-Method_new.pdf\">T\u00e9l\u00e9chargez notre bo\u00eete \u00e0 outils sur la m\u00e9thode socratique<\/a><\/div>\n<\/div>\n<\/div><\/div>\n\n\n\n<div class=\"wp-block-group has-white-background-color has-background\" style=\"border-radius:10px\"><div class=\"wp-block-group__inner-container is-layout-constrained wp-block-group-is-layout-constrained\">\n<h2 class=\"wp-block-heading has-xxl-font-size\"><strong>READCO. Guide de l&rsquo;IA pour l&rsquo;ing\u00e9nierie directe<\/strong><\/h2>\n\n\n\n<p style=\"border-radius:10px\">L&rsquo;ing\u00e9nierie directe, c&rsquo;est-\u00e0-dire l&rsquo;art et la science de la cr\u00e9ation d&rsquo;intrants pour l&rsquo;intelligence<br>artificielle g\u00e9n\u00e9tique, s&rsquo;est rapidement impos\u00e9e comme une comp\u00e9tence fondamentale<br>dans l&rsquo;exploitation des grands mod\u00e8les de langage (LLM) pour diverses applications.<br>Depuis l&rsquo;\u00e9mergence de l&rsquo;IA g\u00e9n\u00e9tique, les chercheurs et les praticiens ont reconnu que<br>l&rsquo;efficacit\u00e9 des r\u00e9sultats de l&rsquo;IA d\u00e9pend non seulement de l&rsquo;architecture des mod\u00e8les et des<br>donn\u00e9es, mais \u00e9galement de la cr\u00e9ativit\u00e9, de la clart\u00e9 et de la conception strat\u00e9gique des<br>prompts eux-m\u00eames. Cette ligne directrice fournit une approche structur\u00e9e de l&rsquo;ing\u00e9nierie<br>directe, illustrant comment concevoir des prompts qui maximisent les performances du<br>mod\u00e8le tout en s&rsquo;alignant sur des objectifs p\u00e9dagogiques tels que l&rsquo;apprentissage des<br>langues, le d\u00e9veloppement durable et le questionnement socratique.<\/p>\n\n\n\n<div class=\"wp-block-buttons is-content-justification-right is-layout-flex wp-container-core-buttons-is-layout-d445cf74 wp-block-buttons-is-layout-flex\">\n<div class=\"wp-block-button is-style-secondary\"><a class=\"wp-block-button__link has-white-color has-secondary-background-color has-text-color has-background has-link-color has-text-align-center wp-element-button\" href=\"https:\/\/www.readco-ai.eu\/files\/2025\/12\/Prompt-Engineering_v02_new.pdf\">T\u00e9l\u00e9charger le guide d&rsquo;ing\u00e9nierie directe<\/a><\/div>\n<\/div>\n<\/div><\/div>\n<\/div><\/div>\n\n\n\n<div class=\"wp-block-group alignfull\" style=\"padding-bottom:var(--wp--preset--spacing--40)\"><div class=\"wp-block-group__inner-container is-layout-constrained wp-block-group-is-layout-constrained\">\n<h2 class=\"wp-block-heading has-xxl-font-size\">Une br\u00e8ve introduction aux outils GenAI<\/h2>\n\n\n\n<div class=\"wp-block-group\" style=\"border-radius:10px\"><div class=\"wp-block-group__inner-container is-layout-constrained wp-block-group-is-layout-constrained\">\n<p style=\"border-radius:10px\">Cette bo\u00eete \u00e0 outils est con\u00e7ue pour am\u00e9liorer vos connaissances en IA en offrant une<br>introduction compl\u00e8te et accessible aux principaux outils d&rsquo;IA<\/p>\n\n\n\n<div class=\"wp-block-buttons is-content-justification-right is-layout-flex wp-container-core-buttons-is-layout-d445cf74 wp-block-buttons-is-layout-flex\">\n<div class=\"wp-block-button is-style-secondary\"><a class=\"wp-block-button__link has-white-color has-secondary-background-color has-text-color has-background has-link-color wp-element-button\" href=\"https:\/\/www.readco-ai.eu\/files\/2025\/12\/AI-Toolkit-2_new.pdf\">T\u00e9l\u00e9chargez notre introduction aux outils d&rsquo;IA<\/a><\/div>\n<\/div>\n<\/div><\/div>\n<\/div><\/div>\n\n\n\n<p><\/p>\n","protected":false},"excerpt":{"rendered":"<div class=\"entry-summary\">\nIA et la m\u00e9thode socratique Cette bo\u00eete \u00e0 outils a \u00e9t\u00e9 con\u00e7ue pour aider les enseignants et les apprenants \u00e0 int\u00e9grer la pens\u00e9e socratique dans leurs pratiques d&rsquo;apprentissage des langues et de&hellip;\n<\/div>\n<div class=\"link-more-container\"><a href=\"https:\/\/www.readco-ai.eu\/fr\/toolkit\/\" class=\"link-more button\" aria-label=\"Continue reading Bo\u00eete \u00e0 outils\">Continue reading&hellip;<\/a><\/div>\n","protected":false},"author":5674,"featured_media":0,"parent":0,"menu_order":0,"comment_status":"closed","ping_status":"closed","template":"","meta":{"_rrze_cache":"enabled","_rrze_multilang_single_locale":"fr_FR","_rrze_multilang_single_source":"https:\/\/www.readco-ai.eu\/?page_id=1045","footnotes":""},"page_category":[14],"page_tag":[],"class_list":["post-2226","page","type-page","status-publish","hentry","page_category-general","fr-FR","entry","entry-type-page"],"_links":{"self":[{"href":"https:\/\/www.readco-ai.eu\/wp-json\/wp\/v2\/pages\/2226","targetHints":{"allow":["GET"]}}],"collection":[{"href":"https:\/\/www.readco-ai.eu\/wp-json\/wp\/v2\/pages"}],"about":[{"href":"https:\/\/www.readco-ai.eu\/wp-json\/wp\/v2\/types\/page"}],"author":[{"embeddable":true,"href":"https:\/\/www.readco-ai.eu\/wp-json\/wp\/v2\/users\/5674"}],"replies":[{"embeddable":true,"href":"https:\/\/www.readco-ai.eu\/wp-json\/wp\/v2\/comments?post=2226"}],"version-history":[{"count":4,"href":"https:\/\/www.readco-ai.eu\/wp-json\/wp\/v2\/pages\/2226\/revisions"}],"predecessor-version":[{"id":2244,"href":"https:\/\/www.readco-ai.eu\/wp-json\/wp\/v2\/pages\/2226\/revisions\/2244"}],"wp:attachment":[{"href":"https:\/\/www.readco-ai.eu\/wp-json\/wp\/v2\/media?parent=2226"}],"wp:term":[{"taxonomy":"page_category","embeddable":true,"href":"https:\/\/www.readco-ai.eu\/wp-json\/wp\/v2\/page_category?post=2226"},{"taxonomy":"page_tag","embeddable":true,"href":"https:\/\/www.readco-ai.eu\/wp-json\/wp\/v2\/page_tag?post=2226"}],"curies":[{"name":"wp","href":"https:\/\/api.w.org\/{rel}","templated":true}]}}