{"id":2442,"date":"2026-01-27T11:46:00","date_gmt":"2026-01-27T10:46:00","guid":{"rendered":"https:\/\/www.readco-ai.eu\/?page_id=2442"},"modified":"2026-03-01T20:20:14","modified_gmt":"2026-03-01T19:20:14","slug":"comics","status":"publish","type":"page","link":"https:\/\/www.readco-ai.eu\/fr\/comics\/","title":{"rendered":"Comics"},"content":{"rendered":"\n<div style=\"height:26px\" aria-hidden=\"true\" class=\"wp-block-spacer\"><\/div>\n\n\n<div class=\"alignwide-wrap\" data-block=\"columns\">\n<div class=\"wp-block-columns alignwide are-vertically-aligned-bottom is-style-default\">\n<div class=\"wp-block-column is-vertically-aligned-bottom\">\n<h2 class=\"wp-block-heading has-text-align-center\">Bandes dessin\u00e9es<\/h2>\n\n\n\n<p class=\"has-text-align-center has-xl-font-size\">Six histoires sur 17 ont \u00e9t\u00e9 visualis\u00e9es jusqu&rsquo;\u00e0 pr\u00e9sent sous forme de bande dessin\u00e9e ou de film d&rsquo;animation.<\/p>\n\n\n\n<p class=\"has-text-align-center\">D&rsquo;autres visualisations suivront en 2026\/2027.<\/p>\n<\/div>\n<\/div>\n<\/div>\n\n\n<div class=\"wp-block-columns alignfull are-vertically-aligned-center is-style-stacked-on-tablet\">\n<div class=\"wp-block-column is-vertically-aligned-center\">\n<div class=\"wp-block-cover\" style=\"min-height:100vh;aspect-ratio:unset;\"><img loading=\"lazy\" decoding=\"async\" width=\"765\" height=\"1024\" class=\"wp-block-cover__image-background wp-image-2397 size-large\" alt=\"\" src=\"https:\/\/www.readco-ai.eu\/files\/2026\/01\/charlie-english_page-0001-765x1024.jpg\" style=\"object-position:51% 46%\" data-object-fit=\"cover\" data-object-position=\"51% 46%\" srcset=\"https:\/\/www.readco-ai.eu\/files\/2026\/01\/charlie-english_page-0001-765x1024.jpg 765w, https:\/\/www.readco-ai.eu\/files\/2026\/01\/charlie-english_page-0001-224x300.jpg 224w, https:\/\/www.readco-ai.eu\/files\/2026\/01\/charlie-english_page-0001-768x1028.jpg 768w, https:\/\/www.readco-ai.eu\/files\/2026\/01\/charlie-english_page-0001-1148x1536.jpg 1148w, https:\/\/www.readco-ai.eu\/files\/2026\/01\/charlie-english_page-0001-1530x2048.jpg 1530w, https:\/\/www.readco-ai.eu\/files\/2026\/01\/charlie-english_page-0001-scaled.jpg 1913w\" sizes=\"auto, (max-width: 765px) 100vw, 765px\" \/><span aria-hidden=\"true\" class=\"wp-block-cover__background has-background-dim-70 has-background-dim\"><\/span><div class=\"wp-block-cover__inner-container is-layout-flow wp-block-cover-is-layout-flow\">\n<div class=\"wp-block-columns\">\n<div class=\"wp-block-column\" style=\"flex-basis:420px\">\n<h2 class=\"wp-block-heading has-text-align-center has-xxxl-font-size\">CHARLIE<\/h2>\n\n\n\n<div class=\"wp-block-buttons is-horizontal is-content-justification-center is-layout-flex wp-container-core-buttons-is-layout-03627597 wp-block-buttons-is-layout-flex\">\n<div class=\"wp-block-button\"><a class=\"wp-block-button__link has-black-color has-white-background-color has-text-color has-background wp-element-button\" href=\"https:\/\/www.readco-ai.eu\/files\/2026\/01\/charlie-english.pdf\">CLIQUEZ ICI \u2192<\/a><\/div>\n<\/div>\n<\/div>\n<\/div>\n<\/div><\/div>\n<\/div>\n\n\n\n<div class=\"wp-block-column is-vertically-aligned-center\">\n<div class=\"wp-block-cover\" style=\"min-height:100vh;aspect-ratio:unset;\"><img loading=\"lazy\" decoding=\"async\" width=\"765\" height=\"1024\" class=\"wp-block-cover__image-background wp-image-2401 size-large\" alt=\"\" src=\"https:\/\/www.readco-ai.eu\/files\/2026\/01\/amara_page-0001-765x1024.jpg\" data-object-fit=\"cover\" srcset=\"https:\/\/www.readco-ai.eu\/files\/2026\/01\/amara_page-0001-765x1024.jpg 765w, https:\/\/www.readco-ai.eu\/files\/2026\/01\/amara_page-0001-224x300.jpg 224w, https:\/\/www.readco-ai.eu\/files\/2026\/01\/amara_page-0001-768x1028.jpg 768w, https:\/\/www.readco-ai.eu\/files\/2026\/01\/amara_page-0001-1148x1536.jpg 1148w, https:\/\/www.readco-ai.eu\/files\/2026\/01\/amara_page-0001-1530x2048.jpg 1530w, https:\/\/www.readco-ai.eu\/files\/2026\/01\/amara_page-0001-scaled.jpg 1913w\" sizes=\"auto, (max-width: 765px) 100vw, 765px\" \/><span aria-hidden=\"true\" class=\"wp-block-cover__background has-background-dim-70 has-background-dim\"><\/span><div class=\"wp-block-cover__inner-container is-layout-flow wp-block-cover-is-layout-flow\">\n<div class=\"wp-block-columns\">\n<div class=\"wp-block-column\" style=\"flex-basis:420px\">\n<h2 class=\"wp-block-heading has-text-align-center has-xxxl-font-size\">AMARA<\/h2>\n\n\n\n<div class=\"wp-block-buttons is-horizontal is-content-justification-center is-layout-flex wp-container-core-buttons-is-layout-03627597 wp-block-buttons-is-layout-flex\">\n<div class=\"wp-block-button\"><a class=\"wp-block-button__link has-black-color has-white-background-color has-text-color has-background wp-element-button\" href=\"https:\/\/www.readco-ai.eu\/files\/2026\/01\/Amara-english-b-version.pdf\">CLIQUEZ ICI \u2192<\/a><\/div>\n<\/div>\n<\/div>\n<\/div>\n<\/div><\/div>\n<\/div>\n\n\n\n<div class=\"wp-block-column is-vertically-aligned-center\">\n<div class=\"wp-block-cover\" style=\"min-height:100vh;aspect-ratio:unset;\"><img loading=\"lazy\" decoding=\"async\" width=\"769\" height=\"1024\" class=\"wp-block-cover__image-background wp-image-2403 size-large\" alt=\"\" src=\"https:\/\/www.readco-ai.eu\/files\/2026\/01\/25-03-02-women-english-769x1024.jpg\" data-object-fit=\"cover\" srcset=\"https:\/\/www.readco-ai.eu\/files\/2026\/01\/25-03-02-women-english-769x1024.jpg 769w, https:\/\/www.readco-ai.eu\/files\/2026\/01\/25-03-02-women-english-225x300.jpg 225w, https:\/\/www.readco-ai.eu\/files\/2026\/01\/25-03-02-women-english-768x1022.jpg 768w, https:\/\/www.readco-ai.eu\/files\/2026\/01\/25-03-02-women-english-1154x1536.jpg 1154w, https:\/\/www.readco-ai.eu\/files\/2026\/01\/25-03-02-women-english-1539x2048.jpg 1539w, https:\/\/www.readco-ai.eu\/files\/2026\/01\/25-03-02-women-english-scaled.jpg 1923w\" sizes=\"auto, (max-width: 769px) 100vw, 769px\" \/><span aria-hidden=\"true\" class=\"wp-block-cover__background has-background-dim-70 has-background-dim\"><\/span><div class=\"wp-block-cover__inner-container is-layout-flow wp-block-cover-is-layout-flow\">\n<div class=\"wp-block-columns\">\n<div class=\"wp-block-column\" style=\"flex-basis:420px\">\n<h2 class=\"wp-block-heading has-text-align-center has-xxxl-font-size\">WOMEN<\/h2>\n\n\n\n<div class=\"wp-block-buttons is-horizontal is-content-justification-center is-layout-flex wp-container-core-buttons-is-layout-03627597 wp-block-buttons-is-layout-flex\">\n<div class=\"wp-block-button\"><a class=\"wp-block-button__link has-black-color has-white-background-color has-text-color has-background wp-element-button\" href=\"https:\/\/www.readco-ai.eu\/files\/2026\/01\/25-03-02-women-english.pdf\">CLIQUEZ ICI \u2192<\/a><\/div>\n<\/div>\n<\/div>\n<\/div>\n<\/div><\/div>\n<\/div>\n<\/div>\n\n\n\n<div class=\"wp-block-columns alignfull are-vertically-aligned-center is-style-stacked-on-tablet\">\n<div class=\"wp-block-column is-vertically-aligned-center\">\n<div class=\"wp-block-cover\" style=\"min-height:100vh;aspect-ratio:unset;\"><img loading=\"lazy\" decoding=\"async\" width=\"1206\" height=\"675\" class=\"wp-block-cover__image-background wp-image-2414 size-full\" alt=\"\" src=\"https:\/\/www.readco-ai.eu\/files\/2026\/01\/alex.png\" data-object-fit=\"cover\" srcset=\"https:\/\/www.readco-ai.eu\/files\/2026\/01\/alex.png 1206w, https:\/\/www.readco-ai.eu\/files\/2026\/01\/alex-300x168.png 300w, https:\/\/www.readco-ai.eu\/files\/2026\/01\/alex-1024x573.png 1024w, https:\/\/www.readco-ai.eu\/files\/2026\/01\/alex-768x430.png 768w\" sizes=\"auto, (max-width: 1206px) 100vw, 1206px\" \/><span aria-hidden=\"true\" class=\"wp-block-cover__background has-background-dim-70 has-background-dim\"><\/span><div class=\"wp-block-cover__inner-container is-layout-flow wp-block-cover-is-layout-flow\">\n<div class=\"wp-block-columns\">\n<div class=\"wp-block-column\" style=\"flex-basis:420px\">\n<h2 class=\"wp-block-heading has-text-align-center has-xxxl-font-size\">ALEX<\/h2>\n\n\n\n<div class=\"wp-block-buttons is-horizontal is-content-justification-center is-layout-flex wp-container-core-buttons-is-layout-03627597 wp-block-buttons-is-layout-flex\">\n<div class=\"wp-block-button\"><a class=\"wp-block-button__link has-black-color has-white-background-color has-text-color has-background wp-element-button\" href=\"https:\/\/www.readco-ai.eu\/files\/2026\/01\/alex_.mp4\">CLIQUEZ ICI \u2192<\/a><\/div>\n<\/div>\n<\/div>\n<\/div>\n<\/div><\/div>\n<\/div>\n\n\n\n<div class=\"wp-block-column is-vertically-aligned-center\">\n<div class=\"wp-block-cover\" style=\"min-height:100vh;aspect-ratio:unset;\"><img loading=\"lazy\" decoding=\"async\" width=\"1024\" height=\"576\" class=\"wp-block-cover__image-background wp-image-2415 size-large\" alt=\"\" src=\"https:\/\/www.readco-ai.eu\/files\/2026\/01\/wurra-1024x576.jpg\" style=\"object-position:82% 41%\" data-object-fit=\"cover\" data-object-position=\"82% 41%\" srcset=\"https:\/\/www.readco-ai.eu\/files\/2026\/01\/wurra-1024x576.jpg 1024w, https:\/\/www.readco-ai.eu\/files\/2026\/01\/wurra-300x169.jpg 300w, https:\/\/www.readco-ai.eu\/files\/2026\/01\/wurra-768x432.jpg 768w, https:\/\/www.readco-ai.eu\/files\/2026\/01\/wurra-1536x864.jpg 1536w, https:\/\/www.readco-ai.eu\/files\/2026\/01\/wurra-803x451.jpg 803w, https:\/\/www.readco-ai.eu\/files\/2026\/01\/wurra.jpg 1920w\" sizes=\"auto, (max-width: 1024px) 100vw, 1024px\" \/><span aria-hidden=\"true\" class=\"wp-block-cover__background has-background-dim-70 has-background-dim\"><\/span><div class=\"wp-block-cover__inner-container is-layout-flow wp-block-cover-is-layout-flow\">\n<div class=\"wp-block-columns\">\n<div class=\"wp-block-column\" style=\"flex-basis:420px\">\n<h2 class=\"wp-block-heading has-text-align-center has-xxxl-font-size\">WURRA<\/h2>\n\n\n\n<div class=\"wp-block-buttons is-horizontal is-content-justification-center is-layout-flex wp-container-core-buttons-is-layout-03627597 wp-block-buttons-is-layout-flex\">\n<div class=\"wp-block-button\"><a class=\"wp-block-button__link has-black-color has-white-background-color has-text-color has-background wp-element-button\" href=\"https:\/\/www.readco-ai.eu\/files\/2026\/01\/wurra_.mp4\">CLIQUEZ ICI \u2192<\/a><\/div>\n<\/div>\n<\/div>\n<\/div>\n<\/div><\/div>\n<\/div>\n\n\n\n<div class=\"wp-block-column is-vertically-aligned-center\">\n<div class=\"wp-block-cover\" style=\"min-height:100vh;aspect-ratio:unset;\"><img loading=\"lazy\" decoding=\"async\" width=\"1024\" height=\"963\" class=\"wp-block-cover__image-background wp-image-2416 size-large\" alt=\"\" src=\"https:\/\/www.readco-ai.eu\/files\/2026\/01\/secrets-1024x963.jpg\" data-object-fit=\"cover\" srcset=\"https:\/\/www.readco-ai.eu\/files\/2026\/01\/secrets-1024x963.jpg 1024w, https:\/\/www.readco-ai.eu\/files\/2026\/01\/secrets-300x282.jpg 300w, https:\/\/www.readco-ai.eu\/files\/2026\/01\/secrets-768x722.jpg 768w, https:\/\/www.readco-ai.eu\/files\/2026\/01\/secrets-1536x1445.jpg 1536w, https:\/\/www.readco-ai.eu\/files\/2026\/01\/secrets-2048x1927.jpg 2048w\" sizes=\"auto, (max-width: 1024px) 100vw, 1024px\" \/><span aria-hidden=\"true\" class=\"wp-block-cover__background has-background-dim-70 has-background-dim\"><\/span><div class=\"wp-block-cover__inner-container is-layout-flow wp-block-cover-is-layout-flow\">\n<div class=\"wp-block-columns\">\n<div class=\"wp-block-column\" style=\"flex-basis:420px\">\n<h2 class=\"wp-block-heading has-text-align-center has-xxxl-font-size\">SECRETS<\/h2>\n\n\n\n<div class=\"wp-block-buttons is-horizontal is-content-justification-center is-layout-flex wp-container-core-buttons-is-layout-03627597 wp-block-buttons-is-layout-flex\">\n<div class=\"wp-block-button\"><a class=\"wp-block-button__link has-black-color has-white-background-color has-text-color has-background wp-element-button\" href=\"https:\/\/www.readco-ai.eu\/files\/2026\/01\/Secrets-english.pdf\">CLIQUEZ ICI \u2192<\/a><\/div>\n<\/div>\n<\/div>\n<\/div>\n<\/div><\/div>\n<\/div>\n<\/div>\n","protected":false},"excerpt":{"rendered":"<div class=\"entry-summary\">\nBandes dessin\u00e9es Six histoires sur 17 ont \u00e9t\u00e9 visualis\u00e9es jusqu&rsquo;\u00e0 pr\u00e9sent sous forme de bande dessin\u00e9e ou de film d&rsquo;animation. D&rsquo;autres visualisations suivront en 2026\/2027.\n<\/div>\n<div class=\"link-more-container\"><a href=\"https:\/\/www.readco-ai.eu\/fr\/comics\/\" class=\"link-more button\" aria-label=\"Continue reading Comics\">Continue reading&hellip;<\/a><\/div>\n","protected":false},"author":5674,"featured_media":0,"parent":0,"menu_order":0,"comment_status":"closed","ping_status":"closed","template":"","meta":{"_rrze_cache":"enabled","_rrze_multilang_single_locale":"fr_FR","_rrze_multilang_single_source":"https:\/\/www.readco-ai.eu\/?page_id=2388","footnotes":""},"page_category":[14],"page_tag":[],"class_list":["post-2442","page","type-page","status-publish","hentry","page_category-general","fr-FR","entry","entry-type-page"],"_links":{"self":[{"href":"https:\/\/www.readco-ai.eu\/wp-json\/wp\/v2\/pages\/2442","targetHints":{"allow":["GET"]}}],"collection":[{"href":"https:\/\/www.readco-ai.eu\/wp-json\/wp\/v2\/pages"}],"about":[{"href":"https:\/\/www.readco-ai.eu\/wp-json\/wp\/v2\/types\/page"}],"author":[{"embeddable":true,"href":"https:\/\/www.readco-ai.eu\/wp-json\/wp\/v2\/users\/5674"}],"replies":[{"embeddable":true,"href":"https:\/\/www.readco-ai.eu\/wp-json\/wp\/v2\/comments?post=2442"}],"version-history":[{"count":2,"href":"https:\/\/www.readco-ai.eu\/wp-json\/wp\/v2\/pages\/2442\/revisions"}],"predecessor-version":[{"id":2691,"href":"https:\/\/www.readco-ai.eu\/wp-json\/wp\/v2\/pages\/2442\/revisions\/2691"}],"wp:attachment":[{"href":"https:\/\/www.readco-ai.eu\/wp-json\/wp\/v2\/media?parent=2442"}],"wp:term":[{"taxonomy":"page_category","embeddable":true,"href":"https:\/\/www.readco-ai.eu\/wp-json\/wp\/v2\/page_category?post=2442"},{"taxonomy":"page_tag","embeddable":true,"href":"https:\/\/www.readco-ai.eu\/wp-json\/wp\/v2\/page_tag?post=2442"}],"curies":[{"name":"wp","href":"https:\/\/api.w.org\/{rel}","templated":true}]}}