{"id":1625,"date":"2025-07-09T15:54:46","date_gmt":"2025-07-09T13:54:46","guid":{"rendered":"https:\/\/www.readco-ai.eu\/?page_id=1625"},"modified":"2026-03-22T13:37:10","modified_gmt":"2026-03-22T12:37:10","slug":"home","status":"publish","type":"page","link":"https:\/\/www.readco-ai.eu\/","title":{"rendered":"Ana Sayfa"},"content":{"rendered":"\n<div style=\"height:0px\" aria-hidden=\"true\" class=\"wp-block-spacer\"><\/div>\n\n\n\n<div class=\"wp-block-group alignfull is-style-default has-white-color has-primary-background-color has-text-color has-background\" style=\"margin-top:0;margin-bottom:0;padding-top:var(--wp--preset--spacing--20);padding-right:0;padding-bottom:0.44rem;padding-left:0\"><div class=\"wp-block-group__inner-container is-layout-flow wp-container-core-group-is-layout-74a7b15e wp-block-group-is-layout-flow\">\n<div style=\"height:59px\" aria-hidden=\"true\" class=\"wp-block-spacer\"><\/div>\n\n\n<div class=\"wp-block-image is-style-default\">\n<figure class=\"aligncenter size-full is-resized has-custom-border\" style=\"margin-top:0;margin-bottom:0\"><img loading=\"lazy\" decoding=\"async\" width=\"2469\" height=\"2469\" src=\"https:\/\/www.readco-ai.eu\/files\/2026\/03\/home-blink-big-size-1.jpg\" alt=\"\" class=\"wp-image-2733\" style=\"border-style:none;border-width:0px;aspect-ratio:1;object-fit:cover;width:450px\" srcset=\"https:\/\/www.readco-ai.eu\/files\/2026\/03\/home-blink-big-size-1.jpg 2469w, https:\/\/www.readco-ai.eu\/files\/2026\/03\/home-blink-big-size-1-300x300.jpg 300w, https:\/\/www.readco-ai.eu\/files\/2026\/03\/home-blink-big-size-1-1024x1024.jpg 1024w, https:\/\/www.readco-ai.eu\/files\/2026\/03\/home-blink-big-size-1-150x150.jpg 150w, https:\/\/www.readco-ai.eu\/files\/2026\/03\/home-blink-big-size-1-768x768.jpg 768w, https:\/\/www.readco-ai.eu\/files\/2026\/03\/home-blink-big-size-1-1536x1536.jpg 1536w, https:\/\/www.readco-ai.eu\/files\/2026\/03\/home-blink-big-size-1-2048x2048.jpg 2048w\" sizes=\"auto, (max-width: 2469px) 100vw, 2469px\" \/><\/figure>\n<\/div>\n\n\n<div style=\"height:87px\" aria-hidden=\"true\" class=\"wp-block-spacer\"><\/div>\n\n\n\n<div class=\"wp-block-buttons is-content-justification-center is-layout-flex wp-container-core-buttons-is-layout-a89b3969 wp-block-buttons-is-layout-flex\">\n<div class=\"wp-block-button has-custom-width wp-block-button__width-25 is-style-outline is-style-outline--1\"><a class=\"wp-block-button__link has-gray-900-background-color has-background has-s-font-size has-custom-font-size wp-element-button\" href=\"https:\/\/www.readco-ai.eu\/tr\/about\"><strong>Hakk\u0131m\u0131zda<\/strong> \u2192<\/a><\/div>\n<\/div>\n\n\n\n<div style=\"height:66px\" aria-hidden=\"true\" class=\"wp-block-spacer\"><\/div>\n<\/div><\/div>\n\n\n\n<div style=\"height:50px\" aria-hidden=\"true\" class=\"wp-block-spacer\"><\/div>\n\n\n\n<div class=\"wp-block-group alignfull\" style=\"padding-top:var(--wp--preset--spacing--60);padding-bottom:0\"><div class=\"wp-block-group__inner-container is-layout-flow wp-block-group-is-layout-flow\">\n<h2 class=\"wp-block-heading has-text-align-center has-xxxl-font-size\"><a><strong>Hakk\u0131m\u0131zda<\/strong><\/a><\/h2>\n\n\n\n<div class=\"wp-block-columns are-vertically-aligned-center\">\n<div class=\"wp-block-column is-vertically-aligned-center\" style=\"flex-basis:80%\">\n<figure class=\"wp-block-image size-large\"><img loading=\"lazy\" decoding=\"async\" width=\"1024\" height=\"485\" src=\"https:\/\/www.readco-ai.eu\/files\/2025\/05\/PHOTO-2025-01-17-13-03-07-1024x485.jpg\" alt=\"\" class=\"wp-image-1105\" srcset=\"https:\/\/www.readco-ai.eu\/files\/2025\/05\/PHOTO-2025-01-17-13-03-07-1024x485.jpg 1024w, https:\/\/www.readco-ai.eu\/files\/2025\/05\/PHOTO-2025-01-17-13-03-07-300x142.jpg 300w, https:\/\/www.readco-ai.eu\/files\/2025\/05\/PHOTO-2025-01-17-13-03-07-768x364.jpg 768w, https:\/\/www.readco-ai.eu\/files\/2025\/05\/PHOTO-2025-01-17-13-03-07-1536x728.jpg 1536w, https:\/\/www.readco-ai.eu\/files\/2025\/05\/PHOTO-2025-01-17-13-03-07-2048x970.jpg 2048w\" sizes=\"auto, (max-width: 1024px) 100vw, 1024px\" \/><\/figure>\n\n\n\n<div class=\"wp-block-columns\">\n<div class=\"wp-block-column is-vertically-aligned-center\" style=\"flex-basis:40%\">\n<p>T\u00fcm Avrupa&#8217;da d\u00f6rt farkl\u0131 \u00fclkede be\u015f farkl\u0131 kurumda&nbsp;farkl\u0131 disiplinlerde \u00e7al\u0131\u015fan ara\u015ft\u0131rmac\u0131lardan olu\u015fan geni\u015f bir ekibiz.<\/p>\n\n\n\n<p><strong><a href=\"https:\/\/www.readco-ai.eu\/tr\/team\/\">\u2192 Hakk\u0131m\u0131zda daha fazla bilgi i\u00e7in\u2026<\/a><\/strong><\/p>\n<\/div>\n<\/div>\n<\/div>\n<\/div>\n\n\n\n<div class=\"wp-block-columns are-vertically-aligned-center\">\n<div class=\"wp-block-column is-vertically-aligned-center\">\n<figure class=\"wp-block-image size-full\"><a href=\"https:\/\/www.fau.eu\"><img loading=\"lazy\" decoding=\"async\" width=\"706\" height=\"336\" src=\"https:\/\/www.readco-ai.eu\/files\/2025\/02\/FAU_Kernmarke_H_RGB_blue.png\" alt=\"\" class=\"wp-image-332\" srcset=\"https:\/\/www.readco-ai.eu\/files\/2025\/02\/FAU_Kernmarke_H_RGB_blue.png 706w, https:\/\/www.readco-ai.eu\/files\/2025\/02\/FAU_Kernmarke_H_RGB_blue-300x143.png 300w\" sizes=\"auto, (max-width: 706px) 100vw, 706px\" \/><\/a><\/figure>\n<\/div>\n\n\n\n<div class=\"wp-block-column is-vertically-aligned-center\">\n<figure class=\"wp-block-image size-large\"><a href=\"https:\/\/www.anadolu.edu.tr\/en\"><img loading=\"lazy\" decoding=\"async\" width=\"1024\" height=\"416\" src=\"https:\/\/www.readco-ai.eu\/files\/2025\/02\/Anadolu-1024x416.png\" alt=\"\" class=\"wp-image-333\" srcset=\"https:\/\/www.readco-ai.eu\/files\/2025\/02\/Anadolu-1024x416.png 1024w, https:\/\/www.readco-ai.eu\/files\/2025\/02\/Anadolu-300x122.png 300w, https:\/\/www.readco-ai.eu\/files\/2025\/02\/Anadolu-768x312.png 768w, https:\/\/www.readco-ai.eu\/files\/2025\/02\/Anadolu.png 1166w\" sizes=\"auto, (max-width: 1024px) 100vw, 1024px\" \/><\/a><\/figure>\n<\/div>\n\n\n\n<div class=\"wp-block-column is-vertically-aligned-center\">\n<figure class=\"wp-block-image size-full\"><a href=\"https:\/\/vfu.bg\/en\/\"><img loading=\"lazy\" decoding=\"async\" width=\"600\" height=\"270\" src=\"https:\/\/www.readco-ai.eu\/files\/2025\/02\/VFU.jpg\" alt=\"\" class=\"wp-image-334\" srcset=\"https:\/\/www.readco-ai.eu\/files\/2025\/02\/VFU.jpg 600w, https:\/\/www.readco-ai.eu\/files\/2025\/02\/VFU-300x135.jpg 300w\" sizes=\"auto, (max-width: 600px) 100vw, 600px\" \/><\/a><\/figure>\n<\/div>\n\n\n\n<div class=\"wp-block-column is-vertically-aligned-center\">\n<figure class=\"wp-block-image size-large\"><a href=\"https:\/\/www.uniwa.gr\/en\/\"><img loading=\"lazy\" decoding=\"async\" width=\"1024\" height=\"311\" src=\"https:\/\/www.readco-ai.eu\/files\/2025\/02\/UNIWA-1024x311.png\" alt=\"\" class=\"wp-image-335\" srcset=\"https:\/\/www.readco-ai.eu\/files\/2025\/02\/UNIWA-1024x311.png 1024w, https:\/\/www.readco-ai.eu\/files\/2025\/02\/UNIWA-300x91.png 300w, https:\/\/www.readco-ai.eu\/files\/2025\/02\/UNIWA-768x233.png 768w, https:\/\/www.readco-ai.eu\/files\/2025\/02\/UNIWA-1536x466.png 1536w, https:\/\/www.readco-ai.eu\/files\/2025\/02\/UNIWA-2048x621.png 2048w\" sizes=\"auto, (max-width: 1024px) 100vw, 1024px\" \/><\/a><\/figure>\n<\/div>\n\n\n\n<div class=\"wp-block-column is-vertically-aligned-center\">\n<figure class=\"wp-block-image size-full\"><a href=\"https:\/\/sites.google.com\/view\/themeli-languages\"><img loading=\"lazy\" decoding=\"async\" width=\"415\" height=\"276\" src=\"https:\/\/www.readco-ai.eu\/files\/2025\/02\/Themeli.png\" alt=\"\" class=\"wp-image-336\" srcset=\"https:\/\/www.readco-ai.eu\/files\/2025\/02\/Themeli.png 415w, https:\/\/www.readco-ai.eu\/files\/2025\/02\/Themeli-300x200.png 300w\" sizes=\"auto, (max-width: 415px) 100vw, 415px\" \/><\/a><\/figure>\n<\/div>\n<\/div>\n<\/div><\/div>\n\n\n\n<div class=\"wp-block-group alignfull has-gray-100-background-color has-background\"><div class=\"wp-block-group__inner-container is-layout-constrained wp-block-group-is-layout-constrained\">\n<h2 class=\"wp-block-heading has-xxl-font-size\">Son Geli\u015fmeler<\/h2>\n\n\n<ul class=\"wp-block-latest-posts__list has-dates is-style-blog-like wp-block-latest-posts\"><li><div class=\"wp-block-latest-posts__featured-image\"><img loading=\"lazy\" decoding=\"async\" width=\"985\" height=\"644\" src=\"https:\/\/www.readco-ai.eu\/files\/2026\/03\/Screenshot-2026-03-03-192047.png\" class=\"attachment-large size-large wp-post-image\" alt=\"\" style=\"\" srcset=\"https:\/\/www.readco-ai.eu\/files\/2026\/03\/Screenshot-2026-03-03-192047.png 985w, https:\/\/www.readco-ai.eu\/files\/2026\/03\/Screenshot-2026-03-03-192047-300x196.png 300w, https:\/\/www.readco-ai.eu\/files\/2026\/03\/Screenshot-2026-03-03-192047-768x502.png 768w\" sizes=\"auto, (max-width: 985px) 100vw, 985px\" \/><\/div><a class=\"wp-block-latest-posts__post-title\" href=\"https:\/\/www.readco-ai.eu\/tr\/first-readco-ai-stories-published\/\">\u0130lk Readco.AI hikayeleri yay\u0131nland\u0131<\/a><div class=\"entry-meta\"><time datetime=\"2026-03-05T13:38:34+01:00\" class=\"wp-block-latest-posts__post-date\">5. Mart 2026<\/time><\/div><div class=\"wp-block-latest-posts__post-excerpt\"><div class=\"entry-summary\">\nYaratt\u0131\u011f\u0131m\u0131z hikayelerin bir k\u0131sm\u0131n\u0131n g\u00f6rselle\u015ftirildi\u011fini gururla sizlerle payla\u015f\u0131yoruz. Etkileyici \u00e7izgi roman ve animasyonlar\u0131m\u0131z\u0131 bu linkten inceleyebilirsiniz: https:\/\/www.readco-ai.eu\/comics\/ T\u00fcm hikayeler, duygusal olarak ilgi \u00e7ekici bir yap\u0131ya sahiptir. Her hikaye, Birle\u015fmi\u015f Milletler&#8217;in s\u00fcrd\u00fcr\u00fclebilir kalk\u0131nma hedeflerinden birinin mesaj\u0131n\u0131 i\u00e7ermektedir. \u00d6\u011frencilerinizle, meslekta\u015flar\u0131n\u0131zla veya tek&hellip;\n<\/div><div class=\"link-more-container\"><a href=\"https:\/\/www.readco-ai.eu\/tr\/first-readco-ai-stories-published\/\" class=\"link-more button\" aria-label=\"Continue reading \u0130lk Readco.AI hikayeleri yay\u0131nland\u0131\">Continue reading&hellip;<\/a><\/div><\/div><\/li>\n<\/ul>\n\n\n<p><strong><a href=\"https:\/\/www.readco-ai.eu\/tr\/ai-fellows\/\">\u2192 Eski Haberler<\/a><\/strong><\/p>\n<\/div><\/div>\n\n\n\n<div class=\"wp-block-group alignfull has-gray-100-background-color has-background\"><div class=\"wp-block-group__inner-container is-layout-constrained wp-block-group-is-layout-constrained\">\n<h2 class=\"wp-block-heading is-style-no-margin-vertical has-xxl-font-size\" style=\"padding-bottom:var(--wp--preset--spacing--30)\"><a><strong>B\u00fcltenimize abone olun!<\/strong><\/a><\/h2>\n\n\n<form action=\"https:\/\/www.readco-ai.eu\/wp-json\/ws-form\/v1\/submit\" class=\"wsf-form wsf-form-canvas\" id=\"ws-form-1\" data-id=\"10\" method=\"POST\" data-instance-id=\"1\" data-wsf-style-id=\"1\"><\/form><\/div><\/div>\n","protected":false},"excerpt":{"rendered":"<div class=\"entry-summary\">\nHakk\u0131m\u0131zda T\u00fcm Avrupa&#8217;da d\u00f6rt farkl\u0131 \u00fclkede be\u015f farkl\u0131 kurumda&nbsp;farkl\u0131 disiplinlerde \u00e7al\u0131\u015fan ara\u015ft\u0131rmac\u0131lardan olu\u015fan geni\u015f bir ekibiz. \u2192 Hakk\u0131m\u0131zda daha fazla bilgi i\u00e7in\u2026 Son Geli\u015fmeler \u2192 Eski Haberler B\u00fcltenimize abone olun!\n<\/div>\n<div class=\"link-more-container\"><a href=\"https:\/\/www.readco-ai.eu\/\" class=\"link-more button\" aria-label=\"Continue reading Ana Sayfa\">Continue reading&hellip;<\/a><\/div>\n","protected":false},"author":1720,"featured_media":0,"parent":0,"menu_order":0,"comment_status":"closed","ping_status":"closed","template":"","meta":{"_rrze_cache":"enabled","_rrze_multilang_single_locale":"tr_TR","_rrze_multilang_single_source":"https:\/\/www.readco-ai.eu\/?page_id=319","footnotes":""},"page_category":[14],"page_tag":[],"class_list":["post-1625","page","type-page","status-publish","hentry","page_category-general","tr-TR","entry","entry-type-page"],"_links":{"self":[{"href":"https:\/\/www.readco-ai.eu\/wp-json\/wp\/v2\/pages\/1625","targetHints":{"allow":["GET"]}}],"collection":[{"href":"https:\/\/www.readco-ai.eu\/wp-json\/wp\/v2\/pages"}],"about":[{"href":"https:\/\/www.readco-ai.eu\/wp-json\/wp\/v2\/types\/page"}],"author":[{"embeddable":true,"href":"https:\/\/www.readco-ai.eu\/wp-json\/wp\/v2\/users\/1720"}],"replies":[{"embeddable":true,"href":"https:\/\/www.readco-ai.eu\/wp-json\/wp\/v2\/comments?post=1625"}],"version-history":[{"count":10,"href":"https:\/\/www.readco-ai.eu\/wp-json\/wp\/v2\/pages\/1625\/revisions"}],"predecessor-version":[{"id":2774,"href":"https:\/\/www.readco-ai.eu\/wp-json\/wp\/v2\/pages\/1625\/revisions\/2774"}],"wp:attachment":[{"href":"https:\/\/www.readco-ai.eu\/wp-json\/wp\/v2\/media?parent=1625"}],"wp:term":[{"taxonomy":"page_category","embeddable":true,"href":"https:\/\/www.readco-ai.eu\/wp-json\/wp\/v2\/page_category?post=1625"},{"taxonomy":"page_tag","embeddable":true,"href":"https:\/\/www.readco-ai.eu\/wp-json\/wp\/v2\/page_tag?post=1625"}],"curies":[{"name":"wp","href":"https:\/\/api.w.org\/{rel}","templated":true}]}}