{"id":1649,"date":"2025-07-09T15:55:40","date_gmt":"2025-07-09T13:55:40","guid":{"rendered":"https:\/\/www.readco-ai.eu\/?page_id=1649"},"modified":"2025-08-31T16:28:18","modified_gmt":"2025-08-31T14:28:18","slug":"ai-fellows","status":"publish","type":"page","link":"https:\/\/www.readco-ai.eu\/tr\/ai-fellows\/","title":{"rendered":"Haberler"},"content":{"rendered":"\n<div class=\"wp-block-group alignfull\"><div class=\"wp-block-group__inner-container is-layout-flow wp-block-group-is-layout-flow\"><div class=\"alignwide-wrap\" data-block=\"columns\">\n<div class=\"wp-block-columns alignwide\">\n<div class=\"wp-block-column\" style=\"flex-basis:50%\">\n<div style=\"height:76px\" aria-hidden=\"true\" class=\"wp-block-spacer\"><\/div>\n\n\n\n<h2 class=\"wp-block-heading\"><a><strong>Haberler<\/strong><\/a><\/h2>\n<\/div>\n\n\n\n<div class=\"wp-block-column\" style=\"flex-basis:50%\"><\/div>\n<\/div>\n<\/div>\n\n\n<div style=\"height:60px\" aria-hidden=\"true\" class=\"wp-block-spacer\"><\/div>\n\n\n<div class=\"alignwide-wrap\" data-block=\"latest-posts\"><ul class=\"wp-block-latest-posts__list has-dates alignwide is-style-blog-like wp-block-latest-posts\"><li><div class=\"wp-block-latest-posts__featured-image\"><img loading=\"lazy\" decoding=\"async\" width=\"985\" height=\"644\" src=\"https:\/\/www.readco-ai.eu\/files\/2026\/03\/Screenshot-2026-03-03-192047.png\" class=\"attachment-large size-large wp-post-image\" alt=\"\" style=\"\" srcset=\"https:\/\/www.readco-ai.eu\/files\/2026\/03\/Screenshot-2026-03-03-192047.png 985w, https:\/\/www.readco-ai.eu\/files\/2026\/03\/Screenshot-2026-03-03-192047-300x196.png 300w, https:\/\/www.readco-ai.eu\/files\/2026\/03\/Screenshot-2026-03-03-192047-768x502.png 768w\" sizes=\"auto, (max-width: 985px) 100vw, 985px\" \/><\/div><a class=\"wp-block-latest-posts__post-title\" href=\"https:\/\/www.readco-ai.eu\/tr\/first-readco-ai-stories-published\/\">\u0130lk Readco.AI hikayeleri yay\u0131nland\u0131<\/a><div class=\"entry-meta\"><time datetime=\"2026-03-05T13:38:34+01:00\" class=\"wp-block-latest-posts__post-date\">5. Mart 2026<\/time><\/div><div class=\"wp-block-latest-posts__post-excerpt\"><div class=\"entry-summary\">\nYaratt\u0131\u011f\u0131m\u0131z hikayelerin bir k\u0131sm\u0131n\u0131n g\u00f6rselle\u015ftirildi\u011fini gururla sizlerle payla\u015f\u0131yoruz. Etkileyici \u00e7izgi roman ve animasyonlar\u0131m\u0131z\u0131 bu linkten inceleyebilirsiniz: https:\/\/www.readco-ai.eu\/comics\/ T\u00fcm hikayeler, duygusal&hellip;\n<\/div><div class=\"link-more-container\"><a href=\"https:\/\/www.readco-ai.eu\/tr\/first-readco-ai-stories-published\/\" class=\"link-more button\" aria-label=\"Continue reading \u0130lk Readco.AI hikayeleri yay\u0131nland\u0131\">Continue reading&hellip;<\/a><\/div><\/div><\/li>\n<li><div class=\"wp-block-latest-posts__featured-image\"><img loading=\"lazy\" decoding=\"async\" width=\"754\" height=\"890\" src=\"https:\/\/www.readco-ai.eu\/files\/2025\/12\/READ-logo-xmass.jpg\" class=\"attachment-large size-large wp-post-image\" alt=\"\" style=\"\" srcset=\"https:\/\/www.readco-ai.eu\/files\/2025\/12\/READ-logo-xmass.jpg 754w, https:\/\/www.readco-ai.eu\/files\/2025\/12\/READ-logo-xmass-254x300.jpg 254w\" sizes=\"auto, (max-width: 754px) 100vw, 754px\" \/><\/div><a class=\"wp-block-latest-posts__post-title\" href=\"https:\/\/www.readco-ai.eu\/tr\/happy-holidays\/\">Happy Holidays\u00a0\ud83c\udf1f\u00a0Merry X-Mas\u00a0\ud83c\udf1f\u00a0Frohe Weihnachten\u00a0\ud83c\udf1f \u039a\u03b1\u03bb\u03ad\u03c2 \u0394\u03b9\u03b1\u03ba\u03bf\u03c0\u03ad\u03c2\u00a0\ud83c\udf1f\u00a0\u0412\u0435\u0441\u0435\u043b\u0438 \u043f\u0440\u0430\u0437\u043d\u0438\u0446\u0438!\u00a0\ud83c\udf1f\u00a0Bon Noel\u00a0\ud83c\udf1fMutlu Y\u0131llar<\/a><div class=\"entry-meta\"><time datetime=\"2025-12-22T19:41:16+01:00\" class=\"wp-block-latest-posts__post-date\">22. Aral\u0131k 2025<\/time><\/div><div class=\"wp-block-latest-posts__post-excerpt\"><div class=\"entry-summary\">\nReadcoAI kapsam\u0131nda geli\u015ftirece\u011fimiz t\u00fcm yenilikleri heyecanla takip ediyoruz. Projeye ili\u015fkin g\u00fcncel geli\u015fmeleri sizlerle payla\u015fmaya devam edece\u011fiz.\n<\/div><div class=\"link-more-container\"><a href=\"https:\/\/www.readco-ai.eu\/tr\/happy-holidays\/\" class=\"link-more button\" aria-label=\"Continue reading Happy Holidays\u00a0\ud83c\udf1f\u00a0Merry X-Mas\u00a0\ud83c\udf1f\u00a0Frohe Weihnachten\u00a0\ud83c\udf1f \u039a\u03b1\u03bb\u03ad\u03c2 \u0394\u03b9\u03b1\u03ba\u03bf\u03c0\u03ad\u03c2\u00a0\ud83c\udf1f\u00a0\u0412\u0435\u0441\u0435\u043b\u0438 \u043f\u0440\u0430\u0437\u043d\u0438\u0446\u0438!\u00a0\ud83c\udf1f\u00a0Bon Noel\u00a0\ud83c\udf1fMutlu Y\u0131llar\">Continue reading&hellip;<\/a><\/div><\/div><\/li>\n<li><div class=\"wp-block-latest-posts__featured-image\"><img loading=\"lazy\" decoding=\"async\" width=\"527\" height=\"659\" src=\"https:\/\/www.readco-ai.eu\/files\/2025\/12\/m2.png\" class=\"attachment-large size-large wp-post-image\" alt=\"\" style=\"\" srcset=\"https:\/\/www.readco-ai.eu\/files\/2025\/12\/m2.png 527w, https:\/\/www.readco-ai.eu\/files\/2025\/12\/m2-240x300.png 240w\" sizes=\"auto, (max-width: 527px) 100vw, 527px\" \/><\/div><a class=\"wp-block-latest-posts__post-title\" href=\"https:\/\/www.readco-ai.eu\/tr\/first-pilot-of-the-web-app-at-fau\/\">Web uygulamas\u0131n\u0131n FAU&#8217;da ilk pilot uygulamas\u0131<\/a><div class=\"entry-meta\"><time datetime=\"2025-12-21T19:42:49+01:00\" class=\"wp-block-latest-posts__post-date\">21. Aral\u0131k 2025<\/time><\/div><div class=\"wp-block-latest-posts__post-excerpt\"><div class=\"entry-summary\">\nAral\u0131k ay\u0131n\u0131n ba\u015f\u0131nda, web tabanl\u0131 ReadcoAI uygulamas\u0131 FAU Dil Merkezi\u2019nde pilot olarak test edildi. Farkl\u0131 k\u00f6kenlerden ve farkl\u0131 b\u00f6l\u00fcmlerden 20&hellip;\n<\/div><div class=\"link-more-container\"><a href=\"https:\/\/www.readco-ai.eu\/tr\/first-pilot-of-the-web-app-at-fau\/\" class=\"link-more button\" aria-label=\"Continue reading Web uygulamas\u0131n\u0131n FAU&#8217;da ilk pilot uygulamas\u0131\">Continue reading&hellip;<\/a><\/div><\/div><\/li>\n<li><div class=\"wp-block-latest-posts__featured-image\"><img loading=\"lazy\" decoding=\"async\" width=\"611\" height=\"403\" src=\"https:\/\/www.readco-ai.eu\/files\/2025\/12\/t3m1.png\" class=\"attachment-large size-large wp-post-image\" alt=\"\" style=\"\" srcset=\"https:\/\/www.readco-ai.eu\/files\/2025\/12\/t3m1.png 611w, https:\/\/www.readco-ai.eu\/files\/2025\/12\/t3m1-300x198.png 300w\" sizes=\"auto, (max-width: 611px) 100vw, 611px\" \/><\/div><a class=\"wp-block-latest-posts__post-title\" href=\"https:\/\/www.readco-ai.eu\/tr\/3rd-transnational-partner-meeting-online\/\">3. uluslararas\u0131 ortak toplant\u0131s\u0131 &#8211; \u00e7evrimi\u00e7i<\/a><div class=\"entry-meta\"><time datetime=\"2025-12-21T12:45:00+01:00\" class=\"wp-block-latest-posts__post-date\">21. Aral\u0131k 2025<\/time><\/div><div class=\"wp-block-latest-posts__post-excerpt\"><div class=\"entry-summary\">\n3. Uluslararas\u0131 ortakl\u0131k toplant\u0131m\u0131z\u0131, AB Ye\u015fil Mutabakat\u0131\u2019na olan ba\u011fl\u0131l\u0131\u011f\u0131m\u0131z\u0131n bir g\u00f6stergesi olarak \u00e7evrim i\u00e7i ortamda ger\u00e7ekle\u015ftirdik. ReadcoAI hik\u00e2yeleri i\u00e7in g\u00f6rsel&hellip;\n<\/div><div class=\"link-more-container\"><a href=\"https:\/\/www.readco-ai.eu\/tr\/3rd-transnational-partner-meeting-online\/\" class=\"link-more button\" aria-label=\"Continue reading 3. uluslararas\u0131 ortak toplant\u0131s\u0131 &#8211; \u00e7evrimi\u00e7i\">Continue reading&hellip;<\/a><\/div><\/div><\/li>\n<\/ul><\/div>\n\n\n<div style=\"height:100px\" aria-hidden=\"true\" class=\"wp-block-spacer\"><\/div>\n<\/div><\/div>\n\n\n\n<div style=\"height:1em\" aria-hidden=\"true\" class=\"wp-block-spacer\"><\/div>\n\n\n\n<div class=\"wp-block-group\"><div class=\"wp-block-group__inner-container is-layout-constrained wp-block-group-is-layout-constrained\">\n<h2 class=\"wp-block-heading is-style-no-margin-vertical has-xxl-font-size\" style=\"padding-bottom:var(--wp--preset--spacing--30)\"><a><strong>B\u00fcltenimize<\/strong>&nbsp;<strong>abone<\/strong>&nbsp;<strong>olun<\/strong>!<\/a><\/h2>\n\n\n\n<p class=\"is-style-default\">READCO AI ile ilgili en son geli\u015fmelerden haberdar olmak ister misiniz?<\/p>\n\n\n<form action=\"https:\/\/www.readco-ai.eu\/wp-json\/ws-form\/v1\/submit\" class=\"wsf-form wsf-form-canvas\" id=\"ws-form-1\" data-id=\"10\" method=\"POST\" data-instance-id=\"1\" data-wsf-style-id=\"1\"><\/form><\/div><\/div>\n","protected":false},"excerpt":{"rendered":"<div class=\"entry-summary\">\nHaberler B\u00fcltenimize&nbsp;abone&nbsp;olun! READCO AI ile ilgili en son geli\u015fmelerden haberdar olmak ister misiniz?\n<\/div>\n<div class=\"link-more-container\"><a href=\"https:\/\/www.readco-ai.eu\/tr\/ai-fellows\/\" class=\"link-more button\" aria-label=\"Continue reading Haberler\">Continue reading&hellip;<\/a><\/div>\n","protected":false},"author":1720,"featured_media":842,"parent":0,"menu_order":0,"comment_status":"closed","ping_status":"closed","template":"","meta":{"_rrze_cache":"enabled","_rrze_multilang_single_locale":"tr_TR","_rrze_multilang_single_source":"https:\/\/www.readco-ai.eu\/?page_id=383","footnotes":""},"page_category":[],"page_tag":[],"class_list":["post-1649","page","type-page","status-publish","has-post-thumbnail","hentry","tr-TR","entry","entry-type-page"],"_links":{"self":[{"href":"https:\/\/www.readco-ai.eu\/wp-json\/wp\/v2\/pages\/1649","targetHints":{"allow":["GET"]}}],"collection":[{"href":"https:\/\/www.readco-ai.eu\/wp-json\/wp\/v2\/pages"}],"about":[{"href":"https:\/\/www.readco-ai.eu\/wp-json\/wp\/v2\/types\/page"}],"author":[{"embeddable":true,"href":"https:\/\/www.readco-ai.eu\/wp-json\/wp\/v2\/users\/1720"}],"replies":[{"embeddable":true,"href":"https:\/\/www.readco-ai.eu\/wp-json\/wp\/v2\/comments?post=1649"}],"version-history":[{"count":2,"href":"https:\/\/www.readco-ai.eu\/wp-json\/wp\/v2\/pages\/1649\/revisions"}],"predecessor-version":[{"id":1824,"href":"https:\/\/www.readco-ai.eu\/wp-json\/wp\/v2\/pages\/1649\/revisions\/1824"}],"wp:featuredmedia":[{"embeddable":true,"href":"https:\/\/www.readco-ai.eu\/wp-json\/wp\/v2\/media\/842"}],"wp:attachment":[{"href":"https:\/\/www.readco-ai.eu\/wp-json\/wp\/v2\/media?parent=1649"}],"wp:term":[{"taxonomy":"page_category","embeddable":true,"href":"https:\/\/www.readco-ai.eu\/wp-json\/wp\/v2\/page_category?post=1649"},{"taxonomy":"page_tag","embeddable":true,"href":"https:\/\/www.readco-ai.eu\/wp-json\/wp\/v2\/page_tag?post=1649"}],"curies":[{"name":"wp","href":"https:\/\/api.w.org\/{rel}","templated":true}]}}