{"id":1651,"date":"2025-07-09T15:59:36","date_gmt":"2025-07-09T13:59:36","guid":{"rendered":"https:\/\/www.readco-ai.eu\/?page_id=1651"},"modified":"2026-01-27T12:00:40","modified_gmt":"2026-01-27T11:00:40","slug":"resources","status":"publish","type":"page","link":"https:\/\/www.readco-ai.eu\/tr\/resources\/","title":{"rendered":"Sonu\u00e7lar"},"content":{"rendered":"\n<div style=\"height:20px\" aria-hidden=\"true\" class=\"wp-block-spacer\"><\/div>\n\n\n\n<div class=\"wp-block-group\"><div class=\"wp-block-group__inner-container is-layout-constrained wp-block-group-is-layout-constrained\">\n<h4 class=\"wp-block-heading has-text-align-center\">T\u00dcM \u00c7\u0130ZG\u0130 ROMANLARI G\u00d6R<\/h4>\n\n\n\n<div class=\"wp-block-buttons is-horizontal is-content-justification-center is-layout-flex wp-container-core-buttons-is-layout-03627597 wp-block-buttons-is-layout-flex\">\n<div class=\"wp-block-button has-custom-width wp-block-button__width-75\"><a class=\"wp-block-button__link has-white-color has-gray-900-background-color has-text-color has-background has-text-align-center wp-element-button\" href=\"https:\/\/www.readco-ai.eu\/tr\/comics\/\">BURAYA TIKLAYIN \u2192<\/a><\/div>\n<\/div>\n<\/div><\/div>\n\n\n\n<div style=\"height:20px\" aria-hidden=\"true\" class=\"wp-block-spacer\"><\/div>\n\n\n\n<div class=\"wp-block-group alignfull\" style=\"border-style:none;border-width:0px;border-radius:0px;padding-top:var(--wp--preset--spacing--40);padding-right:0;padding-bottom:var(--wp--preset--spacing--40);padding-left:0\"><div class=\"wp-block-group__inner-container is-layout-constrained wp-container-core-group-is-layout-228c4f6c wp-block-group-is-layout-constrained\"><div class=\"alignwide-wrap\" data-block=\"media-text\">\n<div class=\"wp-block-media-text is-stacked-on-mobile\" style=\"grid-template-columns:39% auto\"><figure class=\"wp-block-media-text__media\"><img loading=\"lazy\" decoding=\"async\" width=\"1024\" height=\"1013\" src=\"https:\/\/www.readco-ai.eu\/files\/2026\/01\/wurra-life-on-land2499-1024x1013.jpg\" alt=\"\" class=\"wp-image-2282 size-full\" srcset=\"https:\/\/www.readco-ai.eu\/files\/2026\/01\/wurra-life-on-land2499-1024x1013.jpg 1024w, https:\/\/www.readco-ai.eu\/files\/2026\/01\/wurra-life-on-land2499-300x297.jpg 300w, https:\/\/www.readco-ai.eu\/files\/2026\/01\/wurra-life-on-land2499-768x760.jpg 768w, https:\/\/www.readco-ai.eu\/files\/2026\/01\/wurra-life-on-land2499.jpg 1092w\" sizes=\"auto, (max-width: 1024px) 100vw, 1024px\" \/><\/figure><div class=\"wp-block-media-text__content\">\n<h2 class=\"wp-block-heading has-xl-font-size\"><strong><strong>Hik\u00e2ye anlat\u0131m\u0131, \u00e7eviriler ve \u00f6\u011fretmenlere y\u00f6nelik e\u011fitim<\/strong><\/strong><\/h2>\n\n\n\n<p style=\"border-radius:10px\">\u0130\u015f Paketi 2, 17 BM S\u00fcrd\u00fcr\u00fclebilir Kalk\u0131nma Amac\u0131 (SKA) etraf\u0131nda ilgi \u00e7ekici anlat\u0131lar olu\u015fturmay\u0131 ama\u00e7lamaktad\u0131r. Bu hikayeler, \u0130ngilizce \u00f6\u011frenenlerin B2 seviyesindeki bilgilerini derinle\u015ftirmelerine olanak sa\u011flayacakt\u0131r.<br>Her hik\u00e2ye ile birlikte Sokratik&nbsp;y\u00f6nteme g\u00f6re haz\u0131rlanan bir dizi okuma anlama \u00f6devleri&nbsp;verilecektir. Ayr\u0131ca, bu \u00e7al\u0131\u015fma paketinde, \u00f6\u011fretmenlere \u0130ngilizce \u00f6\u011fretiminde hikayelerin kullan\u0131m\u0131 i\u00e7in uygulamal\u0131 materyaller&nbsp;sunan bir e\u011fitim ve bireysel \u00e7al\u0131\u015fma paketi geli\u015ftirilecektir.<\/p>\n\n\n\n<p><strong><a href=\"https:\/\/www.readco-ai.eu\/tr\/pedagogy\/\">\u2192 Daha fazla bilgi edin<\/a><\/strong><\/p>\n<\/div><\/div>\n<\/div><\/div><\/div>\n\n\n\n<div class=\"wp-block-group alignfull has-gray-100-background-color has-background\" style=\"border-style:none;border-width:0px;border-radius:0px;padding-top:var(--wp--preset--spacing--40);padding-right:0;padding-bottom:var(--wp--preset--spacing--40);padding-left:0\"><div class=\"wp-block-group__inner-container is-layout-constrained wp-container-core-group-is-layout-228c4f6c wp-block-group-is-layout-constrained\"><div class=\"alignwide-wrap\" data-block=\"media-text\">\n<div class=\"wp-block-media-text has-media-on-the-right is-stacked-on-mobile\" style=\"grid-template-columns:auto 39%\"><div class=\"wp-block-media-text__content\">\n<h2 class=\"wp-block-heading has-xl-font-size\"><strong><a><strong>\u0130\u00e7eri\u011fin g\u00f6rselle\u015ftirilmesi<\/strong><\/a><\/strong><\/h2>\n\n\n\n<p style=\"border-radius:10px\">\u0130\u015f Paketi 3, \u0130P2&#8217;de geli\u015ftirilen 17 hik\u00e2yenin g\u00f6rselle\u015ftirilmesini ama\u00e7lamaktad\u0131r. Baz\u0131 hikayeler \u00e7izgi roman olarak detayland\u0131r\u0131lacak, baz\u0131lar\u0131 ise t\u00fcm hikayelere uygulanacak bir g\u00f6rsel \u015fema izlenerek canland\u0131r\u0131lacakt\u0131r. Ayr\u0131ca, okuma anlama \u00f6devleri i\u00e7in g\u00f6rsel unsurlar\u0131n yan\u0131 s\u0131ra web uygulamas\u0131 i\u00e7in g\u00f6rseller de geli\u015ftirilecektir.<\/p>\n<\/div><figure class=\"wp-block-media-text__media\"><img loading=\"lazy\" decoding=\"async\" width=\"1024\" height=\"652\" src=\"https:\/\/www.readco-ai.eu\/files\/2026\/01\/amara-3-1-1024x652.jpg\" alt=\"\" class=\"wp-image-2283 size-full\" srcset=\"https:\/\/www.readco-ai.eu\/files\/2026\/01\/amara-3-1-1024x652.jpg 1024w, https:\/\/www.readco-ai.eu\/files\/2026\/01\/amara-3-1-300x191.jpg 300w, https:\/\/www.readco-ai.eu\/files\/2026\/01\/amara-3-1-768x489.jpg 768w, https:\/\/www.readco-ai.eu\/files\/2026\/01\/amara-3-1-1536x978.jpg 1536w, https:\/\/www.readco-ai.eu\/files\/2026\/01\/amara-3-1-2048x1304.jpg 2048w\" sizes=\"auto, (max-width: 1024px) 100vw, 1024px\" \/><\/figure><\/div>\n<\/div><\/div><\/div>\n\n\n\n<div class=\"wp-block-group alignfull\" style=\"border-style:none;border-width:0px;border-radius:0px;padding-top:var(--wp--preset--spacing--40);padding-right:0;padding-bottom:var(--wp--preset--spacing--40);padding-left:0\"><div class=\"wp-block-group__inner-container is-layout-constrained wp-container-core-group-is-layout-228c4f6c wp-block-group-is-layout-constrained\"><div class=\"alignwide-wrap\" data-block=\"media-text\">\n<div class=\"wp-block-media-text is-stacked-on-mobile\" style=\"grid-template-columns:39% auto\"><figure class=\"wp-block-media-text__media\"><img loading=\"lazy\" decoding=\"async\" width=\"599\" height=\"1024\" src=\"https:\/\/www.readco-ai.eu\/files\/2026\/01\/amara-6-599x1024.jpg\" alt=\"\" class=\"wp-image-2285 size-full\" srcset=\"https:\/\/www.readco-ai.eu\/files\/2026\/01\/amara-6-599x1024.jpg 599w, https:\/\/www.readco-ai.eu\/files\/2026\/01\/amara-6-176x300.jpg 176w, https:\/\/www.readco-ai.eu\/files\/2026\/01\/amara-6-768x1312.jpg 768w, https:\/\/www.readco-ai.eu\/files\/2026\/01\/amara-6-899x1536.jpg 899w, https:\/\/www.readco-ai.eu\/files\/2026\/01\/amara-6-1198x2048.jpg 1198w, https:\/\/www.readco-ai.eu\/files\/2026\/01\/amara-6.jpg 1357w\" sizes=\"auto, (max-width: 599px) 100vw, 599px\" \/><\/figure><div class=\"wp-block-media-text__content\">\n<h2 class=\"wp-block-heading has-xl-font-size\"><strong><strong><a><strong>Yapay zek\u00e2asistan\u0131 i\u00e7eren web tabanl\u0131 bir uygulaman\u0131n geli\u015ftirilmesi<\/strong><\/a><\/strong><\/strong><\/h2>\n\n\n\n<p style=\"border-radius:10px\">\u0130\u015f Paketi 4, hem ki\u015fisel bilgisayarlardan hem de mobil cihazlardan eri\u015filebilen platformlar aras\u0131 bir mobil uygulama geli\u015ftirmeye odaklanmaktad\u0131r. Bu uygulama, Birle\u015fmi\u015f Milletlerin 17 S\u00fcrd\u00fcr\u00fclebilir Kalk\u0131nma Ama\u00e7lar\u0131ndan (SKA) esinlenen \u00e7izgi roman ve animasyon \u015feklinde sunulan ilgi \u00e7ekici g\u00f6rsel anlat\u0131lar\u0131 ve okuma anlama \u00f6devlerini i\u00e7erecektir. \u00d6devler, ki\u015fisel bir \u00f6\u011frenme asistan\u0131 olarak hareket eden yapay zek\u00e2 destekli bir Ak\u0131ll\u0131 E\u011fitmen ile birlikte sunulacakt\u0131r.<\/p>\n\n\n\n<p><strong><a href=\"https:\/\/www.readco-ai.eu\/tr\/toolkit\/\">\u2192 Daha fazla bilgi edin<\/a><\/strong><\/p>\n<\/div><\/div>\n<\/div><\/div><\/div>\n\n\n\n<div class=\"wp-block-group alignfull has-gray-100-background-color has-background\" style=\"border-style:none;border-width:0px;border-radius:0px;padding-top:var(--wp--preset--spacing--40);padding-right:0;padding-bottom:var(--wp--preset--spacing--40);padding-left:0\"><div class=\"wp-block-group__inner-container is-layout-constrained wp-container-core-group-is-layout-228c4f6c wp-block-group-is-layout-constrained\"><div class=\"alignwide-wrap\" data-block=\"media-text\">\n<div class=\"wp-block-media-text has-media-on-the-right is-stacked-on-mobile\" style=\"grid-template-columns:auto 39%\"><div class=\"wp-block-media-text__content\">\n<h2 class=\"wp-block-heading has-xl-font-size\"><strong><a><strong>READCO.AI Kitlesel A\u00e7\u0131k \u00c7evrimi\u00e7i Dersin (MOOC) Geli\u015ftirilmesi<\/strong><\/a><\/strong><\/h2>\n\n\n\n<p style=\"border-radius:10px\">\u0130\u015f Paketi 5, teorik temeller, pratik uygulamalar ve uygulaman\u0131n geli\u015fim yolculu\u011funa ili\u015fkin bilgiler sunan bir MOOC geli\u015ftirmeyi ama\u00e7lamaktad\u0131r. G\u00f6rselle\u015ftirme \u00f6rnekleri&nbsp;sergilenecek ve uygulama sunulacakt\u0131r. Proje sona erdikten sonra, MOOC bireysel \u00f6\u011frenme dersleri olarak sunulacakt\u0131r. Kat\u0131l\u0131mc\u0131lar aras\u0131nda dil \u00f6\u011fretmenleri, \u00f6\u011frenciler, dile&nbsp;merakl\u0131 ki\u015filer ve yapay zeka odakl\u0131 dil \u00f6\u011frenimi ile ilgilenen profesyoneller yer alabilir. MOOC&#8217;umuz&nbsp;d\u00f6rt haftal\u0131k \u00fccretsiz bir \u00e7evrimi\u00e7i kurs olarak 2027 y\u0131l\u0131n\u0131n ilk \u00e7eyre\u011finde ba\u015flayacakt\u0131r.<\/p>\n<\/div><figure class=\"wp-block-media-text__media\"><img loading=\"lazy\" decoding=\"async\" width=\"450\" height=\"606\" src=\"https:\/\/www.readco-ai.eu\/files\/2025\/06\/6-small.png\" alt=\"\" class=\"wp-image-1431 size-full\" srcset=\"https:\/\/www.readco-ai.eu\/files\/2025\/06\/6-small.png 450w, https:\/\/www.readco-ai.eu\/files\/2025\/06\/6-small-223x300.png 223w\" sizes=\"auto, (max-width: 450px) 100vw, 450px\" \/><\/figure><\/div>\n<\/div><\/div><\/div>\n\n\n\n<p><\/p>\n","protected":false},"excerpt":{"rendered":"<div class=\"entry-summary\">\nT\u00dcM \u00c7\u0130ZG\u0130 ROMANLARI G\u00d6R Hik\u00e2ye anlat\u0131m\u0131, \u00e7eviriler ve \u00f6\u011fretmenlere y\u00f6nelik e\u011fitim \u0130\u015f Paketi 2, 17 BM S\u00fcrd\u00fcr\u00fclebilir Kalk\u0131nma Amac\u0131 (SKA) etraf\u0131nda ilgi \u00e7ekici anlat\u0131lar olu\u015fturmay\u0131 ama\u00e7lamaktad\u0131r. Bu hikayeler, \u0130ngilizce \u00f6\u011frenenlerin B2 seviyesindeki&hellip;\n<\/div>\n<div class=\"link-more-container\"><a href=\"https:\/\/www.readco-ai.eu\/tr\/resources\/\" class=\"link-more button\" aria-label=\"Continue reading Sonu\u00e7lar\">Continue reading&hellip;<\/a><\/div>\n","protected":false},"author":1720,"featured_media":0,"parent":0,"menu_order":0,"comment_status":"closed","ping_status":"closed","template":"","meta":{"_rrze_cache":"enabled","_rrze_multilang_single_locale":"tr_TR","_rrze_multilang_single_source":"https:\/\/www.readco-ai.eu\/?page_id=389","footnotes":""},"page_category":[14],"page_tag":[],"class_list":["post-1651","page","type-page","status-publish","hentry","page_category-general","tr-TR","entry","entry-type-page"],"_links":{"self":[{"href":"https:\/\/www.readco-ai.eu\/wp-json\/wp\/v2\/pages\/1651","targetHints":{"allow":["GET"]}}],"collection":[{"href":"https:\/\/www.readco-ai.eu\/wp-json\/wp\/v2\/pages"}],"about":[{"href":"https:\/\/www.readco-ai.eu\/wp-json\/wp\/v2\/types\/page"}],"author":[{"embeddable":true,"href":"https:\/\/www.readco-ai.eu\/wp-json\/wp\/v2\/users\/1720"}],"replies":[{"embeddable":true,"href":"https:\/\/www.readco-ai.eu\/wp-json\/wp\/v2\/comments?post=1651"}],"version-history":[{"count":5,"href":"https:\/\/www.readco-ai.eu\/wp-json\/wp\/v2\/pages\/1651\/revisions"}],"predecessor-version":[{"id":2458,"href":"https:\/\/www.readco-ai.eu\/wp-json\/wp\/v2\/pages\/1651\/revisions\/2458"}],"wp:attachment":[{"href":"https:\/\/www.readco-ai.eu\/wp-json\/wp\/v2\/media?parent=1651"}],"wp:term":[{"taxonomy":"page_category","embeddable":true,"href":"https:\/\/www.readco-ai.eu\/wp-json\/wp\/v2\/page_category?post=1651"},{"taxonomy":"page_tag","embeddable":true,"href":"https:\/\/www.readco-ai.eu\/wp-json\/wp\/v2\/page_tag?post=1651"}],"curies":[{"name":"wp","href":"https:\/\/api.w.org\/{rel}","templated":true}]}}