{"id":1653,"date":"2025-07-09T15:57:36","date_gmt":"2025-07-09T13:57:36","guid":{"rendered":"https:\/\/www.readco-ai.eu\/?page_id=1653"},"modified":"2025-08-31T16:28:18","modified_gmt":"2025-08-31T14:28:18","slug":"pedagogy","status":"publish","type":"page","link":"https:\/\/www.readco-ai.eu\/tr\/pedagogy\/","title":{"rendered":"Pedagoji"},"content":{"rendered":"\n<div style=\"height:100px\" aria-hidden=\"true\" class=\"wp-block-spacer\"><\/div>\n\n\n\n<h2 class=\"wp-block-heading has-xl-font-size\"><strong><a><strong>BM De\u011ferleriyle Uyumlu Ele\u015ftirel D\u00fc\u015f\u00fcnme ve Empatiyi Geli\u015ftirmeye Y\u00f6nelik Bir Pedagoji<\/strong><\/a><\/strong><\/h2>\n\n\n\n<p style=\"border-radius:10px\">Pedagojik \u00e7er\u00e7eve, k\u00fcresel vatanda\u015fl\u0131k, s\u00fcrd\u00fcr\u00fclebilir kalk\u0131nma ve insan haklar\u0131 dahil olmak \u00fczere Birle\u015fmi\u015f Milletler (BM) taraf\u0131ndan benimsenen temel de\u011ferlerden yararlanarak ele\u015ftirel d\u00fc\u015f\u00fcnme ve empati geli\u015ftirmek \u00fczere tasarlanm\u0131\u015ft\u0131r. Bu yakla\u015f\u0131m iki farkl\u0131 ancak birbiriyle ba\u011flant\u0131l\u0131 \u00f6l\u00e7ekte \u00e7al\u0131\u015f\u0131r: kapsay\u0131c\u0131 \u00e7er\u00e7eveyi ve hedefleri belirleyen makro \u00f6l\u00e7ek ve bu hedefleri ger\u00e7ekle\u015ftirmek i\u00e7in kullan\u0131lan belirli metodolojileri tan\u0131mlayan mikro \u00f6l\u00e7ek.<\/p>\n\n\n\n<div class=\"wp-block-group alignfull has-gray-100-background-color has-background\"><div class=\"wp-block-group__inner-container is-layout-constrained wp-block-group-is-layout-constrained\"><div class=\"alignwide-wrap\" data-block=\"columns\">\n<div class=\"wp-block-columns alignwide are-vertically-aligned-center has-white-background-color has-background\" style=\"border-radius:10px\">\n<div class=\"wp-block-column is-vertically-aligned-center\" style=\"flex-basis:25%\">\n<p><strong>Makro \u00f6l\u00e7ekte <\/strong>pedagoji, BM de\u011ferlerine uyum yoluyla ele\u015ftirel d\u00fc\u015f\u00fcnme ve empatinin geli\u015ftirilmesine \u00f6ncelik vermekte, k\u00fcresel sorumluluk ve birbirine ba\u011fl\u0131l\u0131k duygusunu te\u015fvik etmektedir.<\/p>\n<\/div>\n\n\n\n<div class=\"wp-block-column is-vertically-aligned-center\" style=\"flex-basis:50%\">\n<figure class=\"wp-block-image size-full\"><img loading=\"lazy\" decoding=\"async\" width=\"602\" height=\"678\" src=\"https:\/\/www.readco-ai.eu\/files\/2025\/06\/Picture.png\" alt=\"\" class=\"wp-image-1298\" srcset=\"https:\/\/www.readco-ai.eu\/files\/2025\/06\/Picture.png 602w, https:\/\/www.readco-ai.eu\/files\/2025\/06\/Picture-266x300.png 266w\" sizes=\"auto, (max-width: 602px) 100vw, 602px\" \/><\/figure>\n<\/div>\n\n\n\n<div class=\"wp-block-column is-vertically-aligned-center\" style=\"flex-basis:25%\">\n<p><strong>Mikro \u00f6l\u00e7ekte <\/strong>iki temel y\u00f6ntem uygulanmaktad\u0131r:<\/p>\n\n\n\n<ol class=\"wp-block-list\">\n<li>Duygusal ba\u011f\u0131 ve ili\u015fkilendirilebilirli\u011fi&nbsp;harekete ge\u00e7irmek i\u00e7in n\u00f6robilim ilkelerine dayanan <strong>g\u00f6rsel hikaye anlat\u0131m\u0131<\/strong><\/li>\n\n\n\n<li>Yapay zeka (YZ) taraf\u0131ndan kolayla\u015ft\u0131r\u0131lan <strong>Sokratik diyalog<\/strong>, yans\u0131t\u0131c\u0131 d\u00fc\u015f\u00fcnmeyi ve \u00f6tekili\u011fin ve insanlar\u0131n birbirine ba\u011fl\u0131l\u0131\u011f\u0131n\u0131n daha derin bir \u015fekilde anla\u015f\u0131lmas\u0131n\u0131 te\u015fvik etmektedir<\/li>\n<\/ol>\n<\/div>\n<\/div>\n<\/div><\/div><\/div>\n\n\n\n<p style=\"border-radius:10px\">Hik\u00e2ye anlatma y\u00f6nteminin merkezinde, ayna n\u00f6ronlar\u0131n aktivasyonu yoluyla kolayla\u015ft\u0131r\u0131lan duygusal bula\u015fma kavram\u0131 (duygular\u0131n bireyler aras\u0131nda aktar\u0131ld\u0131\u011f\u0131 s\u00fcre\u00e7) yer almaktad\u0131r. Bu sinirbilimsel mekanizma, okuyucular\u0131n empatik tepkileri i\u00e7sel olarak sim\u00fcle etmelerini sa\u011flayarak duygusal deneyimler aras\u0131nda etkili bir k\u00f6pr\u00fc kurar. Dil \u00f6\u011frenimi ba\u011flam\u0131nda bu anlat\u0131lar, duygusal durumlar\u0131 yans\u0131tan ve beynin otomatik olarak ve genellikle bilin\u00e7sizce ba\u015fkalar\u0131n\u0131n eylemlerini veya duygular\u0131n\u0131 yans\u0131tt\u0131\u011f\u0131 bir s\u00fcre\u00e7 olan beynin duygu motor rezonans\u0131n\u0131 harekete ge\u00e7iren \u00f6zenle se\u00e7ilmi\u015f ifadeler kullanarak empatiyi geli\u015ftirmek i\u00e7in sinirbilimsel ilkelerden yararlan\u0131r. E\u015flik eden g\u00f6rsel unsurlar da ayn\u0131 amaca hizmet edecek \u015fekilde tasarlanm\u0131\u015f olup duygusal ba\u011fl\u0131l\u0131\u011f\u0131 ve empatik anlay\u0131\u015f\u0131 g\u00fc\u00e7lendirmektedir.<\/p>\n\n\n\n<p style=\"border-radius:10px\">Bir yapay zek\u00e2 arac\u0131s\u0131 yard\u0131m\u0131yla&nbsp;sunulan Sokratik diyalog, 17 S\u00fcrd\u00fcr\u00fclebilir Kalk\u0131nma Amac\u0131 (SKA) pencersinden ifade edildi\u011fi \u00fczere, sosyal ger\u00e7ekliklerin ele\u015ftirel bir incelemesinin yan\u0131 s\u0131ra duygusal ger\u00e7ekliklerin tan\u0131nmas\u0131na odaklanarak bu yakla\u015f\u0131m\u0131 daha da tamamlamaktad\u0131r. Bu y\u00f6ntem, \u00f6\u011frencileri toplumsal zorluklar \u00fczerinde ele\u015ftirel bir \u015fekilde d\u00fc\u015f\u00fcnmeye te\u015fvik ederken, farkl\u0131 bak\u0131\u015f a\u00e7\u0131lar\u0131n\u0131n empatik bir \u015fekilde anla\u015f\u0131lmas\u0131n\u0131 sa\u011flamakta ve bu sayede BM&#8217;nin s\u00fcrd\u00fcr\u00fclebilir ve kapsay\u0131c\u0131 k\u00fcresel kalk\u0131nma vizyonuyla uyumlu hale gelmektedir.&nbsp;T\u00fcm bu stratejiler, yaln\u0131zca dil edinimini geli\u015ftirmekle kalmay\u0131p ayn\u0131 zamanda k\u00fcresel vatanda\u015fl\u0131k i\u00e7in gerekli bili\u015fsel ve duygusal yetkinlikleri de besleyen sa\u011flam bir pedagojik model olu\u015fturur.<\/p>\n","protected":false},"excerpt":{"rendered":"<div class=\"entry-summary\">\nBM De\u011ferleriyle Uyumlu Ele\u015ftirel D\u00fc\u015f\u00fcnme ve Empatiyi Geli\u015ftirmeye Y\u00f6nelik Bir Pedagoji Pedagojik \u00e7er\u00e7eve, k\u00fcresel vatanda\u015fl\u0131k, s\u00fcrd\u00fcr\u00fclebilir kalk\u0131nma ve insan haklar\u0131 dahil olmak \u00fczere Birle\u015fmi\u015f Milletler (BM) taraf\u0131ndan benimsenen temel de\u011ferlerden yararlanarak ele\u015ftirel&hellip;\n<\/div>\n<div class=\"link-more-container\"><a href=\"https:\/\/www.readco-ai.eu\/tr\/pedagogy\/\" class=\"link-more button\" aria-label=\"Continue reading Pedagoji\">Continue reading&hellip;<\/a><\/div>\n","protected":false},"author":1720,"featured_media":0,"parent":0,"menu_order":0,"comment_status":"closed","ping_status":"closed","template":"","meta":{"_rrze_cache":"enabled","_rrze_multilang_single_locale":"tr_TR","_rrze_multilang_single_source":"https:\/\/www.readco-ai.eu\/?page_id=1041","footnotes":""},"page_category":[],"page_tag":[],"class_list":["post-1653","page","type-page","status-publish","hentry","tr-TR","entry","entry-type-page"],"_links":{"self":[{"href":"https:\/\/www.readco-ai.eu\/wp-json\/wp\/v2\/pages\/1653","targetHints":{"allow":["GET"]}}],"collection":[{"href":"https:\/\/www.readco-ai.eu\/wp-json\/wp\/v2\/pages"}],"about":[{"href":"https:\/\/www.readco-ai.eu\/wp-json\/wp\/v2\/types\/page"}],"author":[{"embeddable":true,"href":"https:\/\/www.readco-ai.eu\/wp-json\/wp\/v2\/users\/1720"}],"replies":[{"embeddable":true,"href":"https:\/\/www.readco-ai.eu\/wp-json\/wp\/v2\/comments?post=1653"}],"version-history":[{"count":2,"href":"https:\/\/www.readco-ai.eu\/wp-json\/wp\/v2\/pages\/1653\/revisions"}],"predecessor-version":[{"id":1971,"href":"https:\/\/www.readco-ai.eu\/wp-json\/wp\/v2\/pages\/1653\/revisions\/1971"}],"wp:attachment":[{"href":"https:\/\/www.readco-ai.eu\/wp-json\/wp\/v2\/media?parent=1653"}],"wp:term":[{"taxonomy":"page_category","embeddable":true,"href":"https:\/\/www.readco-ai.eu\/wp-json\/wp\/v2\/page_category?post=1653"},{"taxonomy":"page_tag","embeddable":true,"href":"https:\/\/www.readco-ai.eu\/wp-json\/wp\/v2\/page_tag?post=1653"}],"curies":[{"name":"wp","href":"https:\/\/api.w.org\/{rel}","templated":true}]}}