{"id":1655,"date":"2025-07-09T15:55:01","date_gmt":"2025-07-09T13:55:01","guid":{"rendered":"https:\/\/www.readco-ai.eu\/?page_id=1655"},"modified":"2025-08-31T16:28:17","modified_gmt":"2025-08-31T14:28:17","slug":"toolkit","status":"publish","type":"page","link":"https:\/\/www.readco-ai.eu\/tr\/toolkit\/","title":{"rendered":"Ara\u00e7 Seti"},"content":{"rendered":"\n<div style=\"height:100px\" aria-hidden=\"true\" class=\"wp-block-spacer\"><\/div>\n\n\n\n<div class=\"wp-block-group alignfull has-gray-100-background-color has-background\"><div class=\"wp-block-group__inner-container is-layout-constrained wp-block-group-is-layout-constrained\">\n<div class=\"wp-block-group has-white-background-color has-background\" style=\"border-radius:10px\"><div class=\"wp-block-group__inner-container is-layout-constrained wp-block-group-is-layout-constrained\">\n<h2 class=\"wp-block-heading has-xxl-font-size\"><a><strong>READCO.AI&#8217;n\u0131n Komut<\/strong><\/a><strong> <\/strong><strong>M\u00fchendisli\u011fi K\u0131lavuzu<\/strong><\/h2>\n\n\n\n<p class=\"is-style-no-margin-vertical\" style=\"border-radius:10px\">\u0130stem&nbsp;M\u00fchendisli\u011fi- \u00dcretken YZ&#8217;ya girdi haz\u0131rlama sanat\u0131 ve bilimi- \u00e7e\u015fitli uygulamalar i\u00e7in B\u00fcy\u00fck Dil Modellerinden (LLM) yararlanmada temel bir beceri olarak h\u0131zla ortaya \u00e7\u0131km\u0131\u015ft\u0131r. \u00dcretken YZ&#8217;nin ortaya \u00e7\u0131k\u0131\u015f\u0131ndan bu yana, ara\u015ft\u0131rmac\u0131lar ve uygulay\u0131c\u0131lar, YZ \u00e7\u0131kt\u0131lar\u0131n\u0131n etkinli\u011finin yaln\u0131zca model tasar\u0131mlar\u0131na ve verilere de\u011fil, ayn\u0131 zamanda komutlar\u0131n yarat\u0131c\u0131l\u0131\u011f\u0131na, netli\u011fine ve stratejik tasar\u0131m\u0131na da ba\u011fl\u0131 oldu\u011funu fark etmi\u015flerdir.<\/p>\n\n\n\n<p>Bu k\u0131lavuz, dil \u00f6\u011frenimi, s\u00fcrd\u00fcr\u00fclebilir kalk\u0131nma ve Sokratik sorgulama gibi pedagojik hedeflerle uyum sa\u011flarken model performans\u0131n\u0131 en \u00fcst d\u00fczeye \u00e7\u0131karan komutlar\u0131n nas\u0131l tasarlanaca\u011f\u0131n\u0131 g\u00f6steren, ipucu m\u00fchendisli\u011fine y\u00f6nelik yap\u0131land\u0131r\u0131lm\u0131\u015f bir yakla\u015f\u0131m sunmaktad\u0131r.<\/p>\n\n\n\n<div class=\"wp-block-buttons is-content-justification-right is-layout-flex wp-container-core-buttons-is-layout-d445cf74 wp-block-buttons-is-layout-flex\">\n<div class=\"wp-block-button is-style-secondary\"><a class=\"wp-block-button__link has-white-color has-secondary-background-color has-text-color has-background has-link-color has-text-align-center wp-element-button\" href=\"https:\/\/www.readco-ai.eu\/files\/2025\/05\/READCO-AI_Prompt-Engineering-Guide.pdf\">Komut M\u00fchendisli\u011fi K\u0131lavuzumuzu indirin (\u0130ngilizce)<\/a><\/div>\n<\/div>\n<\/div><\/div>\n<\/div><\/div>\n\n\n\n<div class=\"wp-block-group alignfull\" style=\"padding-bottom:var(--wp--preset--spacing--40)\"><div class=\"wp-block-group__inner-container is-layout-constrained wp-block-group-is-layout-constrained\">\n<h2 class=\"wp-block-heading has-xxl-font-size\"><a><strong>GenAI Ara\u00e7lar\u0131na K\u0131sa Bir Giri\u015f<\/strong><\/a><\/h2>\n\n\n\n<div class=\"wp-block-group\" style=\"border-radius:10px\"><div class=\"wp-block-group__inner-container is-layout-constrained wp-block-group-is-layout-constrained\">\n<p style=\"border-radius:10px\">Bu ara\u00e7 seti, \u00f6nde gelen \u00fcretken yapay zek\u00e2 ara\u00e7lar\u0131na, anla\u015f\u0131lmas\u0131 kolay ve geni\u015f kapsaml\u0131 bir giri\u015f sunarak yapay zek\u00e2 okuryazarl\u0131\u011f\u0131n\u0131z\u0131 art\u0131rmak i\u00e7in tasarlanm\u0131\u015ft\u0131r.<\/p>\n\n\n\n<div class=\"wp-block-buttons is-content-justification-right is-layout-flex wp-container-core-buttons-is-layout-d445cf74 wp-block-buttons-is-layout-flex\">\n<div class=\"wp-block-button is-style-secondary\"><a class=\"wp-block-button__link has-white-color has-secondary-background-color has-text-color has-background has-link-color wp-element-button\" href=\"https:\/\/www.readco-ai.eu\/files\/2025\/06\/READCO-AI_Toolkit01.pdf\">\u00dcretken yapay zek\u00e2 ara\u00e7lar\u0131na giri\u015f yaz\u0131m\u0131z\u0131 indirin (\u0130ngilizce)<\/a><\/div>\n<\/div>\n<\/div><\/div>\n<\/div><\/div>\n","protected":false},"excerpt":{"rendered":"<div class=\"entry-summary\">\nREADCO.AI&#8217;n\u0131n Komut M\u00fchendisli\u011fi K\u0131lavuzu \u0130stem&nbsp;M\u00fchendisli\u011fi- \u00dcretken YZ&#8217;ya girdi haz\u0131rlama sanat\u0131 ve bilimi- \u00e7e\u015fitli uygulamalar i\u00e7in B\u00fcy\u00fck Dil Modellerinden (LLM) yararlanmada temel bir beceri olarak h\u0131zla ortaya \u00e7\u0131km\u0131\u015ft\u0131r. \u00dcretken YZ&#8217;nin ortaya \u00e7\u0131k\u0131\u015f\u0131ndan bu&hellip;\n<\/div>\n<div class=\"link-more-container\"><a href=\"https:\/\/www.readco-ai.eu\/tr\/toolkit\/\" class=\"link-more button\" aria-label=\"Continue reading Ara\u00e7 Seti\">Continue reading&hellip;<\/a><\/div>\n","protected":false},"author":1720,"featured_media":0,"parent":0,"menu_order":0,"comment_status":"closed","ping_status":"closed","template":"","meta":{"_rrze_cache":"enabled","_rrze_multilang_single_locale":"tr_TR","_rrze_multilang_single_source":"https:\/\/www.readco-ai.eu\/?page_id=1045","footnotes":""},"page_category":[],"page_tag":[],"class_list":["post-1655","page","type-page","status-publish","hentry","tr-TR","entry","entry-type-page"],"_links":{"self":[{"href":"https:\/\/www.readco-ai.eu\/wp-json\/wp\/v2\/pages\/1655","targetHints":{"allow":["GET"]}}],"collection":[{"href":"https:\/\/www.readco-ai.eu\/wp-json\/wp\/v2\/pages"}],"about":[{"href":"https:\/\/www.readco-ai.eu\/wp-json\/wp\/v2\/types\/page"}],"author":[{"embeddable":true,"href":"https:\/\/www.readco-ai.eu\/wp-json\/wp\/v2\/users\/1720"}],"replies":[{"embeddable":true,"href":"https:\/\/www.readco-ai.eu\/wp-json\/wp\/v2\/comments?post=1655"}],"version-history":[{"count":3,"href":"https:\/\/www.readco-ai.eu\/wp-json\/wp\/v2\/pages\/1655\/revisions"}],"predecessor-version":[{"id":2011,"href":"https:\/\/www.readco-ai.eu\/wp-json\/wp\/v2\/pages\/1655\/revisions\/2011"}],"wp:attachment":[{"href":"https:\/\/www.readco-ai.eu\/wp-json\/wp\/v2\/media?parent=1655"}],"wp:term":[{"taxonomy":"page_category","embeddable":true,"href":"https:\/\/www.readco-ai.eu\/wp-json\/wp\/v2\/page_category?post=1655"},{"taxonomy":"page_tag","embeddable":true,"href":"https:\/\/www.readco-ai.eu\/wp-json\/wp\/v2\/page_tag?post=1655"}],"curies":[{"name":"wp","href":"https:\/\/api.w.org\/{rel}","templated":true}]}}