{"id":1657,"date":"2025-07-09T15:55:12","date_gmt":"2025-07-09T13:55:12","guid":{"rendered":"https:\/\/www.readco-ai.eu\/?page_id=1657"},"modified":"2026-03-29T23:41:15","modified_gmt":"2026-03-29T21:41:15","slug":"team","status":"publish","type":"page","link":"https:\/\/www.readco-ai.eu\/tr\/team\/","title":{"rendered":"Ekip"},"content":{"rendered":"\n<div style=\"height:5px\" aria-hidden=\"true\" class=\"wp-block-spacer\"><\/div>\n\n\n\n<div class=\"wp-block-group alignfull is-style-blob-top has-primary-background-color has-background\" style=\"padding-top:144px;padding-bottom:90px\"><div class=\"wp-block-group__inner-container is-layout-flow wp-block-group-is-layout-flow\"><div class=\"wp-block-image is-style-default wp-duotone-rgb255255255-rgba2552552550-1\">\n<figure class=\"aligncenter size-full is-resized has-custom-border\" style=\"margin-top:0;margin-bottom:0\"><img loading=\"lazy\" decoding=\"async\" width=\"843\" height=\"677\" src=\"https:\/\/www.readco-ai.eu\/files\/2026\/03\/logo-big-smile.png\" alt=\"\" class=\"wp-image-2818\" style=\"border-style:none;border-width:0px;width:120px\" srcset=\"https:\/\/www.readco-ai.eu\/files\/2026\/03\/logo-big-smile.png 843w, https:\/\/www.readco-ai.eu\/files\/2026\/03\/logo-big-smile-300x241.png 300w, https:\/\/www.readco-ai.eu\/files\/2026\/03\/logo-big-smile-768x617.png 768w\" sizes=\"auto, (max-width: 843px) 100vw, 843px\" \/><\/figure>\n<\/div>\n\n\n<div class=\"wp-block-columns are-vertically-aligned-center\">\n<div class=\"wp-block-column is-vertically-aligned-center\" style=\"flex-basis:50%\">\n<div style=\"height:10px\" aria-hidden=\"true\" class=\"wp-block-spacer\"><\/div>\n\n\n\n<blockquote class=\"wp-block-quote is-layout-flow wp-block-quote-is-layout-flow\">\n<h3 class=\"wp-block-heading has-text-align-center has-white-color has-text-color has-link-color has-xxl-font-size wp-elements-f0a0af4be0e599b749a33183d87e5933\">Ekibimiz<\/h3>\n<\/blockquote>\n\n\n\n<p class=\"has-text-align-center has-white-color has-text-color has-link-color has-l-font-size wp-elements-a18f889f8ec3cb48d73ea75297d77244\">Be\u015f kurumdan ve d\u00f6rt farkl\u0131 \u00fclkeden &#8211; Bulgaristan, Yunanistan, Almanya ve T\u00fcrkiye \u2013 ara\u015ft\u0131rmac\u0131lar<\/p>\n<\/div>\n<\/div>\n\n\n\n<div style=\"height:53px\" aria-hidden=\"true\" class=\"wp-block-spacer\"><\/div>\n\n\n<div class=\"alignwide-wrap\" data-block=\"group\">\n<div class=\"wp-block-group alignwide is-vertical is-content-justification-center is-layout-flex wp-container-core-group-is-layout-c4bc9e3f wp-block-group-is-layout-flex\" style=\"border-style:none;border-width:0px;border-top-left-radius:0px;border-top-right-radius:0px;border-bottom-left-radius:0px;border-bottom-right-radius:0px;margin-top:0;margin-bottom:0;padding-top:0;padding-right:var(--wp--preset--spacing--80);padding-bottom:0;padding-left:var(--wp--preset--spacing--80)\"><div class=\"alignwide-wrap\" data-block=\"columns\">\n<div class=\"wp-block-columns alignwide are-vertically-aligned-top is-style-default\" style=\"padding-right:var(--wp--preset--spacing--50);padding-left:var(--wp--preset--spacing--50)\">\n<div class=\"wp-block-column is-vertically-aligned-top\">\n<div class=\"wp-block-media-text is-stacked-on-mobile is-style-media-on-top has-white-color has-gray-100-background-color has-text-color has-background has-s-font-size\" style=\"border-style:none;border-width:0px;padding-top:0;padding-bottom:0\"><figure class=\"wp-block-media-text__media\"><img loading=\"lazy\" decoding=\"async\" width=\"1322\" height=\"1786\" src=\"https:\/\/www.readco-ai.eu\/files\/2025\/06\/FAU_R-Maloszek-1.jpg\" alt=\"\" class=\"wp-image-1386 size-full\" srcset=\"https:\/\/www.readco-ai.eu\/files\/2025\/06\/FAU_R-Maloszek-1.jpg 1322w, https:\/\/www.readco-ai.eu\/files\/2025\/06\/FAU_R-Maloszek-1-222x300.jpg 222w, https:\/\/www.readco-ai.eu\/files\/2025\/06\/FAU_R-Maloszek-1-758x1024.jpg 758w, https:\/\/www.readco-ai.eu\/files\/2025\/06\/FAU_R-Maloszek-1-768x1038.jpg 768w, https:\/\/www.readco-ai.eu\/files\/2025\/06\/FAU_R-Maloszek-1-1137x1536.jpg 1137w\" sizes=\"auto, (max-width: 1322px) 100vw, 1322px\" \/><\/figure><div class=\"wp-block-media-text__content\">\n<h3 class=\"wp-block-heading has-text-align-center is-style-no-margin-vertical has-gray-900-color has-text-color has-link-color has-xl-font-size wp-elements-48f573edb07000bd0cf7a843f21414d4\">Dr Ruth Maloszek<\/h3>\n\n\n\n<p class=\"has-text-align-center is-style-uppercase has-gray-color has-text-color has-link-color wp-elements-a89dd5ef3dba73f67e9a45782e83952d\">FAU Erlangen-N\u00fcrnberg<\/p>\n<\/div><\/div>\n<\/div>\n\n\n\n<div class=\"wp-block-column is-vertically-aligned-top\">\n<div class=\"wp-block-media-text is-stacked-on-mobile is-style-media-on-top has-white-color has-gray-100-background-color has-text-color has-background has-s-font-size\"><figure class=\"wp-block-media-text__media\"><img loading=\"lazy\" decoding=\"async\" width=\"298\" height=\"300\" src=\"https:\/\/www.readco-ai.eu\/files\/2025\/06\/FAU_I-Wunder.jpg\" alt=\"\" class=\"wp-image-1383 size-full\" srcset=\"https:\/\/www.readco-ai.eu\/files\/2025\/06\/FAU_I-Wunder.jpg 298w, https:\/\/www.readco-ai.eu\/files\/2025\/06\/FAU_I-Wunder-150x150.jpg 150w\" sizes=\"auto, (max-width: 298px) 100vw, 298px\" \/><\/figure><div class=\"wp-block-media-text__content\">\n<h3 class=\"wp-block-heading has-text-align-center is-style-no-margin-vertical has-gray-900-color has-text-color has-link-color has-xl-font-size wp-elements-a171ff4b68a96f6047230e7000b6816e\">Dr Iris Wunder<\/h3>\n\n\n\n<p class=\"has-text-align-center is-style-uppercase has-gray-color has-text-color has-link-color wp-elements-a89dd5ef3dba73f67e9a45782e83952d\">FAU Erlangen-N\u00fcrnberg<\/p>\n<\/div><\/div>\n<\/div>\n\n\n\n<div class=\"wp-block-column is-vertically-aligned-top\">\n<div class=\"wp-block-media-text is-stacked-on-mobile is-style-media-on-top has-white-color has-gray-100-background-color has-text-color has-background has-s-font-size\"><figure class=\"wp-block-media-text__media\"><img loading=\"lazy\" decoding=\"async\" width=\"500\" height=\"632\" src=\"https:\/\/www.readco-ai.eu\/files\/2025\/06\/Themeli_E-Themeli.jpg\" alt=\"\" class=\"wp-image-1388 size-full\" srcset=\"https:\/\/www.readco-ai.eu\/files\/2025\/06\/Themeli_E-Themeli.jpg 500w, https:\/\/www.readco-ai.eu\/files\/2025\/06\/Themeli_E-Themeli-237x300.jpg 237w\" sizes=\"auto, (max-width: 500px) 100vw, 500px\" \/><\/figure><div class=\"wp-block-media-text__content\">\n<h3 class=\"wp-block-heading has-text-align-center is-style-no-margin-vertical has-gray-900-color has-text-color has-link-color has-xl-font-size wp-elements-810aaa43af0527fb9f0a89eb0b77bbc0\">Eleni Themeli<\/h3>\n\n\n\n<p class=\"has-text-align-center is-style-uppercase has-gray-color has-text-color has-link-color wp-elements-182974a7e34d5580e3b2a87547ce1583\">Themeli &#8211; Diller ve Ara\u015ft\u0131rma Merkezi<\/p>\n<\/div><\/div>\n<\/div>\n\n\n\n<div class=\"wp-block-column is-vertically-aligned-top\">\n<div class=\"wp-block-media-text is-stacked-on-mobile is-style-media-on-top has-white-color has-gray-100-background-color has-text-color has-background has-s-font-size\"><figure class=\"wp-block-media-text__media\"><img loading=\"lazy\" decoding=\"async\" width=\"819\" height=\"1024\" src=\"https:\/\/www.readco-ai.eu\/files\/2025\/06\/Themeli_C-Themeli-819x1024.jpg\" alt=\"\" class=\"wp-image-1387 size-full\" srcset=\"https:\/\/www.readco-ai.eu\/files\/2025\/06\/Themeli_C-Themeli-819x1024.jpg 819w, https:\/\/www.readco-ai.eu\/files\/2025\/06\/Themeli_C-Themeli-240x300.jpg 240w, https:\/\/www.readco-ai.eu\/files\/2025\/06\/Themeli_C-Themeli-768x960.jpg 768w, https:\/\/www.readco-ai.eu\/files\/2025\/06\/Themeli_C-Themeli.jpg 972w\" sizes=\"auto, (max-width: 819px) 100vw, 819px\" \/><\/figure><div class=\"wp-block-media-text__content\">\n<h3 class=\"wp-block-heading has-text-align-center is-style-no-margin-vertical has-gray-900-color has-text-color has-link-color has-xl-font-size wp-elements-f8b242ddf9dfd9db9ce9df7a8174063d\"><strong><strong><strong>Dr Chryssa Themeli<\/strong><\/strong><\/strong><\/h3>\n\n\n\n<p class=\"has-text-align-center is-style-uppercase has-gray-color has-text-color has-link-color wp-elements-182974a7e34d5580e3b2a87547ce1583\">Themeli &#8211; Diller ve Ara\u015ft\u0131rma Merkezi<\/p>\n<\/div><\/div>\n<\/div>\n\n\n\n<div class=\"wp-block-column is-vertically-aligned-top\">\n<div class=\"wp-block-media-text is-stacked-on-mobile is-style-media-on-top has-white-color has-gray-100-background-color has-text-color has-background has-s-font-size\"><figure class=\"wp-block-media-text__media\"><img loading=\"lazy\" decoding=\"async\" width=\"436\" height=\"545\" src=\"https:\/\/www.readco-ai.eu\/files\/2025\/06\/Anadolu_A-Bozkurt.jpg\" alt=\"\" class=\"wp-image-1382 size-full\" srcset=\"https:\/\/www.readco-ai.eu\/files\/2025\/06\/Anadolu_A-Bozkurt.jpg 436w, https:\/\/www.readco-ai.eu\/files\/2025\/06\/Anadolu_A-Bozkurt-240x300.jpg 240w\" sizes=\"auto, (max-width: 436px) 100vw, 436px\" \/><\/figure><div class=\"wp-block-media-text__content\">\n<h3 class=\"wp-block-heading has-text-align-center is-style-no-margin-vertical has-gray-900-color has-text-color has-link-color has-xl-font-size wp-elements-084818e4096121272a909e986702bd38\"><strong><strong><strong><strong><strong><strong><strong><strong>Dr <strong><strong><strong><strong>Aras Bozkurt<\/strong><\/strong><\/strong><\/strong><\/strong><\/strong><\/strong><\/strong><\/strong><\/strong><\/strong><\/strong><\/h3>\n\n\n\n<p class=\"has-text-align-center is-style-uppercase has-gray-color has-text-color has-link-color wp-elements-5e821e0c9a35721cff574924f84200cd\">Anadolu \u00dcniversitesi<\/p>\n<\/div><\/div>\n<\/div>\n<\/div>\n<\/div>\n\n<div class=\"alignwide-wrap\" data-block=\"columns\">\n<div class=\"wp-block-columns alignwide\" style=\"padding-right:var(--wp--preset--spacing--50);padding-left:var(--wp--preset--spacing--50)\">\n<div class=\"wp-block-column\">\n<div class=\"wp-block-media-text is-stacked-on-mobile is-style-media-on-top has-white-color has-gray-100-background-color has-text-color has-background has-s-font-size\" style=\"grid-template-columns:85% auto\"><figure class=\"wp-block-media-text__media\"><img loading=\"lazy\" decoding=\"async\" width=\"247\" height=\"300\" src=\"https:\/\/www.readco-ai.eu\/files\/2025\/06\/Anadolu_H-Ucar.jpg\" alt=\"\" class=\"wp-image-1392 size-full\" \/><\/figure><div class=\"wp-block-media-text__content\">\n<h3 class=\"wp-block-heading has-text-align-center is-style-no-margin-vertical has-gray-900-color has-text-color has-link-color has-xl-font-size wp-elements-9290bbfdcf4bda4189477140ef1680f8\"><strong><strong><strong>Dr Hasan U\u00e7ar<\/strong><\/strong><\/strong><\/h3>\n\n\n\n<p class=\"has-text-align-center is-style-uppercase has-gray-color has-text-color has-link-color wp-elements-5e821e0c9a35721cff574924f84200cd\">Anadolu \u00dcniversitesi<\/p>\n<\/div><\/div>\n<\/div>\n\n\n\n<div class=\"wp-block-column\">\n<div class=\"wp-block-media-text is-stacked-on-mobile is-style-media-on-top has-white-color has-gray-100-background-color has-text-color has-background has-s-font-size\"><figure class=\"wp-block-media-text__media\"><img loading=\"lazy\" decoding=\"async\" width=\"500\" height=\"625\" src=\"https:\/\/www.readco-ai.eu\/files\/2025\/06\/Anadolu_H-Elibol.jpg\" alt=\"\" class=\"wp-image-1380 size-full\" srcset=\"https:\/\/www.readco-ai.eu\/files\/2025\/06\/Anadolu_H-Elibol.jpg 500w, https:\/\/www.readco-ai.eu\/files\/2025\/06\/Anadolu_H-Elibol-240x300.jpg 240w\" sizes=\"auto, (max-width: 500px) 100vw, 500px\" \/><\/figure><div class=\"wp-block-media-text__content\">\n<h3 class=\"wp-block-heading has-text-align-center is-style-no-margin-vertical has-gray-900-color has-text-color has-link-color has-xl-font-size wp-elements-fb8e02cb99b909eaab5ca8bdcbee1f66\"><strong><strong><strong><strong>Halil Elibol<\/strong><\/strong><\/strong><\/strong><\/h3>\n\n\n\n<p class=\"has-text-align-center is-style-uppercase has-gray-color has-text-color has-link-color wp-elements-5e821e0c9a35721cff574924f84200cd\">Anadolu \u00dcniversitesi<\/p>\n<\/div><\/div>\n<\/div>\n\n\n\n<div class=\"wp-block-column\">\n<div class=\"wp-block-media-text is-stacked-on-mobile is-style-media-on-top has-white-color has-gray-100-background-color has-text-color has-background has-s-font-size\"><figure class=\"wp-block-media-text__media\"><img loading=\"lazy\" decoding=\"async\" width=\"544\" height=\"701\" src=\"https:\/\/www.readco-ai.eu\/files\/2025\/06\/Anadolu_S-AniBozkurt.jpg\" alt=\"\" class=\"wp-image-1393 size-full\" srcset=\"https:\/\/www.readco-ai.eu\/files\/2025\/06\/Anadolu_S-AniBozkurt.jpg 544w, https:\/\/www.readco-ai.eu\/files\/2025\/06\/Anadolu_S-AniBozkurt-233x300.jpg 233w\" sizes=\"auto, (max-width: 544px) 100vw, 544px\" \/><\/figure><div class=\"wp-block-media-text__content\">\n<h3 class=\"wp-block-heading has-text-align-center is-style-no-margin-vertical has-gray-900-color has-text-color has-link-color has-xl-font-size wp-elements-e9f18759b228472344355ecf51e49d8e\"><strong><strong><strong><strong><strong>Dr Sunag\u00fcl Sani-Bozkurt<\/strong><\/strong><\/strong><\/strong><\/strong><\/h3>\n\n\n\n<p class=\"has-text-align-center is-style-uppercase has-gray-color has-text-color has-link-color wp-elements-5e821e0c9a35721cff574924f84200cd\">Anadolu \u00dcniversitesi<\/p>\n<\/div><\/div>\n<\/div>\n\n\n\n<div class=\"wp-block-column\">\n<div class=\"wp-block-media-text is-stacked-on-mobile is-style-media-on-top has-white-color has-gray-100-background-color has-text-color has-background has-s-font-size\"><figure class=\"wp-block-media-text__media\"><img loading=\"lazy\" decoding=\"async\" width=\"343\" height=\"425\" src=\"https:\/\/www.readco-ai.eu\/files\/2025\/06\/UoWA_E-Mouri.jpg\" alt=\"\" class=\"wp-image-1389 size-full\" srcset=\"https:\/\/www.readco-ai.eu\/files\/2025\/06\/UoWA_E-Mouri.jpg 343w, https:\/\/www.readco-ai.eu\/files\/2025\/06\/UoWA_E-Mouri-242x300.jpg 242w\" sizes=\"auto, (max-width: 343px) 100vw, 343px\" \/><\/figure><div class=\"wp-block-media-text__content\">\n<h3 class=\"wp-block-heading has-text-align-center is-style-no-margin-vertical has-gray-900-color has-text-color has-link-color has-xl-font-size wp-elements-0c3a12205c2674ad9114a48940e08d4a\">Dr Eleni Mouri<\/h3>\n\n\n\n<p class=\"has-text-align-center is-style-uppercase has-gray-color has-text-color has-link-color wp-elements-a0489a7d3fc8e430baacd334d5e53714\">Bat\u0131 Attika \u00dcniversitesi<\/p>\n<\/div><\/div>\n<\/div>\n\n\n\n<div class=\"wp-block-column\">\n<div class=\"wp-block-media-text is-stacked-on-mobile is-style-media-on-top has-white-color has-gray-100-background-color has-text-color has-background has-s-font-size\"><figure class=\"wp-block-media-text__media\"><img loading=\"lazy\" decoding=\"async\" width=\"500\" height=\"616\" src=\"https:\/\/www.readco-ai.eu\/files\/2025\/06\/UoWA_E-Tsampra.jpg\" alt=\"\" class=\"wp-image-1390 size-full\" srcset=\"https:\/\/www.readco-ai.eu\/files\/2025\/06\/UoWA_E-Tsampra.jpg 500w, https:\/\/www.readco-ai.eu\/files\/2025\/06\/UoWA_E-Tsampra-244x300.jpg 244w\" sizes=\"auto, (max-width: 500px) 100vw, 500px\" \/><\/figure><div class=\"wp-block-media-text__content\">\n<h3 class=\"wp-block-heading has-text-align-center is-style-no-margin-vertical has-gray-900-color has-text-color has-link-color has-xl-font-size wp-elements-201416d7bfb07893a92d3eb65bba9cf1\">Eleni Tsampra<\/h3>\n\n\n\n<p class=\"has-text-align-center is-style-uppercase has-gray-color has-text-color has-link-color wp-elements-a0489a7d3fc8e430baacd334d5e53714\">Bat\u0131 Attika \u00dcniversitesi<\/p>\n<\/div><\/div>\n<\/div>\n<\/div>\n<\/div>\n\n<div class=\"alignwide-wrap\" data-block=\"columns\">\n<div class=\"wp-block-columns alignwide\" style=\"padding-right:var(--wp--preset--spacing--50);padding-left:var(--wp--preset--spacing--50)\">\n<div class=\"wp-block-column\">\n<div class=\"wp-block-media-text is-stacked-on-mobile is-style-media-on-top has-white-color has-gray-100-background-color has-text-color has-background has-s-font-size\"><figure class=\"wp-block-media-text__media\"><img loading=\"lazy\" decoding=\"async\" width=\"500\" height=\"602\" src=\"https:\/\/www.readco-ai.eu\/files\/2025\/06\/Varna_A-Ivanova.jpg\" alt=\"\" class=\"wp-image-1391 size-full\" srcset=\"https:\/\/www.readco-ai.eu\/files\/2025\/06\/Varna_A-Ivanova.jpg 500w, https:\/\/www.readco-ai.eu\/files\/2025\/06\/Varna_A-Ivanova-249x300.jpg 249w\" sizes=\"auto, (max-width: 500px) 100vw, 500px\" \/><\/figure><div class=\"wp-block-media-text__content\">\n<h3 class=\"wp-block-heading has-text-align-center is-style-no-margin-vertical has-gray-900-color has-text-color has-link-color has-xl-font-size wp-elements-7b97c89e64dbd1e7c49f5652eb303c22\">Dr Antonina Ivanova<\/h3>\n\n\n\n<p class=\"has-text-align-center is-style-uppercase has-gray-color has-text-color has-link-color wp-elements-95205a07c49753bcd58e13274166bdcb\">Varna&nbsp;Free<br>Universitesi<\/p>\n<\/div><\/div>\n<\/div>\n\n\n\n<div class=\"wp-block-column\">\n<div class=\"wp-block-media-text is-stacked-on-mobile is-style-media-on-top has-white-color has-gray-100-background-color has-text-color has-background has-s-font-size\"><figure class=\"wp-block-media-text__media\"><img loading=\"lazy\" decoding=\"async\" width=\"429\" height=\"551\" src=\"https:\/\/www.readco-ai.eu\/files\/2025\/06\/image.png\" alt=\"\" class=\"wp-image-1394 size-full\" srcset=\"https:\/\/www.readco-ai.eu\/files\/2025\/06\/image.png 429w, https:\/\/www.readco-ai.eu\/files\/2025\/06\/image-234x300.png 234w\" sizes=\"auto, (max-width: 429px) 100vw, 429px\" \/><\/figure><div class=\"wp-block-media-text__content\">\n<h3 class=\"wp-block-heading has-text-align-center is-style-no-margin-vertical has-gray-900-color has-text-color has-link-color has-xl-font-size wp-elements-4954ad6449289db6f330ff969deb05a9\"><strong><strong><strong><strong><strong><strong><strong><strong><strong>Aleksandar Maznev<\/strong><\/strong><\/strong><\/strong><\/strong><\/strong><\/strong><\/strong><\/strong><\/h3>\n\n\n\n<p class=\"has-text-align-center is-style-uppercase has-gray-color has-text-color has-link-color wp-elements-95205a07c49753bcd58e13274166bdcb\">Varna&nbsp;Free<br>Universitesi<\/p>\n<\/div><\/div>\n<\/div>\n\n\n\n<div class=\"wp-block-column\">\n<div class=\"wp-block-media-text is-stacked-on-mobile is-style-media-on-top has-white-color has-gray-100-background-color has-text-color has-background has-s-font-size\"><figure class=\"wp-block-media-text__media\"><img loading=\"lazy\" decoding=\"async\" width=\"413\" height=\"413\" src=\"https:\/\/www.readco-ai.eu\/files\/2025\/06\/image-1.png\" alt=\"\" class=\"wp-image-1395 size-full\" srcset=\"https:\/\/www.readco-ai.eu\/files\/2025\/06\/image-1.png 413w, https:\/\/www.readco-ai.eu\/files\/2025\/06\/image-1-300x300.png 300w, https:\/\/www.readco-ai.eu\/files\/2025\/06\/image-1-150x150.png 150w\" sizes=\"auto, (max-width: 413px) 100vw, 413px\" \/><\/figure><div class=\"wp-block-media-text__content\">\n<h3 class=\"wp-block-heading has-text-align-center is-style-no-margin-vertical has-gray-900-color has-text-color has-link-color has-xl-font-size wp-elements-08e584b78a6e86ede3181aaa41739d69\"><strong><strong><strong><strong><strong><strong><strong><strong><strong><strong><strong><strong><strong><strong><strong><strong>Georgi Blazhev<\/strong><\/strong><\/strong><\/strong><\/strong><\/strong><\/strong><\/strong><\/strong><\/strong><\/strong><\/strong><\/strong><\/strong><\/strong><\/strong><\/h3>\n\n\n\n<p class=\"has-text-align-center is-style-uppercase has-gray-color has-text-color has-link-color wp-elements-95205a07c49753bcd58e13274166bdcb\">Varna&nbsp;Free<br>Universitesi<\/p>\n<\/div><\/div>\n<\/div>\n\n\n\n<div class=\"wp-block-column\">\n<div class=\"wp-block-media-text is-stacked-on-mobile is-style-media-on-top has-white-color has-gray-100-background-color has-text-color has-background has-s-font-size\"><figure class=\"wp-block-media-text__media\"><img loading=\"lazy\" decoding=\"async\" width=\"683\" height=\"1024\" src=\"https:\/\/www.readco-ai.eu\/files\/2026\/03\/Teodora-Bakardjieva-683x1024.jpg\" alt=\"\" class=\"wp-image-2828 size-full\" srcset=\"https:\/\/www.readco-ai.eu\/files\/2026\/03\/Teodora-Bakardjieva-683x1024.jpg 683w, https:\/\/www.readco-ai.eu\/files\/2026\/03\/Teodora-Bakardjieva-200x300.jpg 200w, https:\/\/www.readco-ai.eu\/files\/2026\/03\/Teodora-Bakardjieva-768x1152.jpg 768w, https:\/\/www.readco-ai.eu\/files\/2026\/03\/Teodora-Bakardjieva-1024x1536.jpg 1024w, https:\/\/www.readco-ai.eu\/files\/2026\/03\/Teodora-Bakardjieva-1365x2048.jpg 1365w, https:\/\/www.readco-ai.eu\/files\/2026\/03\/Teodora-Bakardjieva-scaled.jpg 1707w\" sizes=\"auto, (max-width: 683px) 100vw, 683px\" \/><\/figure><div class=\"wp-block-media-text__content\">\n<h3 class=\"wp-block-heading has-text-align-center is-style-no-margin-vertical has-gray-900-color has-text-color has-link-color has-xl-font-size wp-elements-d74e10b9eca9570369a1b1330e2b89a7\"><strong><strong><strong><strong><strong><strong><strong><strong><strong><strong><strong><strong><strong><strong><strong><strong>Prof. Teodora Ivanova <\/strong><\/strong><\/strong><\/strong><\/strong><\/strong><\/strong><\/strong><\/strong><\/strong><\/strong><\/strong><\/strong><\/strong><\/strong><\/strong><\/h3>\n\n\n\n<p class=\"has-text-align-center is-style-uppercase has-gray-color has-text-color has-link-color wp-elements-95205a07c49753bcd58e13274166bdcb\">Varna&nbsp;Free<br>Universitesi<\/p>\n<\/div><\/div>\n<\/div>\n\n\n\n<div class=\"wp-block-column\">\n<div class=\"wp-block-media-text is-stacked-on-mobile is-style-media-on-top has-white-color has-gray-100-background-color has-text-color has-background has-s-font-size\"><figure class=\"wp-block-media-text__media\"><img loading=\"lazy\" decoding=\"async\" width=\"748\" height=\"997\" src=\"https:\/\/www.readco-ai.eu\/files\/2026\/01\/selin.jpg\" alt=\"\" class=\"wp-image-2208 size-full\" srcset=\"https:\/\/www.readco-ai.eu\/files\/2026\/01\/selin.jpg 748w, https:\/\/www.readco-ai.eu\/files\/2026\/01\/selin-225x300.jpg 225w\" sizes=\"auto, (max-width: 748px) 100vw, 748px\" \/><\/figure><div class=\"wp-block-media-text__content\">\n<h3 class=\"wp-block-heading has-text-align-center is-style-no-margin-vertical has-gray-900-color has-text-color has-link-color has-xl-font-size wp-elements-fc3e090c0ba01b0edb26f4a85f853296\"><strong><strong><strong><strong><strong><strong><strong><strong><strong><strong><strong><strong><strong><strong><strong><strong>N. Selin \u00c7\u00f6pgeven<\/strong><\/strong><\/strong><\/strong><\/strong><\/strong><\/strong><\/strong><\/strong><\/strong><\/strong><\/strong><\/strong><\/strong><\/strong><\/strong><\/h3>\n\n\n\n<p class=\"has-text-align-center is-style-uppercase has-gray-color has-text-color has-link-color wp-elements-5e821e0c9a35721cff574924f84200cd\">Anadolu \u00dcniversitesi<\/p>\n<\/div><\/div>\n<\/div>\n\n\n\n<div class=\"wp-block-column\">\n<div class=\"wp-block-media-text is-stacked-on-mobile is-style-media-on-top has-white-color has-gray-100-background-color has-text-color has-background has-s-font-size\"><figure class=\"wp-block-media-text__media\"><img loading=\"lazy\" decoding=\"async\" width=\"800\" height=\"800\" src=\"https:\/\/www.readco-ai.eu\/files\/2026\/01\/1753425092943.png\" alt=\"\" class=\"wp-image-2212 size-full\" srcset=\"https:\/\/www.readco-ai.eu\/files\/2026\/01\/1753425092943.png 800w, https:\/\/www.readco-ai.eu\/files\/2026\/01\/1753425092943-300x300.png 300w, https:\/\/www.readco-ai.eu\/files\/2026\/01\/1753425092943-150x150.png 150w, https:\/\/www.readco-ai.eu\/files\/2026\/01\/1753425092943-768x768.png 768w\" sizes=\"auto, (max-width: 800px) 100vw, 800px\" \/><\/figure><div class=\"wp-block-media-text__content\">\n<h3 class=\"wp-block-heading has-text-align-center is-style-no-margin-vertical has-gray-900-color has-text-color has-link-color has-xl-font-size wp-elements-ffff2dc79dd82fe98f2d9ed6d6ae62c2\"><strong><strong><strong><strong><strong><strong><strong><strong><strong><strong><strong><strong><strong><strong><strong><strong>Hamza Sohail<\/strong><\/strong><\/strong><\/strong><\/strong><\/strong><\/strong><\/strong><\/strong><\/strong><\/strong><\/strong><\/strong><\/strong><\/strong><\/strong><\/h3>\n\n\n\n<p class=\"has-text-align-center is-style-uppercase has-gray-color has-text-color has-link-color wp-elements-a89dd5ef3dba73f67e9a45782e83952d\">FAU Erlangen-N\u00fcrnberg<\/p>\n<\/div><\/div>\n<\/div>\n<\/div>\n<\/div><\/div>\n<\/div><\/div><\/div>\n","protected":false},"excerpt":{"rendered":"<div class=\"entry-summary\">\nEkibimiz Be\u015f kurumdan ve d\u00f6rt farkl\u0131 \u00fclkeden &#8211; Bulgaristan, Yunanistan, Almanya ve T\u00fcrkiye \u2013 ara\u015ft\u0131rmac\u0131lar Dr Ruth Maloszek FAU Erlangen-N\u00fcrnberg Dr Iris Wunder FAU Erlangen-N\u00fcrnberg Eleni Themeli Themeli &#8211; Diller ve Ara\u015ft\u0131rma&hellip;\n<\/div>\n<div class=\"link-more-container\"><a href=\"https:\/\/www.readco-ai.eu\/tr\/team\/\" class=\"link-more button\" aria-label=\"Continue reading Ekip\">Continue reading&hellip;<\/a><\/div>\n","protected":false},"author":1720,"featured_media":0,"parent":0,"menu_order":0,"comment_status":"closed","ping_status":"closed","template":"","meta":{"_rrze_cache":"enabled","_rrze_multilang_single_locale":"tr_TR","_rrze_multilang_single_source":"https:\/\/www.readco-ai.eu\/?page_id=1398","footnotes":""},"page_category":[14],"page_tag":[],"class_list":["post-1657","page","type-page","status-publish","hentry","page_category-general","tr-TR","entry","entry-type-page"],"_links":{"self":[{"href":"https:\/\/www.readco-ai.eu\/wp-json\/wp\/v2\/pages\/1657","targetHints":{"allow":["GET"]}}],"collection":[{"href":"https:\/\/www.readco-ai.eu\/wp-json\/wp\/v2\/pages"}],"about":[{"href":"https:\/\/www.readco-ai.eu\/wp-json\/wp\/v2\/types\/page"}],"author":[{"embeddable":true,"href":"https:\/\/www.readco-ai.eu\/wp-json\/wp\/v2\/users\/1720"}],"replies":[{"embeddable":true,"href":"https:\/\/www.readco-ai.eu\/wp-json\/wp\/v2\/comments?post=1657"}],"version-history":[{"count":4,"href":"https:\/\/www.readco-ai.eu\/wp-json\/wp\/v2\/pages\/1657\/revisions"}],"predecessor-version":[{"id":2857,"href":"https:\/\/www.readco-ai.eu\/wp-json\/wp\/v2\/pages\/1657\/revisions\/2857"}],"wp:attachment":[{"href":"https:\/\/www.readco-ai.eu\/wp-json\/wp\/v2\/media?parent=1657"}],"wp:term":[{"taxonomy":"page_category","embeddable":true,"href":"https:\/\/www.readco-ai.eu\/wp-json\/wp\/v2\/page_category?post=1657"},{"taxonomy":"page_tag","embeddable":true,"href":"https:\/\/www.readco-ai.eu\/wp-json\/wp\/v2\/page_tag?post=1657"}],"curies":[{"name":"wp","href":"https:\/\/api.w.org\/{rel}","templated":true}]}}