{"id":1660,"date":"2025-07-09T15:56:33","date_gmt":"2025-07-09T13:56:33","guid":{"rendered":"https:\/\/www.readco-ai.eu\/?page_id=1660"},"modified":"2025-08-31T16:28:18","modified_gmt":"2025-08-31T14:28:18","slug":"contact","status":"publish","type":"page","link":"https:\/\/www.readco-ai.eu\/tr\/contact\/","title":{"rendered":"\u0130leti\u015fim"},"content":{"rendered":"\n<div style=\"height:110px\" aria-hidden=\"true\" class=\"wp-block-spacer\"><\/div>\n\n\n\n<div class=\"wp-block-group\" style=\"border-radius:10px;padding-top:0;padding-right:var(--wp--preset--spacing--40);padding-bottom:0;padding-left:var(--wp--preset--spacing--40)\"><div class=\"wp-block-group__inner-container is-layout-constrained wp-container-core-group-is-layout-da470a24 wp-block-group-is-layout-constrained\">\n<p><strong><strong>Siz<\/strong>&#8230;<\/strong><\/p>\n\n\n\n<p>&#8230; bu proje hakk\u0131nda sorular\u0131n\u0131z var m\u0131?<br>&#8230; ekibimiz hakk\u0131nda daha fazla bilgi edinmek ister misiniz?<br>&#8230; bu sayfada arad\u0131\u011f\u0131n\u0131z\u0131 bulam\u0131yor musunuz?<\/p>\n<\/div><\/div>\n\n\n\n<div style=\"height:50px\" aria-hidden=\"true\" class=\"wp-block-spacer\"><\/div>\n\n\n\n<div class=\"wp-block-group has-gray-100-background-color has-background\" style=\"border-width:2px;border-radius:10px;padding-top:var(--wp--preset--spacing--20);padding-right:var(--wp--preset--spacing--20);padding-bottom:var(--wp--preset--spacing--20);padding-left:var(--wp--preset--spacing--20)\"><div class=\"wp-block-group__inner-container is-layout-constrained wp-container-core-group-is-layout-c385debf wp-block-group-is-layout-constrained\"><form action=\"https:\/\/www.readco-ai.eu\/wp-json\/ws-form\/v1\/submit\" class=\"wsf-form wsf-form-canvas\" id=\"ws-form-1\" data-id=\"11\" method=\"POST\" data-instance-id=\"1\" data-wsf-style-id=\"1\"><\/form><\/div><\/div>\n","protected":false},"excerpt":{"rendered":"<div class=\"entry-summary\">\nSiz&#8230; &#8230; bu proje hakk\u0131nda sorular\u0131n\u0131z var m\u0131?&#8230; ekibimiz hakk\u0131nda daha fazla bilgi edinmek ister misiniz?&#8230; bu sayfada arad\u0131\u011f\u0131n\u0131z\u0131 bulam\u0131yor musunuz?\n<\/div>\n<div class=\"link-more-container\"><a href=\"https:\/\/www.readco-ai.eu\/tr\/contact\/\" class=\"link-more button\" aria-label=\"Continue reading \u0130leti\u015fim\">Continue reading&hellip;<\/a><\/div>\n","protected":false},"author":1720,"featured_media":0,"parent":0,"menu_order":0,"comment_status":"closed","ping_status":"closed","template":"","meta":{"_rrze_cache":"enabled","_rrze_multilang_single_locale":"tr_TR","_rrze_multilang_single_source":"https:\/\/www.readco-ai.eu\/?page_id=385","footnotes":""},"page_category":[],"page_tag":[],"class_list":["post-1660","page","type-page","status-publish","hentry","tr-TR","entry","entry-type-page"],"_links":{"self":[{"href":"https:\/\/www.readco-ai.eu\/wp-json\/wp\/v2\/pages\/1660","targetHints":{"allow":["GET"]}}],"collection":[{"href":"https:\/\/www.readco-ai.eu\/wp-json\/wp\/v2\/pages"}],"about":[{"href":"https:\/\/www.readco-ai.eu\/wp-json\/wp\/v2\/types\/page"}],"author":[{"embeddable":true,"href":"https:\/\/www.readco-ai.eu\/wp-json\/wp\/v2\/users\/1720"}],"replies":[{"embeddable":true,"href":"https:\/\/www.readco-ai.eu\/wp-json\/wp\/v2\/comments?post=1660"}],"version-history":[{"count":3,"href":"https:\/\/www.readco-ai.eu\/wp-json\/wp\/v2\/pages\/1660\/revisions"}],"predecessor-version":[{"id":2001,"href":"https:\/\/www.readco-ai.eu\/wp-json\/wp\/v2\/pages\/1660\/revisions\/2001"}],"wp:attachment":[{"href":"https:\/\/www.readco-ai.eu\/wp-json\/wp\/v2\/media?parent=1660"}],"wp:term":[{"taxonomy":"page_category","embeddable":true,"href":"https:\/\/www.readco-ai.eu\/wp-json\/wp\/v2\/page_category?post=1660"},{"taxonomy":"page_tag","embeddable":true,"href":"https:\/\/www.readco-ai.eu\/wp-json\/wp\/v2\/page_tag?post=1660"}],"curies":[{"name":"wp","href":"https:\/\/api.w.org\/{rel}","templated":true}]}}